{"id":2075,"date":"2025-02-05T14:06:47","date_gmt":"2025-02-05T14:06:47","guid":{"rendered":"https:\/\/generales.uprrp.edu\/concentracion-mujer-genero\/?page_id=2075"},"modified":"2025-02-05T14:06:47","modified_gmt":"2025-02-05T14:06:47","slug":"vision-y-filosofia","status":"publish","type":"page","link":"https:\/\/generales.uprrp.edu\/concentracion-mujer-genero\/vision-y-filosofia\/","title":{"rendered":"Visi\u00f3n y Filosof\u00eda"},"content":{"rendered":"<p><strong>Estudios de Mujer y G\u00e9nero<\/strong> procura que sus estudiantes conozcan los debates en torno a las estructuras, los saberes y las pr\u00e1cticas de poder que reproducen la relaci\u00f3n compleja entre <strong>g\u00e9nero, clase, cultura, raza, orientaci\u00f3n sexual..<\/strong><\/p>\n<p>Como parte de dicho proceder se procura acercar al estudiantado al an\u00e1lisis de sus propias experiencias y subjetividades, as\u00ed como al <strong>cuestionamiento y reconocimiento de sus cuerpos, voces, visiones y movimientos como entes sociales, racializados, generizados, sexualizados, entre otras diversidades.<\/strong><\/p>\n<p>De este modo, la teor\u00eda y la pr\u00e1ctica se entrecruzan, forjando un espacio m\u00faltiple y transversal para el an\u00e1lisis, la reflexi\u00f3n, la experimentaci\u00f3n, la acci\u00f3n y la creaci\u00f3n.<\/p>\n","protected":false},"excerpt":{"rendered":"<p>Estudios de Mujer y G\u00e9nero procura que sus estudiantes conozcan los debates en torno a las estructuras, los saberes y las pr\u00e1cticas de poder que reproducen la relaci\u00f3n compleja entre g\u00e9nero, clase, cultura, raza, orientaci\u00f3n sexual.. Como parte de dicho proceder se procura acercar al estudiantado al an\u00e1lisis de sus propias experiencias y subjetividades, as\u00ed<\/p>\n","protected":false},"author":11,"featured_media":0,"parent":0,"menu_order":0,"comment_status":"closed","ping_status":"closed","template":"","meta":{"footnotes":""},"class_list":["post-2075","page","type-page","status-publish"],"_links":{"self":[{"href":"https:\/\/generales.uprrp.edu\/concentracion-mujer-genero\/wp-json\/wp\/v2\/pages\/2075","targetHints":{"allow":["GET"]}}],"collection":[{"href":"https:\/\/generales.uprrp.edu\/concentracion-mujer-genero\/wp-json\/wp\/v2\/pages"}],"about":[{"href":"https:\/\/generales.uprrp.edu\/concentracion-mujer-genero\/wp-json\/wp\/v2\/types\/page"}],"author":[{"embeddable":true,"href":"https:\/\/generales.uprrp.edu\/concentracion-mujer-genero\/wp-json\/wp\/v2\/users\/11"}],"replies":[{"embeddable":true,"href":"https:\/\/generales.uprrp.edu\/concentracion-mujer-genero\/wp-json\/wp\/v2\/comments?post=2075"}],"version-history":[{"count":1,"href":"https:\/\/generales.uprrp.edu\/concentracion-mujer-genero\/wp-json\/wp\/v2\/pages\/2075\/revisions"}],"predecessor-version":[{"id":2076,"href":"https:\/\/generales.uprrp.edu\/concentracion-mujer-genero\/wp-json\/wp\/v2\/pages\/2075\/revisions\/2076"}],"wp:attachment":[{"href":"https:\/\/generales.uprrp.edu\/concentracion-mujer-genero\/wp-json\/wp\/v2\/media?parent=2075"}],"curies":[{"name":"wp","href":"https:\/\/api.w.org\/{rel}","templated":true}]}}