{"id":2068,"date":"2025-02-04T20:25:28","date_gmt":"2025-02-04T20:25:28","guid":{"rendered":"https:\/\/generales.uprrp.edu\/concentracion-mujer-genero\/?page_id=2068"},"modified":"2025-09-10T18:37:00","modified_gmt":"2025-09-10T18:37:00","slug":"oferta-academica","status":"publish","type":"page","link":"https:\/\/generales.uprrp.edu\/concentracion-mujer-genero\/oferta-academica\/","title":{"rendered":"Oferta Acad\u00e9mica"},"content":{"rendered":"<div dir=\"ltr\">\n<h4>La Concentraci\u00f3n Menor en Estudios de Mujer y G\u00e9nero del Bachillerato en Artes en Estudios Generales (EMG) consiste de 15 cr\u00e9ditos: <strong>3 cursos medulares (requisitos) + 2 cursos electivos<\/strong><\/h4>\n<p>&nbsp;<\/p>\n<p><strong>Los tres cursos medulares\/requisitos (subt\u00edtulos var\u00edan por semestre):\u00a0<\/strong>(9 cr\u00e9ditos)<\/p>\n<p>INTD 3036 Teor\u00edas y Metodolog\u00edas Feministas\u00a0(curso sombrilla)<\/p>\n<p>INTD 3045 Debates de G\u00e9nero (curso sombrilla)<\/p>\n<p>INTD 5115 Seminario Avanzado en Investigaci\u00f3n (curso sombrilla) (Prerequisito: INTD 3036 o INTD 3045)<\/p>\n<p><strong>Cursos electivos (oferta y subt\u00edtulos var\u00edan por semestre)<\/strong>: (6 cr\u00e9ditos)<\/p>\n<p>INTD 3035 Seminario sobre historia, mujer y g\u00e9nero<\/p>\n<p>INTD 3037 G\u00e9nero y performance<\/p>\n<p>INTD 3046 Escrituras femeninas<\/p>\n<p>INTD 3055 Introducci\u00f3n a los estudios de la masculinidad<\/p>\n<p>INTD 3999 Estudio independiente sobre temas y problemas de g\u00e9nero (curso sombrilla)<\/p>\n<p>INTD 4046 Pol\u00edticas del cuerpo<\/p>\n<p>INTD 4990 G\u00e9nero, sexualidades y escritura (curso sombrilla)<\/p>\n<p>INTD 4991 Pr\u00e1cticas del cuerpo (curso sombrilla)<\/p>\n<p>INTD 4992\/EDFU 4992 G\u00e9nero y educaci\u00f3n (curso sombrilla)<\/p>\n<p>INTD 4993 Seminario de estudios de g\u00e9nero y visualidades (curso sombrilla)<\/p>\n<p>INTD 4997 G\u00e9nero y filosof\u00eda (curso sombrilla)<\/p>\n<p>INTD 4999 Seminario de lecturas en estudios de g\u00e9nero (curso sombrilla)<\/p>\n<p>INTD 4895 Seminario sobre g\u00e9nero en el contexto mundial (aprobado\/no aprobado) (curso sombrilla)<\/p>\n<p>&nbsp;<\/p>\n<p>*Los cursos sombrillas se pueden tomar hasta un m\u00e1ximo de tres veces, sin permiso especial.<\/p>\n<p>*Las becas y ayudas econ\u00f3micas cubren estos cursos.<\/p>\n<p>Lista de nuestros cursos en pdf\u2192\u00a0<a href=\"https:\/\/generales.uprrp.edu\/concentracion-mujer-genero\/wp-content\/uploads\/sites\/10\/2023\/08\/Cursos-Concentracion-Menor-2023.pdf\" target=\"_blank\" rel=\"noopener\">Cursos Concentraci\u00f3n Menor (2023)<\/a><\/p>\n<\/div>\n<p><img decoding=\"async\" class=\" wp-image-1965 alignleft\" src=\"https:\/\/generales.uprrp.edu\/concentracion-mujer-genero\/wp-content\/uploads\/sites\/10\/2023\/09\/Concentracio\u0301n-Menor-en-Estudios-de-la-Mujer-y-Ge\u0301nero-logo-300x225.png\" alt=\"\" width=\"228\" height=\"171\" srcset=\"https:\/\/generales.uprrp.edu\/concentracion-mujer-genero\/wp-content\/uploads\/sites\/10\/2023\/09\/Concentracio\u0301n-Menor-en-Estudios-de-la-Mujer-y-Ge\u0301nero-logo-300x225.png 300w, https:\/\/generales.uprrp.edu\/concentracion-mujer-genero\/wp-content\/uploads\/sites\/10\/2023\/09\/Concentracio\u0301n-Menor-en-Estudios-de-la-Mujer-y-Ge\u0301nero-logo-150x113.png 150w, https:\/\/generales.uprrp.edu\/concentracion-mujer-genero\/wp-content\/uploads\/sites\/10\/2023\/09\/Concentracio\u0301n-Menor-en-Estudios-de-la-Mujer-y-Ge\u0301nero-logo-450x338.png 450w, https:\/\/generales.uprrp.edu\/concentracion-mujer-genero\/wp-content\/uploads\/sites\/10\/2023\/09\/Concentracio\u0301n-Menor-en-Estudios-de-la-Mujer-y-Ge\u0301nero-logo-768x576.png 768w, https:\/\/generales.uprrp.edu\/concentracion-mujer-genero\/wp-content\/uploads\/sites\/10\/2023\/09\/Concentracio\u0301n-Menor-en-Estudios-de-la-Mujer-y-Ge\u0301nero-logo.png 1024w, https:\/\/generales.uprrp.edu\/concentracion-mujer-genero\/wp-content\/uploads\/sites\/10\/2023\/09\/Concentracio\u0301n-Menor-en-Estudios-de-la-Mujer-y-Ge\u0301nero-logo-300x225@2x.png 600w\" sizes=\"(max-width: 228px) 100vw, 228px\" \/><\/p>\n","protected":false},"excerpt":{"rendered":"<p>La Concentraci\u00f3n Menor en Estudios de Mujer y G\u00e9nero del Bachillerato en Artes en Estudios Generales (EMG) consiste de 15 cr\u00e9ditos: 3 cursos medulares (requisitos) + 2 cursos electivos &nbsp; Los tres cursos medulares\/requisitos (subt\u00edtulos var\u00edan por semestre):\u00a0(9 cr\u00e9ditos) INTD 3036 Teor\u00edas y Metodolog\u00edas Feministas\u00a0(curso sombrilla) INTD 3045 Debates de G\u00e9nero (curso sombrilla) INTD 5115<\/p>\n","protected":false},"author":11,"featured_media":0,"parent":0,"menu_order":0,"comment_status":"closed","ping_status":"closed","template":"","meta":{"footnotes":""},"class_list":["post-2068","page","type-page","status-publish"],"_links":{"self":[{"href":"https:\/\/generales.uprrp.edu\/concentracion-mujer-genero\/wp-json\/wp\/v2\/pages\/2068","targetHints":{"allow":["GET"]}}],"collection":[{"href":"https:\/\/generales.uprrp.edu\/concentracion-mujer-genero\/wp-json\/wp\/v2\/pages"}],"about":[{"href":"https:\/\/generales.uprrp.edu\/concentracion-mujer-genero\/wp-json\/wp\/v2\/types\/page"}],"author":[{"embeddable":true,"href":"https:\/\/generales.uprrp.edu\/concentracion-mujer-genero\/wp-json\/wp\/v2\/users\/11"}],"replies":[{"embeddable":true,"href":"https:\/\/generales.uprrp.edu\/concentracion-mujer-genero\/wp-json\/wp\/v2\/comments?post=2068"}],"version-history":[{"count":2,"href":"https:\/\/generales.uprrp.edu\/concentracion-mujer-genero\/wp-json\/wp\/v2\/pages\/2068\/revisions"}],"predecessor-version":[{"id":2082,"href":"https:\/\/generales.uprrp.edu\/concentracion-mujer-genero\/wp-json\/wp\/v2\/pages\/2068\/revisions\/2082"}],"wp:attachment":[{"href":"https:\/\/generales.uprrp.edu\/concentracion-mujer-genero\/wp-json\/wp\/v2\/media?parent=2068"}],"curies":[{"name":"wp","href":"https:\/\/api.w.org\/{rel}","templated":true}]}}