{"id":2037,"date":"2025-02-03T15:37:11","date_gmt":"2025-02-03T15:37:11","guid":{"rendered":"https:\/\/generales.uprrp.edu\/concentracion-mujer-genero\/?page_id=2037"},"modified":"2025-10-28T15:17:57","modified_gmt":"2025-10-28T15:17:57","slug":"afu","status":"publish","type":"page","link":"https:\/\/generales.uprrp.edu\/concentracion-mujer-genero\/afu\/","title":{"rendered":"Asociaci\u00f3n Feminista Universitaria"},"content":{"rendered":"\t\t<div data-elementor-type=\"wp-page\" data-elementor-id=\"2037\" class=\"elementor elementor-2037\">\n\t\t\t\t\t\t<section class=\"elementor-section elementor-top-section elementor-element elementor-element-64b961c elementor-section-boxed elementor-section-height-default elementor-section-height-default\" data-id=\"64b961c\" data-element_type=\"section\" data-e-type=\"section\">\n\t\t\t\t\t\t<div class=\"elementor-container elementor-column-gap-default\">\n\t\t\t\t\t<div class=\"elementor-column elementor-col-100 elementor-top-column elementor-element elementor-element-b8ba820\" data-id=\"b8ba820\" data-element_type=\"column\" data-e-type=\"column\">\n\t\t\t<div class=\"elementor-widget-wrap elementor-element-populated\">\n\t\t\t\t\t\t<div class=\"elementor-element elementor-element-161bf51 elementor-arrows-position-inside elementor-widget elementor-widget-image-carousel\" data-id=\"161bf51\" data-element_type=\"widget\" data-e-type=\"widget\" data-settings=\"{&quot;slides_to_show&quot;:&quot;1&quot;,&quot;navigation&quot;:&quot;arrows&quot;,&quot;autoplay&quot;:&quot;yes&quot;,&quot;pause_on_hover&quot;:&quot;yes&quot;,&quot;pause_on_interaction&quot;:&quot;yes&quot;,&quot;autoplay_speed&quot;:5000,&quot;infinite&quot;:&quot;yes&quot;,&quot;effect&quot;:&quot;slide&quot;,&quot;speed&quot;:500}\" data-widget_type=\"image-carousel.default\">\n\t\t\t\t<div class=\"elementor-widget-container\">\n\t\t\t\t\t\t\t<div class=\"elementor-image-carousel-wrapper swiper\" role=\"region\" aria-roledescription=\"carousel\" aria-label=\"Image Carousel\" dir=\"ltr\">\n\t\t\t<div class=\"elementor-image-carousel swiper-wrapper\" aria-live=\"off\">\n\t\t\t\t\t\t\t\t<div class=\"swiper-slide\" role=\"group\" aria-roledescription=\"slide\" aria-label=\"1 of 4\"><figure class=\"swiper-slide-inner\"><img decoding=\"async\" class=\"swiper-slide-image\" src=\"https:\/\/generales.uprrp.edu\/concentracion-mujer-genero\/wp-content\/uploads\/sites\/10\/2025\/02\/afu1-1-1024x768.jpeg\" alt=\"afu1\" \/><\/figure><\/div><div class=\"swiper-slide\" role=\"group\" aria-roledescription=\"slide\" aria-label=\"2 of 4\"><figure class=\"swiper-slide-inner\"><img decoding=\"async\" class=\"swiper-slide-image\" src=\"https:\/\/generales.uprrp.edu\/concentracion-mujer-genero\/wp-content\/uploads\/sites\/10\/2025\/02\/afu2-1024x768.jpeg\" alt=\"afu2\" \/><\/figure><\/div><div class=\"swiper-slide\" role=\"group\" aria-roledescription=\"slide\" aria-label=\"3 of 4\"><figure class=\"swiper-slide-inner\"><img decoding=\"async\" class=\"swiper-slide-image\" src=\"https:\/\/generales.uprrp.edu\/concentracion-mujer-genero\/wp-content\/uploads\/sites\/10\/2025\/02\/afu4-1024x768.jpeg\" alt=\"afu4\" \/><\/figure><\/div><div class=\"swiper-slide\" role=\"group\" aria-roledescription=\"slide\" aria-label=\"4 of 4\"><figure class=\"swiper-slide-inner\"><img decoding=\"async\" class=\"swiper-slide-image\" src=\"https:\/\/generales.uprrp.edu\/concentracion-mujer-genero\/wp-content\/uploads\/sites\/10\/2025\/02\/afu3-1024x768.jpeg\" alt=\"afu3\" \/><\/figure><\/div>\t\t\t<\/div>\n\t\t\t\t\t\t\t\t\t\t\t\t<div class=\"elementor-swiper-button elementor-swiper-button-prev\" role=\"button\" tabindex=\"0\">\n\t\t\t\t\t\t<i aria-hidden=\"true\" class=\"eicon-chevron-left\"><\/i>\t\t\t\t\t<\/div>\n\t\t\t\t\t<div class=\"elementor-swiper-button elementor-swiper-button-next\" role=\"button\" tabindex=\"0\">\n\t\t\t\t\t\t<i aria-hidden=\"true\" class=\"eicon-chevron-right\"><\/i>\t\t\t\t\t<\/div>\n\t\t\t\t\n\t\t\t\t\t\t\t\t\t<\/div>\n\t\t\t\t\t\t<\/div>\n\t\t\t\t<\/div>\n\t\t\t\t\t<\/div>\n\t\t<\/div>\n\t\t\t\t\t<\/div>\n\t\t<\/section>\n\t\t\t\t<section class=\"elementor-section elementor-top-section elementor-element elementor-element-7a8dbdb elementor-section-boxed elementor-section-height-default elementor-section-height-default\" data-id=\"7a8dbdb\" data-element_type=\"section\" data-e-type=\"section\">\n\t\t\t\t\t\t<div class=\"elementor-container elementor-column-gap-default\">\n\t\t\t\t\t<div class=\"elementor-column elementor-col-100 elementor-top-column elementor-element elementor-element-3d6aab4\" data-id=\"3d6aab4\" data-element_type=\"column\" data-e-type=\"column\">\n\t\t\t<div class=\"elementor-widget-wrap elementor-element-populated\">\n\t\t\t\t\t\t<div class=\"elementor-element elementor-element-0672f0e elementor-widget elementor-widget-text-editor\" data-id=\"0672f0e\" data-element_type=\"widget\" data-e-type=\"widget\" data-widget_type=\"text-editor.default\">\n\t\t\t\t<div class=\"elementor-widget-container\">\n\t\t\t\t\t\t\t\t\t<p><strong>\u00bfQui\u00e9nes somos?<\/strong><strong>\u00a0<\/strong><\/p><p>Somos una grupa de estudiantes lideradxs por integrantes de la Concentraci\u00f3n Menor en Estudios de G\u00e9nero, que busca crear y fomentar espacios inclusivos de di\u00e1logo, discusi\u00f3n y activismo en la UPR-R\u00edo Piedras. Nos posicionamos desde un marco interseccional en contra del \u00f3rden hegem\u00f3nico y patriarcal que domina los sistemas coloniales.\u00a0<\/p><p><strong>Nuestra misi\u00f3n<\/strong><strong>\u00a0<\/strong><\/p><ul><li>Promover la acci\u00f3n colectiva y el pensamiento cr\u00edtico en torno a los estudios de g\u00e9nero, el feminismo, la raza, los derechos de la comunidad LGBTQIA+, y la clase.<\/li><li>Reconocer y trabajar para la desmantelaci\u00f3n de las estructuras de opresi\u00f3n colonial, patriarcal, racistas y homof\u00f3bicas que son parte de la lucha interseccional.<\/li><li>La creaci\u00f3n de espacios seguros, educativos y comunitarios comprometidos con la inclusi\u00f3n, el respeto y la lucha por los derechos de todxs.<\/li><\/ul><p><strong>\u00bfQu\u00e9 necesito para unirme a la AFU?<\/strong>\u00a0<\/p><ul><li>Ser estudiante activx de UPRRP.<\/li><li>Tener inter\u00e9s por los temas y proyectos de la AFU.<\/li><li>Asistir a 2 actividades semestrales (presencial o virtual).<\/li><\/ul><p><strong>Informaci\u00f3n de contacto:<\/strong>\u00a0<\/p><p>Instagram:\u00a0<a href=\"https:\/\/www.instagram.com\/afu.rp\/\" target=\"_blank\" rel=\"noopener\">@afu.rp<\/a><br \/>Correo electr\u00f3nico:\u00a0<a href=\"mailto:a.feminista.universitaria@gmail.com\" target=\"_blank\" rel=\"noopener\">a.feminista.universitaria@gmail.com<\/a>\u00a0<\/p>\t\t\t\t\t\t\t\t<\/div>\n\t\t\t\t<\/div>\n\t\t\t\t\t<\/div>\n\t\t<\/div>\n\t\t\t\t\t<\/div>\n\t\t<\/section>\n\t\t\t\t<\/div>\n\t\t","protected":false},"excerpt":{"rendered":"<p>\u00bfQui\u00e9nes somos?\u00a0 Somos una grupa de estudiantes lideradxs por integrantes de la Concentraci\u00f3n Menor en Estudios de G\u00e9nero, que busca crear y fomentar espacios inclusivos de di\u00e1logo, discusi\u00f3n y activismo en la UPR-R\u00edo Piedras. Nos posicionamos desde un marco interseccional en contra del \u00f3rden hegem\u00f3nico y patriarcal que domina los sistemas coloniales.\u00a0 Nuestra misi\u00f3n\u00a0 Promover<\/p>\n","protected":false},"author":11,"featured_media":0,"parent":0,"menu_order":0,"comment_status":"closed","ping_status":"closed","template":"","meta":{"footnotes":""},"class_list":["post-2037","page","type-page","status-publish"],"_links":{"self":[{"href":"https:\/\/generales.uprrp.edu\/concentracion-mujer-genero\/wp-json\/wp\/v2\/pages\/2037","targetHints":{"allow":["GET"]}}],"collection":[{"href":"https:\/\/generales.uprrp.edu\/concentracion-mujer-genero\/wp-json\/wp\/v2\/pages"}],"about":[{"href":"https:\/\/generales.uprrp.edu\/concentracion-mujer-genero\/wp-json\/wp\/v2\/types\/page"}],"author":[{"embeddable":true,"href":"https:\/\/generales.uprrp.edu\/concentracion-mujer-genero\/wp-json\/wp\/v2\/users\/11"}],"replies":[{"embeddable":true,"href":"https:\/\/generales.uprrp.edu\/concentracion-mujer-genero\/wp-json\/wp\/v2\/comments?post=2037"}],"version-history":[{"count":13,"href":"https:\/\/generales.uprrp.edu\/concentracion-mujer-genero\/wp-json\/wp\/v2\/pages\/2037\/revisions"}],"predecessor-version":[{"id":2090,"href":"https:\/\/generales.uprrp.edu\/concentracion-mujer-genero\/wp-json\/wp\/v2\/pages\/2037\/revisions\/2090"}],"wp:attachment":[{"href":"https:\/\/generales.uprrp.edu\/concentracion-mujer-genero\/wp-json\/wp\/v2\/media?parent=2037"}],"curies":[{"name":"wp","href":"https:\/\/api.w.org\/{rel}","templated":true}]}}