{"id":1999,"date":"2023-09-26T13:55:51","date_gmt":"2023-09-26T13:55:51","guid":{"rendered":"https:\/\/generales.uprrp.edu\/concentracion-mujer-genero\/?page_id=1999"},"modified":"2023-09-26T14:16:03","modified_gmt":"2023-09-26T14:16:03","slug":"personal","status":"publish","type":"page","link":"https:\/\/generales.uprrp.edu\/concentracion-mujer-genero\/personal\/","title":{"rendered":"Personal"},"content":{"rendered":"\t\t<div data-elementor-type=\"wp-page\" data-elementor-id=\"1999\" class=\"elementor elementor-1999\">\n\t\t\t\t\t\t<section class=\"elementor-section elementor-top-section elementor-element elementor-element-360cba4 elementor-section-boxed elementor-section-height-default elementor-section-height-default\" data-id=\"360cba4\" data-element_type=\"section\" data-e-type=\"section\">\n\t\t\t\t\t\t<div class=\"elementor-container elementor-column-gap-default\">\n\t\t\t\t\t<div class=\"elementor-column elementor-col-100 elementor-top-column elementor-element elementor-element-92ba139\" data-id=\"92ba139\" data-element_type=\"column\" data-e-type=\"column\">\n\t\t\t<div class=\"elementor-widget-wrap elementor-element-populated\">\n\t\t\t\t\t\t<div class=\"elementor-element elementor-element-e469924 elementor-widget elementor-widget-text-editor\" data-id=\"e469924\" data-element_type=\"widget\" data-e-type=\"widget\" data-widget_type=\"text-editor.default\">\n\t\t\t\t<div class=\"elementor-widget-container\">\n\t\t\t\t\t\t\t\t\t<h4>Coordinaci\u00f3n:<\/h4>\t\t\t\t\t\t\t\t<\/div>\n\t\t\t\t<\/div>\n\t\t\t\t\t<\/div>\n\t\t<\/div>\n\t\t\t\t\t<\/div>\n\t\t<\/section>\n\t\t\t\t<section class=\"elementor-section elementor-top-section elementor-element elementor-element-2d3b780 elementor-section-boxed elementor-section-height-default elementor-section-height-default\" data-id=\"2d3b780\" data-element_type=\"section\" data-e-type=\"section\">\n\t\t\t\t\t\t<div class=\"elementor-container elementor-column-gap-default\">\n\t\t\t\t\t<div class=\"elementor-column elementor-col-50 elementor-top-column elementor-element elementor-element-6b73034\" data-id=\"6b73034\" data-element_type=\"column\" data-e-type=\"column\">\n\t\t\t<div class=\"elementor-widget-wrap elementor-element-populated\">\n\t\t\t\t\t\t<div class=\"elementor-element elementor-element-ff0aed4 elementor-widget elementor-widget-image\" data-id=\"ff0aed4\" data-element_type=\"widget\" data-e-type=\"widget\" data-widget_type=\"image.default\">\n\t\t\t\t<div class=\"elementor-widget-container\">\n\t\t\t\t\t\t\t\t\t\t\t\t<figure class=\"wp-caption\">\n\t\t\t\t\t\t\t\t\t\t\t<a href=\"https:\/\/generales.uprrp.edu\/concentracion-mujer-genero\/wp-content\/uploads\/sites\/10\/2023\/09\/Alexandra.png\" data-elementor-open-lightbox=\"yes\" data-elementor-lightbox-title=\"Alexandra\" data-e-action-hash=\"#elementor-action%3Aaction%3Dlightbox%26settings%3DeyJpZCI6MTk4MSwidXJsIjoiaHR0cHM6XC9cL2dlbmVyYWxlcy51cHJycC5lZHVcL2NvbmNlbnRyYWNpb24tbXVqZXItZ2VuZXJvXC93cC1jb250ZW50XC91cGxvYWRzXC9zaXRlc1wvMTBcLzIwMjNcLzA5XC9BbGV4YW5kcmEucG5nIn0%3D\">\n\t\t\t\t\t\t\t<img fetchpriority=\"high\" decoding=\"async\" width=\"708\" height=\"398\" src=\"image\/svg+xml;base64,PHN2ZyB2aWV3Qm94PScwIDAgMTAyNCAxMDI0JyB4bWxucz0naHR0cDovL3d3dy53My5vcmcvMjAwMC9zdmcnPjwvc3ZnPg==\" class=\"attachment-large size-large wp-image-1981 lazyload\" alt=\"\" sizes=\"(max-width: 708px) 100vw, 708px\" data-srcset=\"https:\/\/generales.uprrp.edu\/concentracion-mujer-genero\/wp-content\/uploads\/sites\/10\/2023\/09\/Alexandra.png 1024w, https:\/\/generales.uprrp.edu\/concentracion-mujer-genero\/wp-content\/uploads\/sites\/10\/2023\/09\/Alexandra-300x169.png 300w, https:\/\/generales.uprrp.edu\/concentracion-mujer-genero\/wp-content\/uploads\/sites\/10\/2023\/09\/Alexandra-150x84.png 150w, https:\/\/generales.uprrp.edu\/concentracion-mujer-genero\/wp-content\/uploads\/sites\/10\/2023\/09\/Alexandra-450x253.png 450w, https:\/\/generales.uprrp.edu\/concentracion-mujer-genero\/wp-content\/uploads\/sites\/10\/2023\/09\/Alexandra-768x432.png 768w, https:\/\/generales.uprrp.edu\/concentracion-mujer-genero\/wp-content\/uploads\/sites\/10\/2023\/09\/Alexandra-300x169@2x.png 600w\" data-src=\"https:\/\/generales.uprrp.edu\/concentracion-mujer-genero\/wp-content\/uploads\/sites\/10\/2023\/09\/Alexandra.png\" \/>\t\t\t\t\t\t\t\t<\/a>\n\t\t\t\t\t\t\t\t\t\t\t<figcaption class=\"widget-image-caption wp-caption-text\">Dra. Alexandra Pag\u00e1n V\u00e9lez, Coordinadora CMEMG<\/figcaption>\n\t\t\t\t\t\t\t\t\t\t<\/figure>\n\t\t\t\t\t\t\t\t\t<\/div>\n\t\t\t\t<\/div>\n\t\t\t\t\t<\/div>\n\t\t<\/div>\n\t\t\t\t<div class=\"elementor-column elementor-col-50 elementor-top-column elementor-element elementor-element-f0fe0e7\" data-id=\"f0fe0e7\" data-element_type=\"column\" data-e-type=\"column\">\n\t\t\t<div class=\"elementor-widget-wrap elementor-element-populated\">\n\t\t\t\t\t\t<div class=\"elementor-element elementor-element-8c76058 elementor-widget elementor-widget-image\" data-id=\"8c76058\" data-element_type=\"widget\" data-e-type=\"widget\" data-widget_type=\"image.default\">\n\t\t\t\t<div class=\"elementor-widget-container\">\n\t\t\t\t\t\t\t\t\t\t\t\t<figure class=\"wp-caption\">\n\t\t\t\t\t\t\t\t\t\t<img decoding=\"async\" width=\"708\" height=\"398\" src=\"image\/svg+xml;base64,PHN2ZyB2aWV3Qm94PScwIDAgMTAyNCAxMDI0JyB4bWxucz0naHR0cDovL3d3dy53My5vcmcvMjAwMC9zdmcnPjwvc3ZnPg==\" class=\"attachment-large size-large wp-image-1982 lazyload\" alt=\"\" sizes=\"(max-width: 708px) 100vw, 708px\" data-srcset=\"https:\/\/generales.uprrp.edu\/concentracion-mujer-genero\/wp-content\/uploads\/sites\/10\/2023\/09\/Sole.png 1024w, https:\/\/generales.uprrp.edu\/concentracion-mujer-genero\/wp-content\/uploads\/sites\/10\/2023\/09\/Sole-300x169.png 300w, https:\/\/generales.uprrp.edu\/concentracion-mujer-genero\/wp-content\/uploads\/sites\/10\/2023\/09\/Sole-150x84.png 150w, https:\/\/generales.uprrp.edu\/concentracion-mujer-genero\/wp-content\/uploads\/sites\/10\/2023\/09\/Sole-450x253.png 450w, https:\/\/generales.uprrp.edu\/concentracion-mujer-genero\/wp-content\/uploads\/sites\/10\/2023\/09\/Sole-768x432.png 768w, https:\/\/generales.uprrp.edu\/concentracion-mujer-genero\/wp-content\/uploads\/sites\/10\/2023\/09\/Sole-300x169@2x.png 600w\" data-src=\"https:\/\/generales.uprrp.edu\/concentracion-mujer-genero\/wp-content\/uploads\/sites\/10\/2023\/09\/Sole.png\" \/>\t\t\t\t\t\t\t\t\t\t\t<figcaption class=\"widget-image-caption wp-caption-text\">Sole Torres (Estudiante doctoral en Psicolog\u00eda Cl\u00ednica), Asistente de Investigaci\u00f3n PEAF<\/figcaption>\n\t\t\t\t\t\t\t\t\t\t<\/figure>\n\t\t\t\t\t\t\t\t\t<\/div>\n\t\t\t\t<\/div>\n\t\t\t\t\t<\/div>\n\t\t<\/div>\n\t\t\t\t\t<\/div>\n\t\t<\/section>\n\t\t\t\t<section class=\"elementor-section elementor-top-section elementor-element elementor-element-182842e elementor-section-boxed elementor-section-height-default elementor-section-height-default\" data-id=\"182842e\" data-element_type=\"section\" data-e-type=\"section\">\n\t\t\t\t\t\t<div class=\"elementor-container elementor-column-gap-default\">\n\t\t\t\t\t<div class=\"elementor-column elementor-col-100 elementor-top-column elementor-element elementor-element-eab5514\" data-id=\"eab5514\" data-element_type=\"column\" data-e-type=\"column\">\n\t\t\t<div class=\"elementor-widget-wrap elementor-element-populated\">\n\t\t\t\t\t\t<div class=\"elementor-element elementor-element-26c2710 elementor-widget elementor-widget-spacer\" data-id=\"26c2710\" data-element_type=\"widget\" data-e-type=\"widget\" data-widget_type=\"spacer.default\">\n\t\t\t\t<div class=\"elementor-widget-container\">\n\t\t\t\t\t\t\t<div class=\"elementor-spacer\">\n\t\t\t<div class=\"elementor-spacer-inner\"><\/div>\n\t\t<\/div>\n\t\t\t\t\t\t<\/div>\n\t\t\t\t<\/div>\n\t\t\t\t\t<\/div>\n\t\t<\/div>\n\t\t\t\t\t<\/div>\n\t\t<\/section>\n\t\t\t\t<section class=\"elementor-section elementor-top-section elementor-element elementor-element-119e9a0 elementor-section-boxed elementor-section-height-default elementor-section-height-default\" data-id=\"119e9a0\" data-element_type=\"section\" data-e-type=\"section\">\n\t\t\t\t\t\t<div class=\"elementor-container elementor-column-gap-default\">\n\t\t\t\t\t<div class=\"elementor-column elementor-col-100 elementor-top-column elementor-element elementor-element-4a2e82f\" data-id=\"4a2e82f\" data-element_type=\"column\" data-e-type=\"column\">\n\t\t\t<div class=\"elementor-widget-wrap elementor-element-populated\">\n\t\t\t\t\t\t<div class=\"elementor-element elementor-element-2ab8b08 elementor-widget elementor-widget-text-editor\" data-id=\"2ab8b08\" data-element_type=\"widget\" data-e-type=\"widget\" data-widget_type=\"text-editor.default\">\n\t\t\t\t<div class=\"elementor-widget-container\">\n\t\t\t\t\t\t\t\t\t<h4><b>Comit\u00e9 Interfacultativo de la Concentraci\u00f3n (2023):<\/b><\/h4>\t\t\t\t\t\t\t\t<\/div>\n\t\t\t\t<\/div>\n\t\t\t\t\t<\/div>\n\t\t<\/div>\n\t\t\t\t\t<\/div>\n\t\t<\/section>\n\t\t\t\t<section class=\"elementor-section elementor-top-section elementor-element elementor-element-5c36982 elementor-section-boxed elementor-section-height-default elementor-section-height-default\" data-id=\"5c36982\" data-element_type=\"section\" data-e-type=\"section\">\n\t\t\t\t\t\t<div class=\"elementor-container elementor-column-gap-default\">\n\t\t\t\t\t<div class=\"elementor-column elementor-col-50 elementor-top-column elementor-element elementor-element-1f0f7ed\" data-id=\"1f0f7ed\" data-element_type=\"column\" data-e-type=\"column\">\n\t\t\t<div class=\"elementor-widget-wrap elementor-element-populated\">\n\t\t\t\t\t\t<div class=\"elementor-element elementor-element-db7b5c1 elementor-widget elementor-widget-image\" data-id=\"db7b5c1\" data-element_type=\"widget\" data-e-type=\"widget\" data-widget_type=\"image.default\">\n\t\t\t\t<div class=\"elementor-widget-container\">\n\t\t\t\t\t\t\t\t\t\t\t\t<figure class=\"wp-caption\">\n\t\t\t\t\t\t\t\t\t\t<img decoding=\"async\" width=\"708\" height=\"398\" src=\"image\/svg+xml;base64,PHN2ZyB2aWV3Qm94PScwIDAgMTAyNCAxMDI0JyB4bWxucz0naHR0cDovL3d3dy53My5vcmcvMjAwMC9zdmcnPjwvc3ZnPg==\" class=\"attachment-large size-large wp-image-1983 lazyload\" alt=\"\" sizes=\"(max-width: 708px) 100vw, 708px\" data-srcset=\"https:\/\/generales.uprrp.edu\/concentracion-mujer-genero\/wp-content\/uploads\/sites\/10\/2023\/09\/M.png 1024w, https:\/\/generales.uprrp.edu\/concentracion-mujer-genero\/wp-content\/uploads\/sites\/10\/2023\/09\/M-300x169.png 300w, https:\/\/generales.uprrp.edu\/concentracion-mujer-genero\/wp-content\/uploads\/sites\/10\/2023\/09\/M-150x84.png 150w, https:\/\/generales.uprrp.edu\/concentracion-mujer-genero\/wp-content\/uploads\/sites\/10\/2023\/09\/M-450x253.png 450w, https:\/\/generales.uprrp.edu\/concentracion-mujer-genero\/wp-content\/uploads\/sites\/10\/2023\/09\/M-768x432.png 768w, https:\/\/generales.uprrp.edu\/concentracion-mujer-genero\/wp-content\/uploads\/sites\/10\/2023\/09\/M-300x169@2x.png 600w\" data-src=\"https:\/\/generales.uprrp.edu\/concentracion-mujer-genero\/wp-content\/uploads\/sites\/10\/2023\/09\/M.png\" \/>\t\t\t\t\t\t\t\t\t\t\t<figcaption class=\"widget-image-caption wp-caption-text\">Dra. Mabel Rodr\u00edguez Centeno (Catedr\u00e1tica de la Facultad de Estudios Generales, Departamento de Humanidades)<\/figcaption>\n\t\t\t\t\t\t\t\t\t\t<\/figure>\n\t\t\t\t\t\t\t\t\t<\/div>\n\t\t\t\t<\/div>\n\t\t\t\t\t<\/div>\n\t\t<\/div>\n\t\t\t\t<div class=\"elementor-column elementor-col-50 elementor-top-column elementor-element elementor-element-a4b301d\" data-id=\"a4b301d\" data-element_type=\"column\" data-e-type=\"column\">\n\t\t\t<div class=\"elementor-widget-wrap elementor-element-populated\">\n\t\t\t\t\t\t<div class=\"elementor-element elementor-element-a9bcd9a elementor-widget elementor-widget-image\" data-id=\"a9bcd9a\" data-element_type=\"widget\" data-e-type=\"widget\" data-widget_type=\"image.default\">\n\t\t\t\t<div class=\"elementor-widget-container\">\n\t\t\t\t\t\t\t\t\t\t\t\t<figure class=\"wp-caption\">\n\t\t\t\t\t\t\t\t\t\t<img loading=\"lazy\" decoding=\"async\" width=\"708\" height=\"398\" src=\"image\/svg+xml;base64,PHN2ZyB2aWV3Qm94PScwIDAgMTAyNCAxMDI0JyB4bWxucz0naHR0cDovL3d3dy53My5vcmcvMjAwMC9zdmcnPjwvc3ZnPg==\" class=\"attachment-large size-large wp-image-1984 lazyload\" alt=\"\" sizes=\"(max-width: 708px) 100vw, 708px\" data-srcset=\"https:\/\/generales.uprrp.edu\/concentracion-mujer-genero\/wp-content\/uploads\/sites\/10\/2023\/09\/Elithet.png 1024w, https:\/\/generales.uprrp.edu\/concentracion-mujer-genero\/wp-content\/uploads\/sites\/10\/2023\/09\/Elithet-300x169.png 300w, https:\/\/generales.uprrp.edu\/concentracion-mujer-genero\/wp-content\/uploads\/sites\/10\/2023\/09\/Elithet-150x84.png 150w, https:\/\/generales.uprrp.edu\/concentracion-mujer-genero\/wp-content\/uploads\/sites\/10\/2023\/09\/Elithet-450x253.png 450w, https:\/\/generales.uprrp.edu\/concentracion-mujer-genero\/wp-content\/uploads\/sites\/10\/2023\/09\/Elithet-768x432.png 768w, https:\/\/generales.uprrp.edu\/concentracion-mujer-genero\/wp-content\/uploads\/sites\/10\/2023\/09\/Elithet-300x169@2x.png 600w\" data-src=\"https:\/\/generales.uprrp.edu\/concentracion-mujer-genero\/wp-content\/uploads\/sites\/10\/2023\/09\/Elithet.png\" \/>\t\t\t\t\t\t\t\t\t\t\t<figcaption class=\"widget-image-caption wp-caption-text\">Dra. Elithet Silva Mart\u00ednez (Catedr\u00e1tica Asociada Escuela Graduada de Trabajo Social Beatriz Lasalle)<\/figcaption>\n\t\t\t\t\t\t\t\t\t\t<\/figure>\n\t\t\t\t\t\t\t\t\t<\/div>\n\t\t\t\t<\/div>\n\t\t\t\t\t<\/div>\n\t\t<\/div>\n\t\t\t\t\t<\/div>\n\t\t<\/section>\n\t\t\t\t<section class=\"elementor-section elementor-top-section elementor-element elementor-element-b0ba15b elementor-section-boxed elementor-section-height-default elementor-section-height-default\" data-id=\"b0ba15b\" data-element_type=\"section\" data-e-type=\"section\">\n\t\t\t\t\t\t<div class=\"elementor-container elementor-column-gap-default\">\n\t\t\t\t\t<div class=\"elementor-column elementor-col-50 elementor-top-column elementor-element elementor-element-03890fe\" data-id=\"03890fe\" data-element_type=\"column\" data-e-type=\"column\">\n\t\t\t<div class=\"elementor-widget-wrap elementor-element-populated\">\n\t\t\t\t\t\t<div class=\"elementor-element elementor-element-adda7e3 elementor-widget elementor-widget-image\" data-id=\"adda7e3\" data-element_type=\"widget\" data-e-type=\"widget\" data-widget_type=\"image.default\">\n\t\t\t\t<div class=\"elementor-widget-container\">\n\t\t\t\t\t\t\t\t\t\t\t\t<figure class=\"wp-caption\">\n\t\t\t\t\t\t\t\t\t\t<img loading=\"lazy\" decoding=\"async\" width=\"708\" height=\"398\" src=\"image\/svg+xml;base64,PHN2ZyB2aWV3Qm94PScwIDAgMTAyNCAxMDI0JyB4bWxucz0naHR0cDovL3d3dy53My5vcmcvMjAwMC9zdmcnPjwvc3ZnPg==\" class=\"attachment-large size-large wp-image-1988 lazyload\" alt=\"\" sizes=\"(max-width: 708px) 100vw, 708px\" data-srcset=\"https:\/\/generales.uprrp.edu\/concentracion-mujer-genero\/wp-content\/uploads\/sites\/10\/2023\/09\/Yarimar.png 1024w, https:\/\/generales.uprrp.edu\/concentracion-mujer-genero\/wp-content\/uploads\/sites\/10\/2023\/09\/Yarimar-300x169.png 300w, https:\/\/generales.uprrp.edu\/concentracion-mujer-genero\/wp-content\/uploads\/sites\/10\/2023\/09\/Yarimar-150x84.png 150w, https:\/\/generales.uprrp.edu\/concentracion-mujer-genero\/wp-content\/uploads\/sites\/10\/2023\/09\/Yarimar-450x253.png 450w, https:\/\/generales.uprrp.edu\/concentracion-mujer-genero\/wp-content\/uploads\/sites\/10\/2023\/09\/Yarimar-768x432.png 768w, https:\/\/generales.uprrp.edu\/concentracion-mujer-genero\/wp-content\/uploads\/sites\/10\/2023\/09\/Yarimar-300x169@2x.png 600w\" data-src=\"https:\/\/generales.uprrp.edu\/concentracion-mujer-genero\/wp-content\/uploads\/sites\/10\/2023\/09\/Yarimar.png\" \/>\t\t\t\t\t\t\t\t\t\t\t<figcaption class=\"widget-image-caption wp-caption-text\">Dra. Yarimar Rosa Rodr\u00edguez (Directora del Centro de Investigaciones Educativas de la Facultad de Educaci\u00f3n)<\/figcaption>\n\t\t\t\t\t\t\t\t\t\t<\/figure>\n\t\t\t\t\t\t\t\t\t<\/div>\n\t\t\t\t<\/div>\n\t\t\t\t\t<\/div>\n\t\t<\/div>\n\t\t\t\t<div class=\"elementor-column elementor-col-50 elementor-top-column elementor-element elementor-element-9927fdd\" data-id=\"9927fdd\" data-element_type=\"column\" data-e-type=\"column\">\n\t\t\t<div class=\"elementor-widget-wrap elementor-element-populated\">\n\t\t\t\t\t\t<div class=\"elementor-element elementor-element-c027e0b elementor-widget elementor-widget-image\" data-id=\"c027e0b\" data-element_type=\"widget\" data-e-type=\"widget\" data-widget_type=\"image.default\">\n\t\t\t\t<div class=\"elementor-widget-container\">\n\t\t\t\t\t\t\t\t\t\t\t\t<figure class=\"wp-caption\">\n\t\t\t\t\t\t\t\t\t\t<img loading=\"lazy\" decoding=\"async\" width=\"708\" height=\"398\" src=\"image\/svg+xml;base64,PHN2ZyB2aWV3Qm94PScwIDAgMTAyNCAxMDI0JyB4bWxucz0naHR0cDovL3d3dy53My5vcmcvMjAwMC9zdmcnPjwvc3ZnPg==\" class=\"attachment-large size-large wp-image-1989 lazyload\" alt=\"\" sizes=\"(max-width: 708px) 100vw, 708px\" data-srcset=\"https:\/\/generales.uprrp.edu\/concentracion-mujer-genero\/wp-content\/uploads\/sites\/10\/2023\/09\/Roci\u0301o.png 1024w, https:\/\/generales.uprrp.edu\/concentracion-mujer-genero\/wp-content\/uploads\/sites\/10\/2023\/09\/Roci\u0301o-300x169.png 300w, https:\/\/generales.uprrp.edu\/concentracion-mujer-genero\/wp-content\/uploads\/sites\/10\/2023\/09\/Roci\u0301o-150x84.png 150w, https:\/\/generales.uprrp.edu\/concentracion-mujer-genero\/wp-content\/uploads\/sites\/10\/2023\/09\/Roci\u0301o-450x253.png 450w, https:\/\/generales.uprrp.edu\/concentracion-mujer-genero\/wp-content\/uploads\/sites\/10\/2023\/09\/Roci\u0301o-768x432.png 768w, https:\/\/generales.uprrp.edu\/concentracion-mujer-genero\/wp-content\/uploads\/sites\/10\/2023\/09\/Roci\u0301o-300x169@2x.png 600w\" data-src=\"https:\/\/generales.uprrp.edu\/concentracion-mujer-genero\/wp-content\/uploads\/sites\/10\/2023\/09\/Roci\u0301o.png\" \/>\t\t\t\t\t\t\t\t\t\t\t<figcaption class=\"widget-image-caption wp-caption-text\">Dra. Roc\u00edo Zambrana Garc\u00eda (Catedr\u00e1tica Auxiliar, Departamento de Filosof\u00eda)<\/figcaption>\n\t\t\t\t\t\t\t\t\t\t<\/figure>\n\t\t\t\t\t\t\t\t\t<\/div>\n\t\t\t\t<\/div>\n\t\t\t\t\t<\/div>\n\t\t<\/div>\n\t\t\t\t\t<\/div>\n\t\t<\/section>\n\t\t\t\t<section class=\"elementor-section elementor-top-section elementor-element elementor-element-c0e07c5 elementor-section-boxed elementor-section-height-default elementor-section-height-default\" data-id=\"c0e07c5\" data-element_type=\"section\" data-e-type=\"section\">\n\t\t\t\t\t\t<div class=\"elementor-container elementor-column-gap-default\">\n\t\t\t\t\t<div class=\"elementor-column elementor-col-50 elementor-top-column elementor-element elementor-element-81f1b59\" data-id=\"81f1b59\" data-element_type=\"column\" data-e-type=\"column\">\n\t\t\t<div class=\"elementor-widget-wrap elementor-element-populated\">\n\t\t\t\t\t\t<div class=\"elementor-element elementor-element-a25888b elementor-widget elementor-widget-image\" data-id=\"a25888b\" data-element_type=\"widget\" data-e-type=\"widget\" data-widget_type=\"image.default\">\n\t\t\t\t<div class=\"elementor-widget-container\">\n\t\t\t\t\t\t\t\t\t\t\t\t<figure class=\"wp-caption\">\n\t\t\t\t\t\t\t\t\t\t<img loading=\"lazy\" decoding=\"async\" width=\"708\" height=\"398\" src=\"image\/svg+xml;base64,PHN2ZyB2aWV3Qm94PScwIDAgMTAyNCAxMDI0JyB4bWxucz0naHR0cDovL3d3dy53My5vcmcvMjAwMC9zdmcnPjwvc3ZnPg==\" class=\"attachment-large size-large wp-image-1990 lazyload\" alt=\"\" sizes=\"(max-width: 708px) 100vw, 708px\" data-srcset=\"https:\/\/generales.uprrp.edu\/concentracion-mujer-genero\/wp-content\/uploads\/sites\/10\/2023\/09\/Mayra.png 1024w, https:\/\/generales.uprrp.edu\/concentracion-mujer-genero\/wp-content\/uploads\/sites\/10\/2023\/09\/Mayra-300x169.png 300w, https:\/\/generales.uprrp.edu\/concentracion-mujer-genero\/wp-content\/uploads\/sites\/10\/2023\/09\/Mayra-150x84.png 150w, https:\/\/generales.uprrp.edu\/concentracion-mujer-genero\/wp-content\/uploads\/sites\/10\/2023\/09\/Mayra-450x253.png 450w, https:\/\/generales.uprrp.edu\/concentracion-mujer-genero\/wp-content\/uploads\/sites\/10\/2023\/09\/Mayra-768x432.png 768w, https:\/\/generales.uprrp.edu\/concentracion-mujer-genero\/wp-content\/uploads\/sites\/10\/2023\/09\/Mayra-300x169@2x.png 600w\" data-src=\"https:\/\/generales.uprrp.edu\/concentracion-mujer-genero\/wp-content\/uploads\/sites\/10\/2023\/09\/Mayra.png\" \/>\t\t\t\t\t\t\t\t\t\t\t<figcaption class=\"widget-image-caption wp-caption-text\">Dra. Mayra Santos Febres (Investigadora Principal del Proyecto de Diversificaci\u00f3n Acad\u00e9mica en Estudios en Afrodescendencia y Racializaci\u00f3n)<\/figcaption>\n\t\t\t\t\t\t\t\t\t\t<\/figure>\n\t\t\t\t\t\t\t\t\t<\/div>\n\t\t\t\t<\/div>\n\t\t\t\t\t<\/div>\n\t\t<\/div>\n\t\t\t\t<div class=\"elementor-column elementor-col-50 elementor-top-column elementor-element elementor-element-f56622c\" data-id=\"f56622c\" data-element_type=\"column\" data-e-type=\"column\">\n\t\t\t<div class=\"elementor-widget-wrap\">\n\t\t\t\t\t\t\t<\/div>\n\t\t<\/div>\n\t\t\t\t\t<\/div>\n\t\t<\/section>\n\t\t\t\t<\/div>\n\t\t","protected":false},"excerpt":{"rendered":"<p>Coordinaci\u00f3n: Dra. Alexandra Pag\u00e1n V\u00e9lez, Coordinadora CMEMG Sole Torres (Estudiante doctoral en Psicolog\u00eda Cl\u00ednica), Asistente de Investigaci\u00f3n PEAF Comit\u00e9 Interfacultativo de la Concentraci\u00f3n (2023): Dra. Mabel Rodr\u00edguez Centeno (Catedr\u00e1tica de la Facultad de Estudios Generales, Departamento de Humanidades) Dra. Elithet Silva Mart\u00ednez (Catedr\u00e1tica Asociada Escuela Graduada de Trabajo Social Beatriz Lasalle) Dra. Yarimar Rosa Rodr\u00edguez<\/p>\n","protected":false},"author":11,"featured_media":0,"parent":0,"menu_order":0,"comment_status":"closed","ping_status":"closed","template":"","meta":{"footnotes":""},"class_list":["post-1999","page","type-page","status-publish"],"_links":{"self":[{"href":"https:\/\/generales.uprrp.edu\/concentracion-mujer-genero\/wp-json\/wp\/v2\/pages\/1999","targetHints":{"allow":["GET"]}}],"collection":[{"href":"https:\/\/generales.uprrp.edu\/concentracion-mujer-genero\/wp-json\/wp\/v2\/pages"}],"about":[{"href":"https:\/\/generales.uprrp.edu\/concentracion-mujer-genero\/wp-json\/wp\/v2\/types\/page"}],"author":[{"embeddable":true,"href":"https:\/\/generales.uprrp.edu\/concentracion-mujer-genero\/wp-json\/wp\/v2\/users\/11"}],"replies":[{"embeddable":true,"href":"https:\/\/generales.uprrp.edu\/concentracion-mujer-genero\/wp-json\/wp\/v2\/comments?post=1999"}],"version-history":[{"count":8,"href":"https:\/\/generales.uprrp.edu\/concentracion-mujer-genero\/wp-json\/wp\/v2\/pages\/1999\/revisions"}],"predecessor-version":[{"id":2008,"href":"https:\/\/generales.uprrp.edu\/concentracion-mujer-genero\/wp-json\/wp\/v2\/pages\/1999\/revisions\/2008"}],"wp:attachment":[{"href":"https:\/\/generales.uprrp.edu\/concentracion-mujer-genero\/wp-json\/wp\/v2\/media?parent=1999"}],"curies":[{"name":"wp","href":"https:\/\/api.w.org\/{rel}","templated":true}]}}