{"id":1793,"date":"2022-06-07T14:33:30","date_gmt":"2022-06-07T14:33:30","guid":{"rendered":"https:\/\/generales.uprrp.edu\/programa-mujer-genero\/?page_id=1793"},"modified":"2023-08-31T14:51:43","modified_gmt":"2023-08-31T14:51:43","slug":"primera-clase-de-mujeres-confinadas","status":"publish","type":"page","link":"https:\/\/generales.uprrp.edu\/concentracion-mujer-genero\/primera-clase-de-mujeres-confinadas\/","title":{"rendered":"Primera clase de mujeres confinadas en obtener su Bachillerato en Artes de la Facultad de Estudios Generales"},"content":{"rendered":"<p>\u00a1FELICITACIONES A LA PRIMERA CLASE DE MUJERES CONFINADAS EN OBTENER SU BACHILLERATO EN ARTES CON CONCENTRACI\u00d3N EN ESTUDIOS GENERALES Y CONCENTRACI\u00d3N MENOR EN ESTUDIOS DE MUJER Y G\u00c9NERO!<\/p>\n<figure id=\"attachment_1810\" aria-describedby=\"caption-attachment-1810\" style=\"width: 2560px\" class=\"wp-caption aligncenter\"><img fetchpriority=\"high\" decoding=\"async\" class=\"size-full wp-image-1810\" src=\"https:\/\/generales.uprrp.edu\/programa-mujer-genero\/wp-content\/uploads\/sites\/10\/2022\/06\/Fotos-confinadas-egresadas-scaled.jpg\" alt=\"\" width=\"2560\" height=\"1877\" srcset=\"https:\/\/generales.uprrp.edu\/concentracion-mujer-genero\/wp-content\/uploads\/sites\/10\/2022\/06\/Fotos-confinadas-egresadas-scaled.jpg 2560w, https:\/\/generales.uprrp.edu\/concentracion-mujer-genero\/wp-content\/uploads\/sites\/10\/2022\/06\/Fotos-confinadas-egresadas-300x220.jpg 300w, https:\/\/generales.uprrp.edu\/concentracion-mujer-genero\/wp-content\/uploads\/sites\/10\/2022\/06\/Fotos-confinadas-egresadas-1024x751.jpg 1024w, https:\/\/generales.uprrp.edu\/concentracion-mujer-genero\/wp-content\/uploads\/sites\/10\/2022\/06\/Fotos-confinadas-egresadas-1536x1126.jpg 1536w, https:\/\/generales.uprrp.edu\/concentracion-mujer-genero\/wp-content\/uploads\/sites\/10\/2022\/06\/Fotos-confinadas-egresadas-2048x1502.jpg 2048w, https:\/\/generales.uprrp.edu\/concentracion-mujer-genero\/wp-content\/uploads\/sites\/10\/2022\/06\/Fotos-confinadas-egresadas-150x110.jpg 150w, https:\/\/generales.uprrp.edu\/concentracion-mujer-genero\/wp-content\/uploads\/sites\/10\/2022\/06\/Fotos-confinadas-egresadas-450x330.jpg 450w, https:\/\/generales.uprrp.edu\/concentracion-mujer-genero\/wp-content\/uploads\/sites\/10\/2022\/06\/Fotos-confinadas-egresadas-1200x880.jpg 1200w, https:\/\/generales.uprrp.edu\/concentracion-mujer-genero\/wp-content\/uploads\/sites\/10\/2022\/06\/Fotos-confinadas-egresadas-768x563.jpg 768w, https:\/\/generales.uprrp.edu\/concentracion-mujer-genero\/wp-content\/uploads\/sites\/10\/2022\/06\/Fotos-confinadas-egresadas-300x220@2x.jpg 600w\" sizes=\"(max-width: 2560px) 100vw, 2560px\" \/><figcaption id=\"caption-attachment-1810\" class=\"wp-caption-text\">De izquierda a derecha: Profa. Teresa Pe\u00f1a Jord\u00e1n, Profe. Ali Petru Gerena, Omayra Torres S\u00e1nchez, Coraly Campos Rodr\u00edguez, Ver\u00f3nica Jim\u00e9nez Nev\u00e1rez, Ilka Ivelyss Cruz Rosario, Profa. Catherine Marsh Kennerley<\/figcaption><\/figure>\n<p>El 1 de junio de 2022 se gradu\u00f3 la primera clase de mujeres confinadas en obtener su Bachillerato en Artes de la Facultad de Estudios Generales. \u00a1Las cuatro estudiantes tambi\u00e9n completaron y superaron los cr\u00e9ditos necesarios para obtener el grado de Concentraci\u00f3n Menor en Estudios de Mujer y G\u00e9nero de la UPRRP! En la CMEMG estamos sumamente orgullosxs de ellas, as\u00ed como de todxs lxs profesorxs que con amor y compromiso les sirvieron de mentores y maestrxs. En total fueron 12 estudiantes que completaron su grado de Bachillerato en Artes, como parte del Proyecto de Estudios Universitarios para Personas Confinadas, entre la UPRRP y el Departamento de Correci\u00f3n y Rehabilitaci\u00f3n, creado por el Dr. Fernando Pic\u00f3 (QEPD) y continuado por su coordinadora, la Dra. Edna Ben\u00edtez Laborde. \u00a1Felicitamos a lxs estudiantes y a todxs lxs que lo han hecho posible!<\/p>\n<p>\u201cPropongo, aseguro y confirmo, con certeza, que la educaci\u00f3n universitaria es fundamental para que la persona encarcelada comience su rehabilitaci\u00f3n\u201d, afirm\u00f3. \u201cEntiendo que la concentraci\u00f3n menor del programa de estudios de mujer y g\u00e9nero debe ser un requisito para todo el estudiantado de la Universidad de Puerto Rico, porque este me ayud\u00f3 a desarrollar mi pensamiento cr\u00edtico y fue una herramienta esencial para escribir mi tesina.\u201d \u2013 llka Ivelyss Cruz Rosario, egresada del Bachillerato en Artes de la Facultad de Estudios Generales, con una Concentraci\u00f3n Menor en Estudios de Mujer y G\u00e9nero. *<\/p>\n<p>*Citado en Osman P\u00e9rez M\u00e9ndez, &#8220;Doce confinados son ejemplo de superaci\u00f3n al completar estudios universitarios&#8221;, (<a href=\"https:\/\/www.primerahora.com\/noticias\/gobierno-politica\/notas\/doce-confinados-son-ejemplo-de-superacion-al-completar-estudios-universitarios\/\" target=\"_blank\" rel=\"noopener\">https:\/\/www.primerahora.com\/noticias\/gobierno-politica\/notas\/doce-confinados-son-ejemplo-de-superacion-al-completar-estudios-universitarios\/<\/a>)<\/p>\n","protected":false},"excerpt":{"rendered":"<p>\u00a1FELICITACIONES A LA PRIMERA CLASE DE MUJERES CONFINADAS EN OBTENER SU BACHILLERATO EN ARTES CON CONCENTRACI\u00d3N EN ESTUDIOS GENERALES Y CONCENTRACI\u00d3N MENOR EN ESTUDIOS DE MUJER Y G\u00c9NERO! El 1 de junio de 2022 se gradu\u00f3 la primera clase de mujeres confinadas en obtener su Bachillerato en Artes de la Facultad de Estudios Generales. \u00a1Las<\/p>\n","protected":false},"author":11,"featured_media":0,"parent":0,"menu_order":0,"comment_status":"closed","ping_status":"closed","template":"","meta":{"footnotes":""},"class_list":["post-1793","page","type-page","status-publish"],"_links":{"self":[{"href":"https:\/\/generales.uprrp.edu\/concentracion-mujer-genero\/wp-json\/wp\/v2\/pages\/1793","targetHints":{"allow":["GET"]}}],"collection":[{"href":"https:\/\/generales.uprrp.edu\/concentracion-mujer-genero\/wp-json\/wp\/v2\/pages"}],"about":[{"href":"https:\/\/generales.uprrp.edu\/concentracion-mujer-genero\/wp-json\/wp\/v2\/types\/page"}],"author":[{"embeddable":true,"href":"https:\/\/generales.uprrp.edu\/concentracion-mujer-genero\/wp-json\/wp\/v2\/users\/11"}],"replies":[{"embeddable":true,"href":"https:\/\/generales.uprrp.edu\/concentracion-mujer-genero\/wp-json\/wp\/v2\/comments?post=1793"}],"version-history":[{"count":6,"href":"https:\/\/generales.uprrp.edu\/concentracion-mujer-genero\/wp-json\/wp\/v2\/pages\/1793\/revisions"}],"predecessor-version":[{"id":1949,"href":"https:\/\/generales.uprrp.edu\/concentracion-mujer-genero\/wp-json\/wp\/v2\/pages\/1793\/revisions\/1949"}],"wp:attachment":[{"href":"https:\/\/generales.uprrp.edu\/concentracion-mujer-genero\/wp-json\/wp\/v2\/media?parent=1793"}],"curies":[{"name":"wp","href":"https:\/\/api.w.org\/{rel}","templated":true}]}}