{"id":12,"date":"2016-06-27T17:30:34","date_gmt":"2016-06-27T17:30:34","guid":{"rendered":"http:\/\/generalesdv.uprrp.edu\/programa-mujer-genero\/?page_id=12"},"modified":"2025-09-10T18:34:14","modified_gmt":"2025-09-10T18:34:14","slug":"home","status":"publish","type":"page","link":"https:\/\/generales.uprrp.edu\/concentracion-mujer-genero\/","title":{"rendered":"INICIO"},"content":{"rendered":"<h5><img fetchpriority=\"high\" decoding=\"async\" class=\"alignleft size-large wp-image-2031\" src=\"https:\/\/generales.uprrp.edu\/concentracion-mujer-genero\/wp-content\/uploads\/sites\/10\/2025\/02\/arte1-1024x576.png\" alt=\"\" width=\"708\" height=\"398\" srcset=\"https:\/\/generales.uprrp.edu\/concentracion-mujer-genero\/wp-content\/uploads\/sites\/10\/2025\/02\/arte1-1024x576.png 1024w, https:\/\/generales.uprrp.edu\/concentracion-mujer-genero\/wp-content\/uploads\/sites\/10\/2025\/02\/arte1-300x169.png 300w, https:\/\/generales.uprrp.edu\/concentracion-mujer-genero\/wp-content\/uploads\/sites\/10\/2025\/02\/arte1-1536x864.png 1536w, https:\/\/generales.uprrp.edu\/concentracion-mujer-genero\/wp-content\/uploads\/sites\/10\/2025\/02\/arte1-150x84.png 150w, https:\/\/generales.uprrp.edu\/concentracion-mujer-genero\/wp-content\/uploads\/sites\/10\/2025\/02\/arte1-450x253.png 450w, https:\/\/generales.uprrp.edu\/concentracion-mujer-genero\/wp-content\/uploads\/sites\/10\/2025\/02\/arte1-1200x675.png 1200w, https:\/\/generales.uprrp.edu\/concentracion-mujer-genero\/wp-content\/uploads\/sites\/10\/2025\/02\/arte1-768x432.png 768w, https:\/\/generales.uprrp.edu\/concentracion-mujer-genero\/wp-content\/uploads\/sites\/10\/2025\/02\/arte1.png 1920w, https:\/\/generales.uprrp.edu\/concentracion-mujer-genero\/wp-content\/uploads\/sites\/10\/2025\/02\/arte1-300x169@2x.png 600w\" sizes=\"(max-width: 708px) 100vw, 708px\" \/><\/h5>\n<h5><\/h5>\n<h3 style=\"text-align: left;\"><strong>INFORMACI\u00d3N GENERAL SOBRE LA CONCENTRACI\u00d3N MENOR<\/strong><\/h3>\n<p>La secuencia curricular de 15 cr\u00e9ditos en Estudios de Mujer y G\u00e9nero fue aprobada mediante la Certificaci\u00f3n 123 (1999-2000) del Senado Acad\u00e9mico del Recinto de R\u00edo Piedras, tras operar como proyecto piloto durante dos a\u00f1os. Nuestra secuencia curricular atiende los debates en torno a las estructuras, los saberes y las pr\u00e1cticas de poder que reproducen la relaci\u00f3n compleja entre g\u00e9nero, raza, clase, cultura y orientaci\u00f3n sexual.<\/p>\n<p>A partir de la Certificaci\u00f3n N\u00fam. 64 (2019-2020), la secuencia curricular se transform\u00f3 oficialmente en una concentraci\u00f3n menor, por lo cual actualmente se puede obtener el grado de\u00a0<strong>Concentraci\u00f3n Menor en Estudios de Mujer y G\u00e9nero del <a href=\"https:\/\/generales.uprrp.edu\/bachillerato\/\">Bachillerato en Artes en Estudios Generales<\/a> (EMG)<\/strong>. EMG contin\u00faa ofreciendo, a su vez, una gran variedad de cursos a nivel subgraduado que pueden ser tomados por cualquier estudiante del recinto como parte de sus electivas libres.<\/p>\n<p>EMG fue creado con la encomienda de atender la necesidad de integrar la perspectiva de g\u00e9nero al curr\u00edculo en la universidad reconociendo que un saber c\u00f3nsono con el mundo contempor\u00e1neo debe examinar la construcci\u00f3n de g\u00e9nero y su devenir en la cultura.<\/p>\n<p>Una de nuestras metas es desarrollar espacios de interpretaci\u00f3n, creaci\u00f3n e investigaci\u00f3n. A trav\u00e9s de los cursos, conferencias, seminarios y otras actividades, reflexionamos sobre la diversidad sexual y de g\u00e9nero, y sus significados en la interacci\u00f3n social. Asimismo, destacamos las aportaciones culturales de las mujeres a lo largo de la historia y en la sociedad contempor\u00e1nea, y reconocemos y analizamos cr\u00edticamente las aportaciones sociales y epistemol\u00f3gicas de los diversos feminismos.<\/p>\n<p>Ofrecemos un curr\u00edculo de car\u00e1cter inter y transdisciplinario. Exploramos las construcciones de g\u00e9nero y sus representaciones en la cultura, tales como la literatura, el cine, el arte, la danza, el performance y las nuevas tecnolog\u00edas, por mencionar solo algunas expresiones, desde la Filosof\u00eda, Literatura, Historia, Antropolog\u00eda, Educaci\u00f3n, Ciencia, Geograf\u00eda, el Derecho, as\u00ed como las Artes Esc\u00e9nicas y Pl\u00e1sticas, Comunicaciones, entre otras \u00e1reas de estudio.<\/p>\n<p>El estudiantado puede integrar la Concentraci\u00f3n Menor de 15 cr\u00e9ditos a sus especialidades de bachillerato. Los cursos tambi\u00e9n pueden figurar como electivas libres en los bachilleratos de todas las facultades. Les egresades del Sistema UPR que tengan inter\u00e9s en completar la Concentraci\u00f3n Menor, pueden solicitar readmisi\u00f3n al Recinto de R\u00edo Piedras y someter la solicitud para la concentraci\u00f3n menor.<\/p>\n<p>Todos nuestros cursos utilizan el c\u00f3digo INTD. La oferta acad\u00e9mica aparece en l\u00ednea cada semestre en la p\u00e1gina del Registrador, bajo la Facultad de Estudios Generales, as\u00ed como en la p\u00e1gina del EMG y en nuestra p\u00e1gina de Instagram (<a href=\"https:\/\/www.instagram.com\/mujer.genero.uprrp\/\" target=\"_blank\" rel=\"noopener\">@mujer.genero.uprrp<\/a>).<\/p>\n<p>&nbsp;<\/p>\n<p style=\"text-align: left;\"><img decoding=\"async\" class=\"alignnone wp-image-1910 size-medium\" src=\"https:\/\/generales.uprrp.edu\/concentracion-mujer-genero\/wp-content\/uploads\/sites\/10\/2023\/06\/logo-Mujer-y-Ge\u0301nero-rev2023-300x140.png\" alt=\"\" width=\"300\" height=\"140\" srcset=\"https:\/\/generales.uprrp.edu\/concentracion-mujer-genero\/wp-content\/uploads\/sites\/10\/2023\/06\/logo-Mujer-y-Ge\u0301nero-rev2023-300x140.png 300w, https:\/\/generales.uprrp.edu\/concentracion-mujer-genero\/wp-content\/uploads\/sites\/10\/2023\/06\/logo-Mujer-y-Ge\u0301nero-rev2023-1024x478.png 1024w, https:\/\/generales.uprrp.edu\/concentracion-mujer-genero\/wp-content\/uploads\/sites\/10\/2023\/06\/logo-Mujer-y-Ge\u0301nero-rev2023-1536x717.png 1536w, https:\/\/generales.uprrp.edu\/concentracion-mujer-genero\/wp-content\/uploads\/sites\/10\/2023\/06\/logo-Mujer-y-Ge\u0301nero-rev2023-2048x956.png 2048w, https:\/\/generales.uprrp.edu\/concentracion-mujer-genero\/wp-content\/uploads\/sites\/10\/2023\/06\/logo-Mujer-y-Ge\u0301nero-rev2023-150x70.png 150w, https:\/\/generales.uprrp.edu\/concentracion-mujer-genero\/wp-content\/uploads\/sites\/10\/2023\/06\/logo-Mujer-y-Ge\u0301nero-rev2023-450x210.png 450w, https:\/\/generales.uprrp.edu\/concentracion-mujer-genero\/wp-content\/uploads\/sites\/10\/2023\/06\/logo-Mujer-y-Ge\u0301nero-rev2023-1200x560.png 1200w, https:\/\/generales.uprrp.edu\/concentracion-mujer-genero\/wp-content\/uploads\/sites\/10\/2023\/06\/logo-Mujer-y-Ge\u0301nero-rev2023-768x358.png 768w, https:\/\/generales.uprrp.edu\/concentracion-mujer-genero\/wp-content\/uploads\/sites\/10\/2023\/06\/logo-Mujer-y-Ge\u0301nero-rev2023-300x140@2x.png 600w\" sizes=\"(max-width: 300px) 100vw, 300px\" \/><\/p>\n<p style=\"text-align: left;\">\n","protected":false},"excerpt":{"rendered":"<p>INFORMACI\u00d3N GENERAL SOBRE LA CONCENTRACI\u00d3N MENOR La secuencia curricular de 15 cr\u00e9ditos en Estudios de Mujer y G\u00e9nero fue aprobada mediante la Certificaci\u00f3n 123 (1999-2000) del Senado Acad\u00e9mico del Recinto de R\u00edo Piedras, tras operar como proyecto piloto durante dos a\u00f1os. Nuestra secuencia curricular atiende los debates en torno a las estructuras, los saberes y<\/p>\n","protected":false},"author":2,"featured_media":0,"parent":0,"menu_order":0,"comment_status":"closed","ping_status":"closed","template":"","meta":{"footnotes":""},"class_list":["post-12","page","type-page","status-publish"],"_links":{"self":[{"href":"https:\/\/generales.uprrp.edu\/concentracion-mujer-genero\/wp-json\/wp\/v2\/pages\/12","targetHints":{"allow":["GET"]}}],"collection":[{"href":"https:\/\/generales.uprrp.edu\/concentracion-mujer-genero\/wp-json\/wp\/v2\/pages"}],"about":[{"href":"https:\/\/generales.uprrp.edu\/concentracion-mujer-genero\/wp-json\/wp\/v2\/types\/page"}],"author":[{"embeddable":true,"href":"https:\/\/generales.uprrp.edu\/concentracion-mujer-genero\/wp-json\/wp\/v2\/users\/2"}],"replies":[{"embeddable":true,"href":"https:\/\/generales.uprrp.edu\/concentracion-mujer-genero\/wp-json\/wp\/v2\/comments?post=12"}],"version-history":[{"count":90,"href":"https:\/\/generales.uprrp.edu\/concentracion-mujer-genero\/wp-json\/wp\/v2\/pages\/12\/revisions"}],"predecessor-version":[{"id":2080,"href":"https:\/\/generales.uprrp.edu\/concentracion-mujer-genero\/wp-json\/wp\/v2\/pages\/12\/revisions\/2080"}],"wp:attachment":[{"href":"https:\/\/generales.uprrp.edu\/concentracion-mujer-genero\/wp-json\/wp\/v2\/media?parent=12"}],"curies":[{"name":"wp","href":"https:\/\/api.w.org\/{rel}","templated":true}]}}