{"id":751,"date":"2020-03-19T00:13:23","date_gmt":"2020-03-19T00:13:23","guid":{"rendered":"http:\/\/generales.uprrp.edu\/competencias-linguisticas\/?page_id=751"},"modified":"2025-09-24T18:34:10","modified_gmt":"2025-09-24T18:34:10","slug":"modulosespanol","status":"publish","type":"page","link":"https:\/\/generales.uprrp.edu\/competencias-linguisticas\/modulosespanol\/","title":{"rendered":"M\u00f3dulos en espa\u00f1ol"},"content":{"rendered":"<p><strong>Haga clic para ver los m\u00f3dulos y tomar las pruebas cortas:<\/strong><\/p>\n<p><strong>Ortograf\u00eda y gram\u00e1tica:<\/strong><\/p>\n<p><span style=\"color: #ff0000;\"><a style=\"color: #ff0000;\" href=\"https:\/\/generales.uprrp.edu\/competencias-linguisticas\/wp-content\/uploads\/sites\/15\/2025\/02\/La-acentuacion.pdf\" target=\"_blank\" rel=\"noopener noreferrer\">La acentuaci\u00f3n<\/a><\/span><\/p>\n<p><span style=\"color: #ff0000;\"><a style=\"color: #ff0000;\" href=\"https:\/\/generales.uprrp.edu\/competencias-linguisticas\/wp-content\/uploads\/sites\/15\/2025\/02\/Breve-introduccion-a-los-signos-de-puntuacion.pdf\" target=\"_blank\" rel=\"noopener noreferrer\">Breve introducci\u00f3n a los signos de puntuaci\u00f3n<\/a><\/span><\/p>\n<p><span style=\"color: #ff0000;\"><a style=\"color: #ff0000;\" href=\"https:\/\/generales.uprrp.edu\/competencias-linguisticas\/wp-content\/uploads\/sites\/15\/2025\/02\/La-coma.pdf\" target=\"_blank\" rel=\"noopener\">La coma<\/a><\/span><\/p>\n<p><span style=\"color: #ff0000;\"><a style=\"color: #ff0000;\" href=\"https:\/\/generales.uprrp.edu\/competencias-linguisticas\/wp-content\/uploads\/sites\/15\/2025\/02\/Ortografia-letras-dudosas.pdf\" target=\"_blank\" rel=\"noopener noreferrer\">Ortograf\u00eda (letras dudosas)<\/a><\/span><\/p>\n<p><span style=\"color: #ff0000;\"><a style=\"color: #ff0000;\" href=\"https:\/\/generales.uprrp.edu\/competencias-linguisticas\/wp-content\/uploads\/sites\/15\/2025\/02\/El-uso-correcto-de-las-preposiciones.pdf\" target=\"_blank\" rel=\"noopener noreferrer\">El uso correcto de las preposiciones<\/a><\/span><\/p>\n<p><span style=\"color: #ff0000;\"><a style=\"color: #ff0000;\" href=\"https:\/\/generales.uprrp.edu\/competencias-linguisticas\/wp-content\/uploads\/sites\/15\/2025\/02\/Usos-correctos-del-gerundio.pdf\" target=\"_blank\" rel=\"noopener noreferrer\">Usos correctos del gerundio<\/a><\/span><\/p>\n<p><span style=\"color: #ff0000;\"><a style=\"color: #ff0000;\" href=\"https:\/\/generales.uprrp.edu\/competencias-linguisticas\/wp-content\/uploads\/sites\/15\/2025\/02\/La-estructura-de-una-oracion-completa.pdf\" target=\"_blank\" rel=\"noopener noreferrer\">La estructura de una oraci\u00f3n completa<\/a><\/span><\/p>\n<p><span style=\"color: #ff0000;\"><a style=\"color: #ff0000;\" href=\"https:\/\/generales.uprrp.edu\/competencias-linguisticas\/wp-content\/uploads\/sites\/15\/2025\/02\/Repaso-de-categorias-gramaticales.pdf\" target=\"_blank\" rel=\"noopener noreferrer\">Repaso de categor\u00edas gramaticales<\/a><\/span><\/p>\n<p><span style=\"color: #ff0000;\"><a style=\"color: #ff0000;\" href=\"https:\/\/generales.uprrp.edu\/competencias-linguisticas\/wp-content\/uploads\/sites\/15\/2020\/03\/Comodines-del-lenguaje-revisado-1-1.pdf\" target=\"_blank\" rel=\"noopener noreferrer\">Comodines del lenguaje (No genera evidencia autom\u00e1tica)<\/a><\/span><\/p>\n<p><span style=\"color: #ff0000;\"><a style=\"color: #ff0000;\" href=\"https:\/\/generales.uprrp.edu\/competencias-linguisticas\/wp-content\/uploads\/sites\/15\/2025\/02\/Oraciones-compuestas-coordinadas.pdf\" target=\"_blank\" rel=\"noopener noreferrer\">Oraciones compuestas coordinadas<\/a><\/span><\/p>\n<p><a href=\"https:\/\/www.youtube.com\/watch?v=PU_Dy0MjD2k\" target=\"_blank\" rel=\"noopener\"><span style=\"color: #ff0000;\">\ud83c\udfa5C\u00f3mo usar el Diccionario panhisp\u00e1nico de dudas (video)<\/span><\/a><\/p>\n<p><a href=\"https:\/\/youtu.be\/eBxVGJx-gBI\"><span style=\"color: #ff0000;\">\ud83c\udfa5La interferencia del ingl\u00e9s en el espa\u00f1ol (video)<\/span><\/a><\/p>\n<p>\ud83c\udfa5<a href=\"https:\/\/youtu.be\/wkHg5dkyNsY\" target=\"_blank\" rel=\"noopener\"><span style=\"color: #ff0000;\">La concordancia gramatical (video)<\/span><\/a><\/p>\n<p>\ud83c\udfa5<a href=\"https:\/\/www.youtube.com\/watch?v=lbJVRkHa9es\" target=\"_blank\" rel=\"noopener\"><span style=\"color: #ff0000;\">Formato y ortograf\u00eda con Microsoft Word (video)<\/span><\/a><\/p>\n<p><span style=\"color: #ff0000;\"><a style=\"color: #ff0000;\" href=\"https:\/\/generales.uprrp.edu\/competencias-linguisticas\/wp-content\/uploads\/sites\/15\/2025\/02\/Falsos-amigos.pdf\" target=\"_blank\" rel=\"noopener\">Falsos amigos<\/a><\/span><\/p>\n<p><strong>Estrategias de lectura:\u00a0<\/strong><\/p>\n<p><span style=\"color: #ff0000;\"><a style=\"color: #ff0000;\" href=\"https:\/\/generales.uprrp.edu\/competencias-linguisticas\/wp-content\/uploads\/sites\/15\/2025\/02\/Aproximacion-al-pensamiento-critico.pdf\" target=\"_blank\" rel=\"noopener noreferrer\">Aproximaci\u00f3n al pensamiento cr\u00edtico<\/a><\/span><\/p>\n<p><span style=\"color: #ff0000;\"><a style=\"color: #ff0000;\" href=\"https:\/\/generales.uprrp.edu\/competencias-linguisticas\/wp-content\/uploads\/sites\/15\/2025\/02\/Contrastes_-El-discurso-literario-y-no-literario.pdf\" target=\"_blank\" rel=\"noopener noreferrer\">Contrastes: El discurso literario y no literario<\/a><\/span><\/p>\n<p><span style=\"color: #ff0000;\"><a style=\"color: #ff0000;\" href=\"https:\/\/generales.uprrp.edu\/competencias-linguisticas\/wp-content\/uploads\/sites\/15\/2025\/02\/Analisis-de-textos-no-literarios.pdf\" target=\"_blank\" rel=\"noopener noreferrer\">An\u00e1lisis de textos no literarios<\/a><\/span><\/p>\n<p><span style=\"color: #ff0000;\"><a style=\"color: #ff0000;\" href=\"https:\/\/generales.uprrp.edu\/competencias-linguisticas\/wp-content\/uploads\/sites\/15\/2025\/02\/Introduccion-a-la-poesia.pdf\" target=\"_blank\" rel=\"noopener noreferrer\">Introducci\u00f3n a la poes\u00eda<\/a><\/span><\/p>\n<p><strong>Estrategias de escritura:<\/strong><\/p>\n<p><span style=\"color: #ff0000;\"><a style=\"color: #ff0000;\" href=\"https:\/\/generales.uprrp.edu\/competencias-linguisticas\/wp-content\/uploads\/sites\/15\/2025\/02\/Ideas-principales-y-secundarias.pdf\" target=\"_blank\" rel=\"noopener noreferrer\">Ideas principales y secundarias<\/a><\/span><\/p>\n<p><span style=\"color: #ff0000;\"><a style=\"color: #ff0000;\" href=\"https:\/\/generales.uprrp.edu\/competencias-linguisticas\/wp-content\/uploads\/sites\/15\/2025\/02\/Organizacion-de-ideas.pdf\" target=\"_blank\" rel=\"noopener noreferrer\">Organizaci\u00f3n de ideas<\/a><\/span><\/p>\n<p>\ud83c\udfa5\u00a0<span style=\"color: #ff0000;\"><a style=\"color: #ff0000;\" href=\"https:\/\/youtu.be\/Uj3r6G445Sg\" target=\"_blank\" rel=\"noopener\">Webinar: La organizaci\u00f3n de ideas<\/a><\/span><\/p>\n<p><span style=\"color: #ff0000;\"><a style=\"color: #ff0000;\" href=\"https:\/\/generales.uprrp.edu\/competencias-linguisticas\/wp-content\/uploads\/sites\/15\/2025\/02\/Revision-y-edicion-de-textos.pdf\" target=\"_blank\" rel=\"noopener noreferrer\">Revisi\u00f3n y edici\u00f3n de textos<\/a><\/span><\/p>\n<p><a href=\"https:\/\/www.youtube.com\/watch?v=0gUxltytUm0\" target=\"_blank\" rel=\"noopener\">\ud83c\udfa5 <span style=\"color: #ff0000;\">Webinar: Revisi\u00f3n y edici\u00f3n de textos<\/span><\/a><\/p>\n<p><span style=\"color: #ff0000;\"><a style=\"color: #ff0000;\" href=\"https:\/\/generales.uprrp.edu\/competencias-linguisticas\/wp-content\/uploads\/sites\/15\/2025\/02\/La-resena.pdf\" target=\"_blank\" rel=\"noopener noreferrer\">La rese\u00f1a<\/a><\/span><\/p>\n<p><span style=\"color: #ff0000;\"><a style=\"color: #ff0000;\" href=\"https:\/\/generales.uprrp.edu\/competencias-linguisticas\/wp-content\/uploads\/sites\/15\/2025\/02\/La-monografia.pdf\" target=\"_blank\" rel=\"noopener noreferrer\">La monograf\u00eda<\/a><\/span><\/p>\n<p><span style=\"color: #ff0000;\"><a style=\"color: #ff0000;\" href=\"https:\/\/generales.uprrp.edu\/competencias-linguisticas\/wp-content\/uploads\/sites\/15\/2025\/02\/Ensayo-argumentativo.pdf\" target=\"_blank\" rel=\"noopener noreferrer\">El ensayo argumentativo<\/a><\/span><\/p>\n<p><span style=\"color: #ff0000;\"><a style=\"color: #ff0000;\" href=\"https:\/\/youtu.be\/vZwbQupbPNA\" target=\"_blank\" rel=\"noopener\">\ud83c\udfa5 El ensayo expositivo<\/a><\/span><\/p>\n<p><span style=\"color: #ff0000;\"><a style=\"color: #ff0000;\" href=\"https:\/\/www.youtube.com\/watch?v=G9G9pZz-I9w&amp;t=130s\" target=\"_blank\" rel=\"noopener\">\ud83c\udfa5 La precisi\u00f3n l\u00e9xica<\/a><\/span><\/p>\n<p><span style=\"color: #ff0000;\"><a style=\"color: #ff0000;\" href=\"https:\/\/generales.uprrp.edu\/competencias-linguisticas\/wp-content\/uploads\/sites\/15\/2025\/02\/Redacta-en-voz-activa.pdf\" target=\"_blank\" rel=\"noopener\">Redactando en voz activa<\/a><\/span><\/p>\n<p><span style=\"color: #ff0000;\"><a style=\"color: #ff0000;\" href=\"https:\/\/generales.uprrp.edu\/competencias-linguisticas\/wp-content\/uploads\/sites\/15\/2025\/02\/Coherencia-y-Cohesion.pdf\" target=\"_blank\" rel=\"noopener\">Coherencia y cohesi\u00f3n<\/a><\/span><\/p>\n<p><span style=\"color: #ff0000;\"><a style=\"color: #ff0000;\" href=\"https:\/\/generales.uprrp.edu\/competencias-linguisticas\/wp-content\/uploads\/sites\/15\/2025\/02\/El-arte-de-parafrasear.pdf\" target=\"_blank\" rel=\"noopener\">El arte de parafrasear<\/a><\/span><\/p>\n<p><span style=\"color: #ff0000;\"><a style=\"color: #ff0000;\" href=\"https:\/\/generales.uprrp.edu\/competencias-linguisticas\/wp-content\/uploads\/sites\/15\/2025\/02\/Etiqueta-en-la-redaccion-de-correos-electronicos.pdf\" target=\"_blank\" rel=\"noopener\">Etiqueta en la redaccio\u0301n de correos electro\u0301nicos<\/a><\/span><\/p>\n<p><strong>Preparaci\u00f3n acad\u00e9mica y profesional:<\/strong><\/p>\n<p><span style=\"color: #ff0000;\"><a style=\"color: #ff0000;\" href=\"https:\/\/generales.uprrp.edu\/competencias-linguisticas\/wp-content\/uploads\/sites\/15\/2023\/04\/Mo\u0301dulo-sobre-Curriculum-Vitae.pdf\" target=\"_blank\" rel=\"noopener noreferrer\">C\u00f3mo preparar tu Curr\u00edculum Vitae<\/a><\/span><\/p>\n<p><strong>Competencia oral:<\/strong><\/p>\n<p><span style=\"color: #ff0000;\"><a style=\"color: #ff0000;\" href=\"https:\/\/generales.uprrp.edu\/competencias-linguisticas\/wp-content\/uploads\/sites\/15\/2025\/02\/La-importancia-del-tono-de-voz.pdf\" target=\"_blank\" rel=\"noopener noreferrer\">La importancia del tono de voz<\/a><\/span><\/p>\n<p><span style=\"color: #ff0000;\"><a style=\"color: #ff0000;\" href=\"https:\/\/generales.uprrp.edu\/competencias-linguisticas\/wp-content\/uploads\/sites\/15\/2025\/02\/Como-crear-una-presentacion-efectiva.pdf\" target=\"_blank\" rel=\"noopener noreferrer\">C\u00f3mo crear una presentaci\u00f3n efectiva<\/a><\/span><\/p>\n<p><span style=\"color: #ff0000;\"><a style=\"color: #ff0000;\" href=\"https:\/\/generales.uprrp.edu\/competencias-linguisticas\/wp-content\/uploads\/sites\/15\/2025\/02\/Tecnicas-para-capturar-la-atencion-de-una-audiencia.pdf\" target=\"_blank\" rel=\"noopener noreferrer\">T\u00e9cnicas para capturar la atenci\u00f3n de una audiencia<\/a><\/span><\/p>\n<p><strong>Otros recursos:<\/strong><\/p>\n<p><span style=\"color: #ff0000;\"><a style=\"color: #ff0000;\" href=\"https:\/\/generales.uprrp.edu\/competencias-linguisticas\/wp-content\/uploads\/sites\/15\/2024\/06\/Introduccion-a-la-traduccion.pdf\" target=\"_blank\" rel=\"noopener noreferrer\">Introducci\u00f3n a la traducci\u00f3n<\/a><\/span><\/p>\n<hr \/>\n<p><strong>ESTUDIO INDEPENDIENTE<\/strong><\/p>\n<p>Estos ejercicios est\u00e1n dirigidos a toda persona que desee repasar diferentes aspectos del lenguaje. Estos ejercicios <strong><em><u>NO<\/u><\/em><\/strong> generan evidencia de pr\u00e1ctica. Si un(a) profesor(a) solicita evidencia, es su responsabilidad tomar un \u201cscreenshot\u201d del resultado y compartirlo con \u00e9l o ella. Recuerde que en el CDCL no tendremos evidencia y no podremos ayudarle. Ejemplo:<\/p>\n<p><img fetchpriority=\"high\" decoding=\"async\" class=\"aligncenter size-full wp-image-747\" src=\"https:\/\/generales.uprrp.edu\/competencias-linguisticas\/wp-content\/uploads\/sites\/15\/2020\/03\/screenshot-site.png\" alt=\"ejemplo de un &quot;screenshot&quot;\" width=\"547\" height=\"278\" srcset=\"https:\/\/generales.uprrp.edu\/competencias-linguisticas\/wp-content\/uploads\/sites\/15\/2020\/03\/screenshot-site.png 547w, https:\/\/generales.uprrp.edu\/competencias-linguisticas\/wp-content\/uploads\/sites\/15\/2020\/03\/screenshot-site-300x152.png 300w, https:\/\/generales.uprrp.edu\/competencias-linguisticas\/wp-content\/uploads\/sites\/15\/2020\/03\/screenshot-site-164x82.png 164w, https:\/\/generales.uprrp.edu\/competencias-linguisticas\/wp-content\/uploads\/sites\/15\/2020\/03\/screenshot-site-164x82@2x.png 328w\" sizes=\"(max-width: 547px) 100vw, 547px\" \/><\/p>\n<p><strong>Instrucciones:<\/strong><\/p>\n<ol>\n<li>Haga clic en el ejercicio que quiera completar.<\/li>\n<li>Guarde el archivo en su computadora.<\/li>\n<li>Abra el archivo.<\/li>\n<li>Grabe una imagen de su puntuaci\u00f3n como evidencia.<br \/>\n<hr \/>\n<\/li>\n<\/ol>\n<p><span style=\"color: #c70606; font-size: 21px; font-weight: bold;\">El Verbo<\/span><\/p>\n<ul>\n<li><a style=\"color: #fc2d2d;\" href=\"https:\/\/dl.dropbox.com\/s\/j9xx7o6kavvp4xm\/verbosirregulares.htm?dl=0\">Verbos irregulares<\/a><\/li>\n<\/ul>\n<ul>\n<li><span style=\"color: #fc2d2d;\"><a style=\"color: #fc2d2d;\" href=\"https:\/\/dl.dropbox.com\/s\/0a3skvj7w2froc5\/AuxiliaroPrincipal.htm?dl=0\">Auxiliar o Principal<\/a><\/span><\/li>\n<li><span style=\"color: #fc2d2d;\"><a style=\"color: #fc2d2d;\" href=\"https:\/\/dl.dropbox.com\/s\/oooo8ndlrxdxmth\/FormasCompuestasImpersonales.htm?dl=0\">Formas impersonales compuestas<\/a><\/span><\/li>\n<li><span style=\"color: #fc2d2d;\"><a style=\"color: #fc2d2d;\" href=\"https:\/\/dl.dropbox.com\/s\/20jud6h624ignsc\/FrasesVerbales.htm?dl=0\">Frases verbales<\/a><\/span><\/li>\n<li><span style=\"color: #fc2d2d;\"><a style=\"color: #fc2d2d;\" href=\"https:\/\/dl.dropbox.com\/s\/cs4e1kp6294ro9t\/FuncionesParticipio.htm?dl=0\">Funci\u00f3n del participio<\/a><\/span><\/li>\n<li><span style=\"color: #fc2d2d;\"><a style=\"color: #fc2d2d;\" href=\"https:\/\/dl.dropbox.com\/s\/qa9wk5bf2g165r3\/GerundiosCI.htm?dl=0\">El gerundio<\/a><\/span><\/li>\n<li><span style=\"color: #fc2d2d;\"><a style=\"color: #fc2d2d;\" href=\"https:\/\/dl.dropbox.com\/s\/uhil40pqp9iw2uv\/IndicativoaSubjuntivo.htm?dl=0\">Indicativo a Subjuntivo<\/a><\/span><\/li>\n<li><span style=\"color: #fc2d2d;\"><a style=\"color: #fc2d2d;\" href=\"https:\/\/dl.dropbox.com\/s\/uk214iee1mhvvv6\/concordanciapersonanumerosujetoverbo.htm?dl=0\">Concordancia &#8211; Sujeto y Verbo<\/a><\/span><\/li>\n<\/ul>\n<p><span style=\"color: #c70606; font-size: 21px; font-weight: bold;\">Redacci\u00f3n<\/span><\/p>\n<p><span style=\"color: #fc2d2d;\"><a style=\"color: #fc2d2d;\" href=\"https:\/\/dl.dropbox.com\/s\/6czpn4szdial20s\/Ejerciciossecuenciaoraciones_5.htm?dl=0\">Secuencia de oraciones<\/a><\/span><\/p>\n<p><span style=\"color: #c70606; font-size: 21px; font-weight: bold;\">Comprensi\u00f3n de lectura<\/span><\/p>\n<ul>\n<li><span style=\"color: #fc2d2d;\"><a style=\"color: #fc2d2d;\" href=\"https:\/\/dl.dropbox.com\/s\/yc3c06bk0r3jlev\/Ejercicioscomprensi%C3%B3nfeminismo10.htm?dl=0\">Lectura &#8211; Feminismo<\/a><\/span><\/li>\n<\/ul>\n<div class=\"pvc_clear\"><\/div>\n<p id=\"pvc_stats_751\" class=\"pvc_stats all  \" data-element-id=\"751\" style=\"\"><i class=\"pvc-stats-icon medium\" aria-hidden=\"true\"><svg aria-hidden=\"true\" focusable=\"false\" data-prefix=\"far\" data-icon=\"chart-bar\" role=\"img\" xmlns=\"http:\/\/www.w3.org\/2000\/svg\" viewBox=\"0 0 512 512\" class=\"svg-inline--fa fa-chart-bar fa-w-16 fa-2x\"><path fill=\"currentColor\" d=\"M396.8 352h22.4c6.4 0 12.8-6.4 12.8-12.8V108.8c0-6.4-6.4-12.8-12.8-12.8h-22.4c-6.4 0-12.8 6.4-12.8 12.8v230.4c0 6.4 6.4 12.8 12.8 12.8zm-192 0h22.4c6.4 0 12.8-6.4 12.8-12.8V140.8c0-6.4-6.4-12.8-12.8-12.8h-22.4c-6.4 0-12.8 6.4-12.8 12.8v198.4c0 6.4 6.4 12.8 12.8 12.8zm96 0h22.4c6.4 0 12.8-6.4 12.8-12.8V204.8c0-6.4-6.4-12.8-12.8-12.8h-22.4c-6.4 0-12.8 6.4-12.8 12.8v134.4c0 6.4 6.4 12.8 12.8 12.8zM496 400H48V80c0-8.84-7.16-16-16-16H16C7.16 64 0 71.16 0 80v336c0 17.67 14.33 32 32 32h464c8.84 0 16-7.16 16-16v-16c0-8.84-7.16-16-16-16zm-387.2-48h22.4c6.4 0 12.8-6.4 12.8-12.8v-70.4c0-6.4-6.4-12.8-12.8-12.8h-22.4c-6.4 0-12.8 6.4-12.8 12.8v70.4c0 6.4 6.4 12.8 12.8 12.8z\" class=\"\"><\/path><\/svg><\/i> <img decoding=\"async\" width=\"16\" height=\"16\" alt=\"Loading\" src=\"https:\/\/generales.uprrp.edu\/competencias-linguisticas\/wp-content\/plugins\/page-views-count\/ajax-loader-2x.gif\" border=0 \/><\/p>\n<div class=\"pvc_clear\"><\/div>\n","protected":false},"excerpt":{"rendered":"<p>Haga clic para ver los m\u00f3dulos y tomar las pruebas cortas: Ortograf\u00eda y gram\u00e1tica: La acentuaci\u00f3n Breve introducci\u00f3n a los signos de puntuaci\u00f3n La coma Ortograf\u00eda (letras dudosas) El uso correcto de las preposiciones Usos correctos del gerundio La estructura de una oraci\u00f3n completa Repaso de categor\u00edas gramaticales Comodines del lenguaje (No genera evidencia autom\u00e1tica)<\/p>\n","protected":false},"author":22,"featured_media":0,"parent":0,"menu_order":0,"comment_status":"closed","ping_status":"closed","template":"page-blocks.php","meta":{"footnotes":""},"class_list":["post-751","page","type-page","status-publish"],"amp_enabled":true,"_links":{"self":[{"href":"https:\/\/generales.uprrp.edu\/competencias-linguisticas\/wp-json\/wp\/v2\/pages\/751","targetHints":{"allow":["GET"]}}],"collection":[{"href":"https:\/\/generales.uprrp.edu\/competencias-linguisticas\/wp-json\/wp\/v2\/pages"}],"about":[{"href":"https:\/\/generales.uprrp.edu\/competencias-linguisticas\/wp-json\/wp\/v2\/types\/page"}],"author":[{"embeddable":true,"href":"https:\/\/generales.uprrp.edu\/competencias-linguisticas\/wp-json\/wp\/v2\/users\/22"}],"replies":[{"embeddable":true,"href":"https:\/\/generales.uprrp.edu\/competencias-linguisticas\/wp-json\/wp\/v2\/comments?post=751"}],"version-history":[{"count":103,"href":"https:\/\/generales.uprrp.edu\/competencias-linguisticas\/wp-json\/wp\/v2\/pages\/751\/revisions"}],"predecessor-version":[{"id":2729,"href":"https:\/\/generales.uprrp.edu\/competencias-linguisticas\/wp-json\/wp\/v2\/pages\/751\/revisions\/2729"}],"wp:attachment":[{"href":"https:\/\/generales.uprrp.edu\/competencias-linguisticas\/wp-json\/wp\/v2\/media?parent=751"}],"curies":[{"name":"wp","href":"https:\/\/api.w.org\/{rel}","templated":true}]}}