{"id":35,"date":"2017-02-15T13:47:55","date_gmt":"2017-02-15T13:47:55","guid":{"rendered":"http:\/\/generalesdv.uprrp.edu\/competencias-linguisticas\/?page_id=35"},"modified":"2025-10-20T18:42:25","modified_gmt":"2025-10-20T18:42:25","slug":"tutores","status":"publish","type":"page","link":"https:\/\/generales.uprrp.edu\/competencias-linguisticas\/tutores\/","title":{"rendered":"Tutores"},"content":{"rendered":"\t\t<div data-elementor-type=\"wp-page\" data-elementor-id=\"35\" class=\"elementor elementor-35\">\n\t\t\t\t\t\t<section class=\"elementor-section elementor-top-section elementor-element elementor-element-5af2362 elementor-section-boxed elementor-section-height-default elementor-section-height-default\" data-id=\"5af2362\" data-element_type=\"section\" data-e-type=\"section\">\n\t\t\t\t\t\t<div class=\"elementor-container elementor-column-gap-default\">\n\t\t\t\t\t<div class=\"elementor-column elementor-col-100 elementor-top-column elementor-element elementor-element-11f2838\" data-id=\"11f2838\" data-element_type=\"column\" data-e-type=\"column\">\n\t\t\t<div class=\"elementor-widget-wrap elementor-element-populated\">\n\t\t\t\t\t\t<div class=\"elementor-element elementor-element-ee9e385 elementor-widget elementor-widget-text-editor\" data-id=\"ee9e385\" data-element_type=\"widget\" data-e-type=\"widget\" data-widget_type=\"text-editor.default\">\n\t\t\t\t<div class=\"elementor-widget-container\">\n\t\t\t\t\t\t\t\t\t<p>Los asistentes de c\u00e1tedra que trabajan como tutores del CDCL son estudiantes graduados de diferentes programas de maestr\u00eda del Recinto, quienes reciben adiestramientos sobre los procesos de ense\u00f1anza-aprendizaje pertinentes a sus labores en el Centro. Esta Experiencia Acad\u00e9mica Formativa (EaF) los capacita para ofrecer revisiones virtuales, tutor\u00edas individuales sincr\u00f3nicas, creaci\u00f3n de materiales acad\u00e9micos para la redacci\u00f3n e investigaci\u00f3n subgraduada, apoyo a otros estudiantes en la creaci\u00f3n de estos, y los prepara para convertirse en profesores en el futuro. Invitamos a profesores de todo el Recinto a ofrecer talleres de capacitaci\u00f3n y compartir su pericia para as\u00ed colaborar en la formaci\u00f3n acad\u00e9mica y profesional de los tutores.<b>\u00a0<\/b><\/p>\t\t\t\t\t\t\t\t<\/div>\n\t\t\t\t<\/div>\n\t\t\t\t\t<\/div>\n\t\t<\/div>\n\t\t\t\t\t<\/div>\n\t\t<\/section>\n\t\t\t\t<section class=\"elementor-section elementor-top-section elementor-element elementor-element-95326a5 elementor-section-boxed elementor-section-height-default elementor-section-height-default\" data-id=\"95326a5\" data-element_type=\"section\" data-e-type=\"section\">\n\t\t\t\t\t\t<div class=\"elementor-container elementor-column-gap-default\">\n\t\t\t\t\t<div class=\"elementor-column elementor-col-100 elementor-top-column elementor-element elementor-element-d76a3cd\" data-id=\"d76a3cd\" data-element_type=\"column\" data-e-type=\"column\">\n\t\t\t<div class=\"elementor-widget-wrap elementor-element-populated\">\n\t\t\t\t\t\t<div class=\"elementor-element elementor-element-67e65fd elementor-widget elementor-widget-text-editor\" data-id=\"67e65fd\" data-element_type=\"widget\" data-e-type=\"widget\" data-widget_type=\"text-editor.default\">\n\t\t\t\t<div class=\"elementor-widget-container\">\n\t\t\t\t\t\t\t\t\t<h5>Equipo de tutores:<\/h5>\t\t\t\t\t\t\t\t<\/div>\n\t\t\t\t<\/div>\n\t\t\t\t\t<\/div>\n\t\t<\/div>\n\t\t\t\t\t<\/div>\n\t\t<\/section>\n\t\t\t\t<section class=\"elementor-section elementor-top-section elementor-element elementor-element-0b27149 elementor-section-boxed elementor-section-height-default elementor-section-height-default\" data-id=\"0b27149\" data-element_type=\"section\" data-e-type=\"section\">\n\t\t\t\t\t\t<div class=\"elementor-container elementor-column-gap-default\">\n\t\t\t\t\t<div class=\"elementor-column elementor-col-33 elementor-top-column elementor-element elementor-element-2d6be54\" data-id=\"2d6be54\" data-element_type=\"column\" data-e-type=\"column\">\n\t\t\t<div class=\"elementor-widget-wrap elementor-element-populated\">\n\t\t\t\t\t\t<div class=\"elementor-element elementor-element-2909f00 elementor-widget elementor-widget-image\" data-id=\"2909f00\" data-element_type=\"widget\" data-e-type=\"widget\" data-widget_type=\"image.default\">\n\t\t\t\t<div class=\"elementor-widget-container\">\n\t\t\t\t\t\t\t\t\t\t\t\t<figure class=\"wp-caption\">\n\t\t\t\t\t\t\t\t\t\t<img fetchpriority=\"high\" decoding=\"async\" width=\"600\" height=\"600\" src=\"image\/svg+xml;base64,PHN2ZyB2aWV3Qm94PScwIDAgMTAyNCAxMDI0JyB4bWxucz0naHR0cDovL3d3dy53My5vcmcvMjAwMC9zdmcnPjwvc3ZnPg==\" class=\"attachment-large size-large wp-image-2732 lazyload\" alt=\"\" sizes=\"(max-width: 600px) 100vw, 600px\" data-srcset=\"https:\/\/generales.uprrp.edu\/competencias-linguisticas\/wp-content\/uploads\/sites\/15\/2025\/09\/Melanie-300x300@2x.png 600w, https:\/\/generales.uprrp.edu\/competencias-linguisticas\/wp-content\/uploads\/sites\/15\/2025\/09\/Melanie-150x150@2x.png 300w, https:\/\/generales.uprrp.edu\/competencias-linguisticas\/wp-content\/uploads\/sites\/15\/2025\/09\/Melanie-150x150.png 150w, https:\/\/generales.uprrp.edu\/competencias-linguisticas\/wp-content\/uploads\/sites\/15\/2025\/09\/Melanie-450x450.png 450w\" data-src=\"https:\/\/generales.uprrp.edu\/competencias-linguisticas\/wp-content\/uploads\/sites\/15\/2025\/09\/Melanie.png\" \/>\t\t\t\t\t\t\t\t\t\t\t<figcaption class=\"widget-image-caption wp-caption-text\">Melanie M. Rivera Col\u00f3n, Programa Graduado de Traducci\u00f3n<\/figcaption>\n\t\t\t\t\t\t\t\t\t\t<\/figure>\n\t\t\t\t\t\t\t\t\t<\/div>\n\t\t\t\t<\/div>\n\t\t\t\t\t<\/div>\n\t\t<\/div>\n\t\t\t\t<div class=\"elementor-column elementor-col-33 elementor-top-column elementor-element elementor-element-8ef7f25\" data-id=\"8ef7f25\" data-element_type=\"column\" data-e-type=\"column\">\n\t\t\t<div class=\"elementor-widget-wrap elementor-element-populated\">\n\t\t\t\t\t\t<div class=\"elementor-element elementor-element-22b5fd5 elementor-widget elementor-widget-image\" data-id=\"22b5fd5\" data-element_type=\"widget\" data-e-type=\"widget\" data-widget_type=\"image.default\">\n\t\t\t\t<div class=\"elementor-widget-container\">\n\t\t\t\t\t\t\t\t\t\t\t\t<figure class=\"wp-caption\">\n\t\t\t\t\t\t\t\t\t\t<img decoding=\"async\" width=\"600\" height=\"600\" src=\"image\/svg+xml;base64,PHN2ZyB2aWV3Qm94PScwIDAgMTAyNCAxMDI0JyB4bWxucz0naHR0cDovL3d3dy53My5vcmcvMjAwMC9zdmcnPjwvc3ZnPg==\" class=\"attachment-large size-large wp-image-2751 lazyload\" alt=\"\" sizes=\"(max-width: 600px) 100vw, 600px\" data-srcset=\"https:\/\/generales.uprrp.edu\/competencias-linguisticas\/wp-content\/uploads\/sites\/15\/2025\/10\/Angel-300x300@2x.png 600w, https:\/\/generales.uprrp.edu\/competencias-linguisticas\/wp-content\/uploads\/sites\/15\/2025\/10\/Angel-150x150@2x.png 300w, https:\/\/generales.uprrp.edu\/competencias-linguisticas\/wp-content\/uploads\/sites\/15\/2025\/10\/Angel-150x150.png 150w, https:\/\/generales.uprrp.edu\/competencias-linguisticas\/wp-content\/uploads\/sites\/15\/2025\/10\/Angel-450x450.png 450w\" data-src=\"https:\/\/generales.uprrp.edu\/competencias-linguisticas\/wp-content\/uploads\/sites\/15\/2025\/10\/Angel.png\" \/>\t\t\t\t\t\t\t\t\t\t\t<figcaption class=\"widget-image-caption wp-caption-text\">\u00c1ngel G. Green Rodr\u00edguez Programa Graduado de Filosof\u00eda Facultad de Humanidades<\/figcaption>\n\t\t\t\t\t\t\t\t\t\t<\/figure>\n\t\t\t\t\t\t\t\t\t<\/div>\n\t\t\t\t<\/div>\n\t\t\t\t\t<\/div>\n\t\t<\/div>\n\t\t\t\t<div class=\"elementor-column elementor-col-33 elementor-top-column elementor-element elementor-element-8829c06\" data-id=\"8829c06\" data-element_type=\"column\" data-e-type=\"column\">\n\t\t\t<div class=\"elementor-widget-wrap\">\n\t\t\t\t\t\t\t<\/div>\n\t\t<\/div>\n\t\t\t\t\t<\/div>\n\t\t<\/section>\n\t\t\t\t<\/div>\n\t\t","protected":false},"excerpt":{"rendered":"<p>Los asistentes de c\u00e1tedra que trabajan como tutores del CDCL son estudiantes graduados de diferentes programas de maestr\u00eda del Recinto, quienes reciben adiestramientos sobre los procesos de ense\u00f1anza-aprendizaje pertinentes a sus labores en el Centro. Esta Experiencia Acad\u00e9mica Formativa (EaF) los capacita para ofrecer revisiones virtuales, tutor\u00edas individuales sincr\u00f3nicas, creaci\u00f3n de materiales acad\u00e9micos para la<\/p>\n","protected":false},"author":16,"featured_media":0,"parent":0,"menu_order":0,"comment_status":"closed","ping_status":"closed","template":"","meta":{"footnotes":""},"class_list":["post-35","page","type-page","status-publish"],"amp_enabled":true,"_links":{"self":[{"href":"https:\/\/generales.uprrp.edu\/competencias-linguisticas\/wp-json\/wp\/v2\/pages\/35","targetHints":{"allow":["GET"]}}],"collection":[{"href":"https:\/\/generales.uprrp.edu\/competencias-linguisticas\/wp-json\/wp\/v2\/pages"}],"about":[{"href":"https:\/\/generales.uprrp.edu\/competencias-linguisticas\/wp-json\/wp\/v2\/types\/page"}],"author":[{"embeddable":true,"href":"https:\/\/generales.uprrp.edu\/competencias-linguisticas\/wp-json\/wp\/v2\/users\/16"}],"replies":[{"embeddable":true,"href":"https:\/\/generales.uprrp.edu\/competencias-linguisticas\/wp-json\/wp\/v2\/comments?post=35"}],"version-history":[{"count":63,"href":"https:\/\/generales.uprrp.edu\/competencias-linguisticas\/wp-json\/wp\/v2\/pages\/35\/revisions"}],"predecessor-version":[{"id":2754,"href":"https:\/\/generales.uprrp.edu\/competencias-linguisticas\/wp-json\/wp\/v2\/pages\/35\/revisions\/2754"}],"wp:attachment":[{"href":"https:\/\/generales.uprrp.edu\/competencias-linguisticas\/wp-json\/wp\/v2\/media?parent=35"}],"curies":[{"name":"wp","href":"https:\/\/api.w.org\/{rel}","templated":true}]}}