{"id":2757,"date":"2026-01-16T20:14:11","date_gmt":"2026-01-16T20:14:11","guid":{"rendered":"https:\/\/generales.uprrp.edu\/competencias-linguisticas\/?page_id=2757"},"modified":"2026-01-16T20:16:06","modified_gmt":"2026-01-16T20:16:06","slug":"2025-2026","status":"publish","type":"page","link":"https:\/\/generales.uprrp.edu\/competencias-linguisticas\/2025-2026\/","title":{"rendered":"2025-2026"},"content":{"rendered":"<p><strong>Primer Semestre<\/strong><\/p>\n<ul>\n<li><a href=\"https:\/\/generales.uprrp.edu\/competencias-linguisticas\/wp-content\/uploads\/sites\/15\/2026\/01\/INFORME_CDCL_primer_semestre_2025-2026.pdf\" target=\"_blank\" rel=\"noopener\">Informe Primer Semestre<\/a><\/li>\n<li><a href=\"https:\/\/generales.uprrp.edu\/competencias-linguisticas\/wp-content\/uploads\/sites\/15\/2026\/01\/Informe_CDCL_CoordinacionMatematicas_MariaYanez_1s2025-2026.pdf\" target=\"_blank\" rel=\"noopener\">Informe Coordinaci\u00f3n de Matem\u00e1ticas<\/a><\/li>\n<li><a href=\"https:\/\/generales.uprrp.edu\/competencias-linguisticas\/wp-content\/uploads\/sites\/15\/2026\/01\/Informe_CDCL_CoordinacionIngles_Dra.Gretchen_Torres_1S-2025-2026.pdf\" target=\"_blank\" rel=\"noopener\">Informe Coordinaci\u00f3n de Ingl\u00e9s<\/a><\/li>\n<\/ul>\n","protected":false},"excerpt":{"rendered":"<p>Primer Semestre Informe Primer Semestre Informe Coordinaci\u00f3n de Matem\u00e1ticas Informe Coordinaci\u00f3n de Ingl\u00e9s<\/p>\n","protected":false},"author":11,"featured_media":0,"parent":0,"menu_order":0,"comment_status":"closed","ping_status":"closed","template":"","meta":{"footnotes":""},"class_list":["post-2757","page","type-page","status-publish"],"amp_enabled":true,"_links":{"self":[{"href":"https:\/\/generales.uprrp.edu\/competencias-linguisticas\/wp-json\/wp\/v2\/pages\/2757","targetHints":{"allow":["GET"]}}],"collection":[{"href":"https:\/\/generales.uprrp.edu\/competencias-linguisticas\/wp-json\/wp\/v2\/pages"}],"about":[{"href":"https:\/\/generales.uprrp.edu\/competencias-linguisticas\/wp-json\/wp\/v2\/types\/page"}],"author":[{"embeddable":true,"href":"https:\/\/generales.uprrp.edu\/competencias-linguisticas\/wp-json\/wp\/v2\/users\/11"}],"replies":[{"embeddable":true,"href":"https:\/\/generales.uprrp.edu\/competencias-linguisticas\/wp-json\/wp\/v2\/comments?post=2757"}],"version-history":[{"count":3,"href":"https:\/\/generales.uprrp.edu\/competencias-linguisticas\/wp-json\/wp\/v2\/pages\/2757\/revisions"}],"predecessor-version":[{"id":2763,"href":"https:\/\/generales.uprrp.edu\/competencias-linguisticas\/wp-json\/wp\/v2\/pages\/2757\/revisions\/2763"}],"wp:attachment":[{"href":"https:\/\/generales.uprrp.edu\/competencias-linguisticas\/wp-json\/wp\/v2\/media?parent=2757"}],"curies":[{"name":"wp","href":"https:\/\/api.w.org\/{rel}","templated":true}]}}