{"id":2649,"date":"2025-02-25T20:02:19","date_gmt":"2025-02-25T20:02:19","guid":{"rendered":"https:\/\/generales.uprrp.edu\/competencias-linguisticas\/?page_id=2649"},"modified":"2025-09-24T18:34:34","modified_gmt":"2025-09-24T18:34:34","slug":"recursos-de-matematicas","status":"publish","type":"page","link":"https:\/\/generales.uprrp.edu\/competencias-linguisticas\/recursos-de-matematicas\/","title":{"rendered":"Recursos de Matem\u00e1ticas"},"content":{"rendered":"<p><span style=\"color: #ff0000;\"><a style=\"color: #ff0000;\" href=\"https:\/\/generales.uprrp.edu\/competencias-linguisticas\/wp-content\/uploads\/sites\/15\/2025\/02\/Ecuaciones-lineales-de-una-sola-variable.pdf\" target=\"_blank\" rel=\"noopener noreferrer\">Ecuaciones lineales de una sola variable<\/a><\/span><\/p>\n<p><span style=\"color: #ff0000;\"><a style=\"color: #ff0000;\" href=\"https:\/\/generales.uprrp.edu\/competencias-linguisticas\/wp-content\/uploads\/sites\/15\/2025\/02\/Multiplicacion-y-division-de-fracciones.pdf\" target=\"_blank\" rel=\"noopener noreferrer\"><span data-olk-copy-source=\"MessageBody\">Multiplicaci\u00f3n y divisi\u00f3n de fracciones<\/span><\/a><\/span><\/p>\n<p><a href=\"https:\/\/generales.uprrp.edu\/competencias-linguisticas\/wp-content\/uploads\/sites\/15\/2025\/02\/Porcentajes-Parte-I.pdf\" target=\"_blank\" rel=\"noopener noreferrer\"><span style=\"color: #ff0000;\"><span data-olk-copy-source=\"MessageBody\">Porcentajes Parte I<\/span><\/span><\/a><\/p>\n<p><span style=\"color: #ff0000;\"><a style=\"color: #ff0000;\" href=\"https:\/\/generales.uprrp.edu\/competencias-linguisticas\/wp-content\/uploads\/sites\/15\/2025\/06\/Porcentajes-Parte-II.pdf\" target=\"_blank\" rel=\"noopener noreferrer\"><span data-olk-copy-source=\"MessageBody\">Porcentajes Parte II<\/span><\/a><\/span><\/p>\n<p><span style=\"color: #ff0000;\"><a style=\"color: #ff0000;\" href=\"https:\/\/generales.uprrp.edu\/competencias-linguisticas\/wp-content\/uploads\/sites\/15\/2025\/02\/Razonamiento-inductivo-y-razonamiento-deductivo.pdf\" target=\"_blank\" rel=\"noopener noreferrer\"><span data-olk-copy-source=\"MessageBody\">Razonamiento inductivo y razonamiento deductivo<\/span><\/a><\/span><\/p>\n<p><span style=\"color: #ff0000;\"><a style=\"color: #ff0000;\" href=\"https:\/\/generales.uprrp.edu\/competencias-linguisticas\/wp-content\/uploads\/sites\/15\/2025\/02\/Sumar-y-restar-fracciones.pdf\" target=\"_blank\" rel=\"noopener noreferrer\"><span data-olk-copy-source=\"MessageBody\">Sumar y restar fracciones<\/span><\/a><\/span><\/p>\n<p><span style=\"color: #ff0000;\"><a style=\"color: #ff0000;\" href=\"https:\/\/generales.uprrp.edu\/competencias-linguisticas\/wp-content\/uploads\/sites\/15\/2025\/02\/Trazar-graficas-de-ecuaciones-lineales-ax-by-c.pdf\" target=\"_blank\" rel=\"noopener\"><span data-olk-copy-source=\"MessageBody\">Trazar gr\u00e1ficas de ecuaciones lineales ax + by = c<\/span><\/a><\/span><\/p>\n<p><span style=\"color: #ff0000;\"><a style=\"color: #ff0000;\" href=\"https:\/\/generales.uprrp.edu\/competencias-linguisticas\/wp-content\/uploads\/sites\/15\/2025\/06\/Factorizacio\u0301n-de-polinomios-por-agrupacio\u0301n.pdf\" target=\"_blank\" rel=\"noopener\"><span data-olk-copy-source=\"MessageBody\">Factorizaci\u00f3n de polinomios por agrupaci\u00f3n<\/span><\/a><\/span><\/p>\n<p><span style=\"color: #ff0000;\"><a style=\"color: #ff0000;\" href=\"https:\/\/generales.uprrp.edu\/competencias-linguisticas\/wp-content\/uploads\/sites\/15\/2025\/06\/Factorizacio\u0301n-de-polinomios-por-factor-comu\u0301n.pdf\" target=\"_blank\" rel=\"noopener\"><span data-olk-copy-source=\"MessageBody\">Factorizaci\u00f3n de polinomios por factor com\u00fan<\/span><\/a><\/span><\/p>\n<p><span style=\"color: #ff0000;\"><a style=\"color: #ff0000;\" href=\"https:\/\/generales.uprrp.edu\/competencias-linguisticas\/wp-content\/uploads\/sites\/15\/2025\/06\/Multiplicacio\u0301n-de-polinomios.pdf\" target=\"_blank\" rel=\"noopener\"><span data-olk-copy-source=\"MessageBody\">Multiplicaci\u00f3n de polinomios<\/span><\/a><\/span><\/p>\n<p><span style=\"color: #ff0000;\"><a style=\"color: #ff0000;\" href=\"https:\/\/generales.uprrp.edu\/competencias-linguisticas\/wp-content\/uploads\/sites\/15\/2025\/06\/Orden-de-operaciones.pdf\" target=\"_blank\" rel=\"noopener\"><span data-olk-copy-source=\"MessageBody\">Orden de operaciones<\/span><\/a><\/span><\/p>\n<p><span style=\"color: #ff0000;\"><a style=\"color: #ff0000;\" href=\"https:\/\/generales.uprrp.edu\/competencias-linguisticas\/wp-content\/uploads\/sites\/15\/2025\/06\/Proporciones-.pdf\" target=\"_blank\" rel=\"noopener\"><span data-olk-copy-source=\"MessageBody\">Proporciones<\/span><\/a><\/span><\/p>\n<div class=\"pvc_clear\"><\/div>\n<p id=\"pvc_stats_2649\" class=\"pvc_stats all  \" data-element-id=\"2649\" style=\"\"><i class=\"pvc-stats-icon medium\" aria-hidden=\"true\"><svg aria-hidden=\"true\" focusable=\"false\" data-prefix=\"far\" data-icon=\"chart-bar\" role=\"img\" xmlns=\"http:\/\/www.w3.org\/2000\/svg\" viewBox=\"0 0 512 512\" class=\"svg-inline--fa fa-chart-bar fa-w-16 fa-2x\"><path fill=\"currentColor\" d=\"M396.8 352h22.4c6.4 0 12.8-6.4 12.8-12.8V108.8c0-6.4-6.4-12.8-12.8-12.8h-22.4c-6.4 0-12.8 6.4-12.8 12.8v230.4c0 6.4 6.4 12.8 12.8 12.8zm-192 0h22.4c6.4 0 12.8-6.4 12.8-12.8V140.8c0-6.4-6.4-12.8-12.8-12.8h-22.4c-6.4 0-12.8 6.4-12.8 12.8v198.4c0 6.4 6.4 12.8 12.8 12.8zm96 0h22.4c6.4 0 12.8-6.4 12.8-12.8V204.8c0-6.4-6.4-12.8-12.8-12.8h-22.4c-6.4 0-12.8 6.4-12.8 12.8v134.4c0 6.4 6.4 12.8 12.8 12.8zM496 400H48V80c0-8.84-7.16-16-16-16H16C7.16 64 0 71.16 0 80v336c0 17.67 14.33 32 32 32h464c8.84 0 16-7.16 16-16v-16c0-8.84-7.16-16-16-16zm-387.2-48h22.4c6.4 0 12.8-6.4 12.8-12.8v-70.4c0-6.4-6.4-12.8-12.8-12.8h-22.4c-6.4 0-12.8 6.4-12.8 12.8v70.4c0 6.4 6.4 12.8 12.8 12.8z\" class=\"\"><\/path><\/svg><\/i> <img decoding=\"async\" width=\"16\" height=\"16\" alt=\"Loading\" src=\"https:\/\/generales.uprrp.edu\/competencias-linguisticas\/wp-content\/plugins\/page-views-count\/ajax-loader-2x.gif\" border=0 \/><\/p>\n<div class=\"pvc_clear\"><\/div>\n","protected":false},"excerpt":{"rendered":"<p>Ecuaciones lineales de una sola variable Multiplicaci\u00f3n y divisi\u00f3n de fracciones Porcentajes Parte I Porcentajes Parte II Razonamiento inductivo y razonamiento deductivo Sumar y restar fracciones Trazar gr\u00e1ficas de ecuaciones lineales ax + by = c Factorizaci\u00f3n de polinomios por agrupaci\u00f3n Factorizaci\u00f3n de polinomios por factor com\u00fan Multiplicaci\u00f3n de polinomios Orden de operaciones Proporciones<\/p>\n","protected":false},"author":11,"featured_media":0,"parent":0,"menu_order":0,"comment_status":"closed","ping_status":"closed","template":"","meta":{"footnotes":""},"class_list":["post-2649","page","type-page","status-publish"],"amp_enabled":true,"_links":{"self":[{"href":"https:\/\/generales.uprrp.edu\/competencias-linguisticas\/wp-json\/wp\/v2\/pages\/2649","targetHints":{"allow":["GET"]}}],"collection":[{"href":"https:\/\/generales.uprrp.edu\/competencias-linguisticas\/wp-json\/wp\/v2\/pages"}],"about":[{"href":"https:\/\/generales.uprrp.edu\/competencias-linguisticas\/wp-json\/wp\/v2\/types\/page"}],"author":[{"embeddable":true,"href":"https:\/\/generales.uprrp.edu\/competencias-linguisticas\/wp-json\/wp\/v2\/users\/11"}],"replies":[{"embeddable":true,"href":"https:\/\/generales.uprrp.edu\/competencias-linguisticas\/wp-json\/wp\/v2\/comments?post=2649"}],"version-history":[{"count":4,"href":"https:\/\/generales.uprrp.edu\/competencias-linguisticas\/wp-json\/wp\/v2\/pages\/2649\/revisions"}],"predecessor-version":[{"id":2708,"href":"https:\/\/generales.uprrp.edu\/competencias-linguisticas\/wp-json\/wp\/v2\/pages\/2649\/revisions\/2708"}],"wp:attachment":[{"href":"https:\/\/generales.uprrp.edu\/competencias-linguisticas\/wp-json\/wp\/v2\/media?parent=2649"}],"curies":[{"name":"wp","href":"https:\/\/api.w.org\/{rel}","templated":true}]}}