{"id":2558,"date":"2024-12-16T19:27:43","date_gmt":"2024-12-16T19:27:43","guid":{"rendered":"https:\/\/generales.uprrp.edu\/competencias-linguisticas\/?page_id=2558"},"modified":"2025-06-24T19:28:52","modified_gmt":"2025-06-24T19:28:52","slug":"2024-2025","status":"publish","type":"page","link":"https:\/\/generales.uprrp.edu\/competencias-linguisticas\/2024-2025\/","title":{"rendered":"2024-2025"},"content":{"rendered":"<p><strong>Primer Semestre<\/strong><\/p>\n<ul>\n<li><a href=\"https:\/\/generales.uprrp.edu\/competencias-linguisticas\/wp-content\/uploads\/sites\/15\/2024\/12\/Informe_CDCL_primer_semestre_2024-2025_diciembre_16_2024.pdf\" target=\"_blank\" rel=\"noopener\">Informe Primer Semestre<\/a><\/li>\n<li><a href=\"https:\/\/generales.uprrp.edu\/competencias-linguisticas\/wp-content\/uploads\/sites\/15\/2024\/12\/Informe_Coordinaciondematematicas_primer_semestre_2024_2025.pdf\" target=\"_blank\" rel=\"noopener\">Informe Coordinaci\u00f3n de Matem\u00e1ticas<\/a><\/li>\n<li><a href=\"https:\/\/generales.uprrp.edu\/competencias-linguisticas\/wp-content\/uploads\/sites\/15\/2024\/12\/Informe_coordinaciondeingles_primer_semestre_2024-2025_Torres.pdf\" target=\"_blank\" rel=\"noopener\">Informe Coordinaci\u00f3n de Ingl\u00e9s<\/a><\/li>\n<\/ul>\n<p><strong>Segundo Semestre<\/strong><\/p>\n<ul>\n<li><a href=\"https:\/\/generales.uprrp.edu\/competencias-linguisticas\/wp-content\/uploads\/sites\/15\/2025\/06\/Informe_segundo_semestre_CDCL_junio_2025_Sandra_Pascuas.pdf\" target=\"_blank\" rel=\"noopener\">Informe Segundo Semestre<\/a><\/li>\n<li><a href=\"https:\/\/generales.uprrp.edu\/competencias-linguisticas\/wp-content\/uploads\/sites\/15\/2025\/06\/Informe_segundo_semestre_Coordinacio\u0301ndeMatema\u0301ticasCDCL_mayo2025.pdf\" target=\"_blank\" rel=\"noopener\">Informe Coordinaci\u00f3n de Matem\u00e1ticas<\/a><\/li>\n<li><a href=\"https:\/\/generales.uprrp.edu\/competencias-linguisticas\/wp-content\/uploads\/sites\/15\/2025\/06\/Informe_segundo_semestre_Coordinacio\u0301ndeIngle\u0301s_mayo2025.pdf\" target=\"_blank\" rel=\"noopener\">Informe Coordinaci\u00f3n de Ingl\u00e9s<\/a><\/li>\n<li><a href=\"https:\/\/generales.uprrp.edu\/competencias-linguisticas\/wp-content\/uploads\/sites\/15\/2025\/06\/Informe_segundo_semestre_Coordinacio\u0301n_Espanol_2025.pdf\" target=\"_blank\" rel=\"noopener\">Informe Coordinaci\u00f3n de Espa\u00f1ol<\/a><\/li>\n<\/ul>\n","protected":false},"excerpt":{"rendered":"<p>Primer Semestre Informe Primer Semestre Informe Coordinaci\u00f3n de Matem\u00e1ticas Informe Coordinaci\u00f3n de Ingl\u00e9s Segundo Semestre Informe Segundo Semestre Informe Coordinaci\u00f3n de Matem\u00e1ticas Informe Coordinaci\u00f3n de Ingl\u00e9s Informe Coordinaci\u00f3n de Espa\u00f1ol<\/p>\n","protected":false},"author":11,"featured_media":0,"parent":0,"menu_order":0,"comment_status":"closed","ping_status":"closed","template":"","meta":{"footnotes":""},"class_list":["post-2558","page","type-page","status-publish"],"amp_enabled":true,"_links":{"self":[{"href":"https:\/\/generales.uprrp.edu\/competencias-linguisticas\/wp-json\/wp\/v2\/pages\/2558","targetHints":{"allow":["GET"]}}],"collection":[{"href":"https:\/\/generales.uprrp.edu\/competencias-linguisticas\/wp-json\/wp\/v2\/pages"}],"about":[{"href":"https:\/\/generales.uprrp.edu\/competencias-linguisticas\/wp-json\/wp\/v2\/types\/page"}],"author":[{"embeddable":true,"href":"https:\/\/generales.uprrp.edu\/competencias-linguisticas\/wp-json\/wp\/v2\/users\/11"}],"replies":[{"embeddable":true,"href":"https:\/\/generales.uprrp.edu\/competencias-linguisticas\/wp-json\/wp\/v2\/comments?post=2558"}],"version-history":[{"count":8,"href":"https:\/\/generales.uprrp.edu\/competencias-linguisticas\/wp-json\/wp\/v2\/pages\/2558\/revisions"}],"predecessor-version":[{"id":2724,"href":"https:\/\/generales.uprrp.edu\/competencias-linguisticas\/wp-json\/wp\/v2\/pages\/2558\/revisions\/2724"}],"wp:attachment":[{"href":"https:\/\/generales.uprrp.edu\/competencias-linguisticas\/wp-json\/wp\/v2\/media?parent=2558"}],"curies":[{"name":"wp","href":"https:\/\/api.w.org\/{rel}","templated":true}]}}