{"id":2388,"date":"2023-11-27T15:00:51","date_gmt":"2023-11-27T15:00:51","guid":{"rendered":"https:\/\/generales.uprrp.edu\/competencias-linguisticas\/?page_id=2388"},"modified":"2023-11-27T18:12:59","modified_gmt":"2023-11-27T18:12:59","slug":"youtube","status":"publish","type":"page","link":"https:\/\/generales.uprrp.edu\/competencias-linguisticas\/youtube\/","title":{"rendered":"YouTube"},"content":{"rendered":"<ul>\n<li><a href=\"https:\/\/www.youtube.com\/watch?v=lPdH7aqRPUA\" target=\"_blank\" rel=\"noopener\">Recursos virtuales del CDCL<\/a><\/li>\n<li><a href=\"https:\/\/www.youtube.com\/watch?v=PU_Dy0MjD2k\" target=\"_blank\" rel=\"noopener\">C\u00f3mo usar el Diccionario panhisp\u00e1nico de dudas<\/a><\/li>\n<li><a href=\"https:\/\/www.youtube.com\/watch?v=eBxVGJx-gBI\" target=\"_blank\" rel=\"noopener\">La interferencia del ingl\u00e9s en el espa\u00f1ol<\/a><\/li>\n<li><a href=\"https:\/\/www.youtube.com\/watch?v=wkHg5dkyNsY\" target=\"_blank\" rel=\"noopener\">La concordancia gramatical<\/a><\/li>\n<li><a href=\"https:\/\/www.youtube.com\/watch?v=Uj3r6G445Sg\" target=\"_blank\" rel=\"noopener\">Webinar: La organizaci\u00f3n de ideas<\/a><\/li>\n<li><a href=\"https:\/\/www.youtube.com\/watch?v=lbJVRkHa9es\" target=\"_blank\" rel=\"noopener\">Formato y ortograf\u00eda con Microsoft Word<\/a><\/li>\n<li><a href=\"https:\/\/www.youtube.com\/watch?v=0gUxltytUm0\" target=\"_blank\" rel=\"noopener\">Webinar: Revisi\u00f3n y edici\u00f3n de textos<\/a><\/li>\n<li><a href=\"https:\/\/www.youtube.com\/watch?v=G9G9pZz-I9w\" target=\"_blank\" rel=\"noopener\">La precisi\u00f3n l\u00e9xica<\/a><\/li>\n<li><a href=\"https:\/\/www.youtube.com\/watch?v=vZwbQupbPNA\" target=\"_blank\" rel=\"noopener\">El ensayo expositivo<\/a><\/li>\n<li><a href=\"https:\/\/www.youtube.com\/watch?v=aaOQ1p-CXo4\" target=\"_blank\" rel=\"noopener\">La oraci\u00f3n tesis<\/a><\/li>\n<li><a href=\"https:\/\/www.youtube.com\/watch?v=B6-huMe_yrs\" target=\"_blank\" rel=\"noopener\">\u00bfC\u00f3mo redactar objetivos de investigaci\u00f3n?<\/a><\/li>\n<li><a href=\"https:\/\/www.youtube.com\/watch?v=tiQDLSps32E\" target=\"_blank\" rel=\"noopener\">&#8220;Cohesi\u00f3n&#8221; Profa. Yvonne Sanavitis Malav\u00e9<\/a><\/li>\n<li><a href=\"https:\/\/www.youtube.com\/watch?v=NB_vTvMHKy4\" target=\"_blank\" rel=\"noopener\">&#8220;Coherencia&#8221; Profa. Yvonne Sanavitis Malav\u00e9<\/a><\/li>\n<li><a href=\"https:\/\/www.youtube.com\/watch?v=7jLu_JGHQAs\" target=\"_blank\" rel=\"noopener\">&#8220;El lenguaje contado por una antrop\u00f3loga&#8221; Dra. Carmen A. P\u00e9rez Herranz<\/a><\/li>\n<li><a href=\"https:\/\/www.youtube.com\/watch?v=c2wCk_IndXU\" target=\"_blank\" rel=\"noopener\">\u00bfC\u00f3mo escoger un tema de investigaci\u00f3n?<\/a><\/li>\n<\/ul>\n","protected":false},"excerpt":{"rendered":"<p>Recursos virtuales del CDCL C\u00f3mo usar el Diccionario panhisp\u00e1nico de dudas La interferencia del ingl\u00e9s en el espa\u00f1ol La concordancia gramatical Webinar: La organizaci\u00f3n de ideas Formato y ortograf\u00eda con Microsoft Word Webinar: Revisi\u00f3n y edici\u00f3n de textos La precisi\u00f3n l\u00e9xica El ensayo expositivo La oraci\u00f3n tesis \u00bfC\u00f3mo redactar objetivos de investigaci\u00f3n? &#8220;Cohesi\u00f3n&#8221; Profa. Yvonne<\/p>\n","protected":false},"author":11,"featured_media":0,"parent":0,"menu_order":0,"comment_status":"closed","ping_status":"closed","template":"","meta":{"footnotes":""},"class_list":["post-2388","page","type-page","status-publish"],"amp_enabled":true,"_links":{"self":[{"href":"https:\/\/generales.uprrp.edu\/competencias-linguisticas\/wp-json\/wp\/v2\/pages\/2388","targetHints":{"allow":["GET"]}}],"collection":[{"href":"https:\/\/generales.uprrp.edu\/competencias-linguisticas\/wp-json\/wp\/v2\/pages"}],"about":[{"href":"https:\/\/generales.uprrp.edu\/competencias-linguisticas\/wp-json\/wp\/v2\/types\/page"}],"author":[{"embeddable":true,"href":"https:\/\/generales.uprrp.edu\/competencias-linguisticas\/wp-json\/wp\/v2\/users\/11"}],"replies":[{"embeddable":true,"href":"https:\/\/generales.uprrp.edu\/competencias-linguisticas\/wp-json\/wp\/v2\/comments?post=2388"}],"version-history":[{"count":8,"href":"https:\/\/generales.uprrp.edu\/competencias-linguisticas\/wp-json\/wp\/v2\/pages\/2388\/revisions"}],"predecessor-version":[{"id":2396,"href":"https:\/\/generales.uprrp.edu\/competencias-linguisticas\/wp-json\/wp\/v2\/pages\/2388\/revisions\/2396"}],"wp:attachment":[{"href":"https:\/\/generales.uprrp.edu\/competencias-linguisticas\/wp-json\/wp\/v2\/media?parent=2388"}],"curies":[{"name":"wp","href":"https:\/\/api.w.org\/{rel}","templated":true}]}}