{"id":2290,"date":"2023-11-13T14:13:59","date_gmt":"2023-11-13T14:13:59","guid":{"rendered":"https:\/\/generales.uprrp.edu\/competencias-linguisticas\/?page_id=2290"},"modified":"2025-11-17T19:01:45","modified_gmt":"2025-11-17T19:01:45","slug":"modulos","status":"publish","type":"page","link":"https:\/\/generales.uprrp.edu\/competencias-linguisticas\/modulos\/","title":{"rendered":"M\u00f3dulos"},"content":{"rendered":"<p><span style=\"color: #ff0000;\"><a href=\"https:\/\/generales.uprrp.edu\/competencias-linguisticas\/wp-content\/uploads\/sites\/15\/2023\/11\/Pregunta-de-investigacion.pdf\" target=\"_blank\" rel=\"noopener\">Pregunta de investigaci\u00f3n<\/a><\/span><\/p>\n<p><a style=\"color: #ff0000;\" href=\"https:\/\/generales.uprrp.edu\/competencias-linguisticas\/wp-content\/uploads\/sites\/15\/2025\/02\/Tipos-de-Investigacion.pdf\" target=\"_blank\" rel=\"noopener noreferrer\">Los tipos de investigaci\u00f3n<\/a><\/p>\n<p><span style=\"color: #ff0000;\"><a style=\"color: #ff0000;\" href=\"https:\/\/generales.uprrp.edu\/competencias-linguisticas\/wp-content\/uploads\/sites\/15\/2024\/05\/modulo_5_mayo_2024_Convierte-tu-tesina-en-un-texto-publicable-en-una-revista-arbitrada.pdf\" target=\"_blank\" rel=\"noopener\">Convierte tu tesina en un texto publicable en una revista arbitrada<\/a><\/span><\/p>\n<p><span style=\"color: #ff0000;\"><a style=\"color: #ff0000;\" href=\"https:\/\/generales.uprrp.edu\/competencias-linguisticas\/wp-content\/uploads\/sites\/15\/2025\/02\/La-justificacion-de-tu-investigacion.pdf\" target=\"_blank\" rel=\"noopener\">La justificaci\u00f3n en tu investigaci\u00f3n<\/a><\/span><\/p>\n<p><span style=\"color: #ff0000;\"><a style=\"color: #ff0000;\" href=\"https:\/\/generales.uprrp.edu\/competencias-linguisticas\/wp-content\/uploads\/sites\/15\/2023\/04\/Mo\u0301dulo-sobre-Oportunidades-Acade\u0301micas.pdf\" target=\"_blank\" rel=\"noopener noreferrer\">\u00bfC\u00f3mo funciona el programa de internados para estudiantes subgraduados?<\/a><\/span><\/p>\n<p><span style=\"color: #ff0000;\"><a style=\"color: #ff0000;\" href=\"https:\/\/generales.uprrp.edu\/competencias-linguisticas\/wp-content\/uploads\/sites\/15\/2024\/06\/Estrategias-efectivas-para-resumir-textos-en-afiches-academicos.pdf\" target=\"_blank\" rel=\"noopener noreferrer\">Estrategias efectivas para resumir textos en afiches acad\u00e9micos<\/a><\/span><\/p>\n<p><a style=\"color: #ff0000;\" href=\"https:\/\/generales.uprrp.edu\/competencias-linguisticas\/wp-content\/uploads\/sites\/15\/2025\/02\/Investigacion_-como-argumentar-citar-y-explicar.pdf\" target=\"_blank\" rel=\"noopener noreferrer\">Investigaci\u00f3n: c\u00f3mo argumentar, citar y explicar<\/a><\/p>\n<p><span style=\"color: #ff0000;\"><a style=\"color: #ff0000;\" href=\"https:\/\/generales.uprrp.edu\/competencias-linguisticas\/wp-content\/uploads\/sites\/15\/2024\/06\/Las-partes-de-una-tesina.pdf\" target=\"_blank\" rel=\"noopener\">Las partes de una tesina<\/a><\/span><\/p>\n<p><span style=\"color: #ff0000;\"><a style=\"color: #ff0000;\" href=\"https:\/\/generales.uprrp.edu\/competencias-linguisticas\/wp-content\/uploads\/sites\/15\/2025\/02\/Pregunta-de-investigacion.pdf\" target=\"_blank\" rel=\"noopener\">C\u00f3mo desarrollar la pregunta de investigaci\u00f3n<\/a><\/span><\/p>\n<p><span style=\"color: #ff0000;\"><a style=\"color: #ff0000;\" href=\"https:\/\/generales.uprrp.edu\/competencias-linguisticas\/wp-content\/uploads\/sites\/15\/2025\/02\/El-arte-de-parafrasear-1.pdf\" target=\"_blank\" rel=\"noopener noreferrer\">El arte de parafrasear<\/a><\/span><\/p>\n<p><span style=\"color: #ff0000;\"><a style=\"color: #ff0000;\" href=\"https:\/\/generales.uprrp.edu\/competencias-linguisticas\/wp-content\/uploads\/sites\/15\/2025\/02\/Formato-de-escritura-segun-el-estilo-Chicago.pdf\" target=\"_blank\" rel=\"noopener noreferrer\">Formato de escritura seg\u00fan el estilo Chicago<\/a><\/span><\/p>\n<p><span style=\"color: #ff0000;\"><a style=\"color: #ff0000;\" href=\"https:\/\/generales.uprrp.edu\/competencias-linguisticas\/wp-content\/uploads\/sites\/15\/2025\/02\/Guia-practica-para-elaborar-una-bibliografia-anotada.pdf\" target=\"_blank\" rel=\"noopener noreferrer\">Gu\u00eda pr\u00e1ctica para elaborar una bibliograf\u00eda anotada<\/a><\/span><\/p>\n<div class=\"pvc_clear\"><\/div>\n<p id=\"pvc_stats_2290\" class=\"pvc_stats all  \" data-element-id=\"2290\" style=\"\"><i class=\"pvc-stats-icon medium\" aria-hidden=\"true\"><svg aria-hidden=\"true\" focusable=\"false\" data-prefix=\"far\" data-icon=\"chart-bar\" role=\"img\" xmlns=\"http:\/\/www.w3.org\/2000\/svg\" viewBox=\"0 0 512 512\" class=\"svg-inline--fa fa-chart-bar fa-w-16 fa-2x\"><path fill=\"currentColor\" d=\"M396.8 352h22.4c6.4 0 12.8-6.4 12.8-12.8V108.8c0-6.4-6.4-12.8-12.8-12.8h-22.4c-6.4 0-12.8 6.4-12.8 12.8v230.4c0 6.4 6.4 12.8 12.8 12.8zm-192 0h22.4c6.4 0 12.8-6.4 12.8-12.8V140.8c0-6.4-6.4-12.8-12.8-12.8h-22.4c-6.4 0-12.8 6.4-12.8 12.8v198.4c0 6.4 6.4 12.8 12.8 12.8zm96 0h22.4c6.4 0 12.8-6.4 12.8-12.8V204.8c0-6.4-6.4-12.8-12.8-12.8h-22.4c-6.4 0-12.8 6.4-12.8 12.8v134.4c0 6.4 6.4 12.8 12.8 12.8zM496 400H48V80c0-8.84-7.16-16-16-16H16C7.16 64 0 71.16 0 80v336c0 17.67 14.33 32 32 32h464c8.84 0 16-7.16 16-16v-16c0-8.84-7.16-16-16-16zm-387.2-48h22.4c6.4 0 12.8-6.4 12.8-12.8v-70.4c0-6.4-6.4-12.8-12.8-12.8h-22.4c-6.4 0-12.8 6.4-12.8 12.8v70.4c0 6.4 6.4 12.8 12.8 12.8z\" class=\"\"><\/path><\/svg><\/i> <img decoding=\"async\" width=\"16\" height=\"16\" alt=\"Loading\" src=\"https:\/\/generales.uprrp.edu\/competencias-linguisticas\/wp-content\/plugins\/page-views-count\/ajax-loader-2x.gif\" border=0 \/><\/p>\n<div class=\"pvc_clear\"><\/div>\n","protected":false},"excerpt":{"rendered":"<p>Pregunta de investigaci\u00f3n Los tipos de investigaci\u00f3n Convierte tu tesina en un texto publicable en una revista arbitrada La justificaci\u00f3n en tu investigaci\u00f3n \u00bfC\u00f3mo funciona el programa de internados para estudiantes subgraduados? Estrategias efectivas para resumir textos en afiches acad\u00e9micos Investigaci\u00f3n: c\u00f3mo argumentar, citar y explicar Las partes de una tesina C\u00f3mo desarrollar la pregunta<\/p>\n","protected":false},"author":11,"featured_media":0,"parent":0,"menu_order":0,"comment_status":"closed","ping_status":"closed","template":"","meta":{"footnotes":""},"class_list":["post-2290","page","type-page","status-publish"],"amp_enabled":true,"_links":{"self":[{"href":"https:\/\/generales.uprrp.edu\/competencias-linguisticas\/wp-json\/wp\/v2\/pages\/2290","targetHints":{"allow":["GET"]}}],"collection":[{"href":"https:\/\/generales.uprrp.edu\/competencias-linguisticas\/wp-json\/wp\/v2\/pages"}],"about":[{"href":"https:\/\/generales.uprrp.edu\/competencias-linguisticas\/wp-json\/wp\/v2\/types\/page"}],"author":[{"embeddable":true,"href":"https:\/\/generales.uprrp.edu\/competencias-linguisticas\/wp-json\/wp\/v2\/users\/11"}],"replies":[{"embeddable":true,"href":"https:\/\/generales.uprrp.edu\/competencias-linguisticas\/wp-json\/wp\/v2\/comments?post=2290"}],"version-history":[{"count":9,"href":"https:\/\/generales.uprrp.edu\/competencias-linguisticas\/wp-json\/wp\/v2\/pages\/2290\/revisions"}],"predecessor-version":[{"id":2614,"href":"https:\/\/generales.uprrp.edu\/competencias-linguisticas\/wp-json\/wp\/v2\/pages\/2290\/revisions\/2614"}],"wp:attachment":[{"href":"https:\/\/generales.uprrp.edu\/competencias-linguisticas\/wp-json\/wp\/v2\/media?parent=2290"}],"curies":[{"name":"wp","href":"https:\/\/api.w.org\/{rel}","templated":true}]}}