{"id":1837,"date":"2022-02-23T17:21:42","date_gmt":"2022-02-23T17:21:42","guid":{"rendered":"https:\/\/generales.uprrp.edu\/competencias-linguisticas\/?page_id=1837"},"modified":"2025-10-10T20:45:36","modified_gmt":"2025-10-10T20:45:36","slug":"solicitud-de-servicios","status":"publish","type":"page","link":"https:\/\/generales.uprrp.edu\/competencias-linguisticas\/solicitud-de-servicios\/","title":{"rendered":"Solicitud de servicios"},"content":{"rendered":"\t\t<div data-elementor-type=\"wp-page\" data-elementor-id=\"1837\" class=\"elementor elementor-1837\">\n\t\t\t\t\t\t<section class=\"elementor-section elementor-top-section elementor-element elementor-element-29820b4 elementor-section-boxed elementor-section-height-default elementor-section-height-default\" data-id=\"29820b4\" data-element_type=\"section\" data-e-type=\"section\">\n\t\t\t\t\t\t<div class=\"elementor-container elementor-column-gap-default\">\n\t\t\t\t\t<div class=\"elementor-column elementor-col-100 elementor-top-column elementor-element elementor-element-79ab200\" data-id=\"79ab200\" data-element_type=\"column\" data-e-type=\"column\">\n\t\t\t<div class=\"elementor-widget-wrap elementor-element-populated\">\n\t\t\t\t\t\t<div class=\"elementor-element elementor-element-f74eae8 elementor-widget elementor-widget-text-editor\" data-id=\"f74eae8\" data-element_type=\"widget\" data-e-type=\"widget\" data-widget_type=\"text-editor.default\">\n\t\t\t\t<div class=\"elementor-widget-container\">\n\t\t\t\t\t\t\t\t\t<p>\u00bfDesea solicitar alguno de nuestros servicios?<\/p><p>Hemos redise\u00f1ado el protocolo de revisi\u00f3n de textos para ser m\u00e1s accesible al estudiantado, utilizando la tecnolog\u00eda para llevar a cabo las revisiones de forma virtual y remota. Debe completar la solicitud en l\u00ednea, en la cual someter\u00e1 el borrador de su escrito. Uno de nuestros tutores llevar\u00e1 a cabo la revisi\u00f3n, identificando los patrones de error y comunic\u00e1ndole sus comentarios y sugerencias. Luego, usted tomar\u00e1 la retroalimentaci\u00f3n del tutor para mejorar su escrito. El estudiante puede nuevamente escribir por correo electr\u00f3nico al tutor para que este revise el escrito enmendado tantas veces como sea necesario.<\/p><p>Adicional a las revisiones de textos, ofrecemos servicios como tutor\u00edas sincr\u00f3nicas, m\u00f3dulos, webinars, infograf\u00edas, videos, entre otros. Estos tratan diversos temas tanto en espa\u00f1ol, como en ingl\u00e9s. Estos materiales se encuentran disponible en la p\u00e1gina web del CDCL, en las pesta\u00f1as \u201cRecursos en espa\u00f1ol\u201d y \u201cEnglish resources\u201d. Si usted necesita un material que no se encuentra en nuestra p\u00e1gina web, o desea asistencia en la creaci\u00f3n de materiales puede llenar la solicitud en l\u00ednea.<\/p><p>Para acceder a la solicitud de servicios pueden utilizar el siguiente enlace:\u00a0<a href=\"https:\/\/forms.office.com\/r\/f2pYYSQnHp\" target=\"_blank\" rel=\"noopener\">https:\/\/forms.gle\/hu6KUjUi8VHgv1oB9<\/a><\/p><p>Adem\u00e1s, pueden escanear el siguiente c\u00f3digo QR:<\/p>\t\t\t\t\t\t\t\t<\/div>\n\t\t\t\t<\/div>\n\t\t\t\t\t<\/div>\n\t\t<\/div>\n\t\t\t\t\t<\/div>\n\t\t<\/section>\n\t\t\t\t<section class=\"elementor-section elementor-top-section elementor-element elementor-element-142e622 elementor-section-boxed elementor-section-height-default elementor-section-height-default\" data-id=\"142e622\" data-element_type=\"section\" data-e-type=\"section\">\n\t\t\t\t\t\t<div class=\"elementor-container elementor-column-gap-default\">\n\t\t\t\t\t<div class=\"elementor-column elementor-col-33 elementor-top-column elementor-element elementor-element-05e2f2d\" data-id=\"05e2f2d\" data-element_type=\"column\" data-e-type=\"column\">\n\t\t\t<div class=\"elementor-widget-wrap elementor-element-populated\">\n\t\t\t\t\t\t<div class=\"elementor-element elementor-element-61ab812 elementor-widget elementor-widget-image\" data-id=\"61ab812\" data-element_type=\"widget\" data-e-type=\"widget\" data-widget_type=\"image.default\">\n\t\t\t\t<div class=\"elementor-widget-container\">\n\t\t\t\t\t\t\t\t\t\t\t\t\t\t\t<img decoding=\"async\" width=\"136\" height=\"136\" src=\"image\/svg+xml;base64,PHN2ZyB2aWV3Qm94PScwIDAgMTAyNCAxMDI0JyB4bWxucz0naHR0cDovL3d3dy53My5vcmcvMjAwMC9zdmcnPjwvc3ZnPg==\" class=\"attachment-large size-large wp-image-2746 lazyload\" alt=\"\" data-src=\"https:\/\/generales.uprrp.edu\/competencias-linguisticas\/wp-content\/uploads\/sites\/15\/2025\/10\/QR-code-CDCL-1.png\" \/>\t\t\t\t\t\t\t\t\t\t\t\t\t\t\t<\/div>\n\t\t\t\t<\/div>\n\t\t\t\t\t<\/div>\n\t\t<\/div>\n\t\t\t\t<div class=\"elementor-column elementor-col-66 elementor-top-column elementor-element elementor-element-487c0b7\" data-id=\"487c0b7\" data-element_type=\"column\" data-e-type=\"column\">\n\t\t\t<div class=\"elementor-widget-wrap\">\n\t\t\t\t\t\t\t<\/div>\n\t\t<\/div>\n\t\t\t\t\t<\/div>\n\t\t<\/section>\n\t\t\t\t<section class=\"elementor-section elementor-top-section elementor-element elementor-element-04d03d9 elementor-section-boxed elementor-section-height-default elementor-section-height-default\" data-id=\"04d03d9\" data-element_type=\"section\" data-e-type=\"section\">\n\t\t\t\t\t\t<div class=\"elementor-container elementor-column-gap-default\">\n\t\t\t\t\t<div class=\"elementor-column elementor-col-100 elementor-top-column elementor-element elementor-element-7708ffc\" data-id=\"7708ffc\" data-element_type=\"column\" data-e-type=\"column\">\n\t\t\t<div class=\"elementor-widget-wrap elementor-element-populated\">\n\t\t\t\t\t\t<div class=\"elementor-element elementor-element-e9a80c4 elementor-widget elementor-widget-text-editor\" data-id=\"e9a80c4\" data-element_type=\"widget\" data-e-type=\"widget\" data-widget_type=\"text-editor.default\">\n\t\t\t\t<div class=\"elementor-widget-container\">\n\t\t\t\t\t\t\t\t\t<p>De tener alguna duda, no dude en comunicarse con nosotros a nuestro correo electr\u00f3nico:\u00a0<a id=\"LPlnk306841\" href=\"mailto:cdcl.upr@upr.edu\" target=\"_blank\" rel=\"noopener noreferrer\" data-auth=\"NotApplicable\" data-linkindex=\"0\">cdcl.upr@upr.edu<\/a>. En el CDCL, estamos para servirles. \u00a1El \u00e9xito de nuestros estudiantes es nuestro \u00e9xito!<\/p>\t\t\t\t\t\t\t\t<\/div>\n\t\t\t\t<\/div>\n\t\t\t\t\t<\/div>\n\t\t<\/div>\n\t\t\t\t\t<\/div>\n\t\t<\/section>\n\t\t\t\t<\/div>\n\t\t","protected":false},"excerpt":{"rendered":"<p>\u00bfDesea solicitar alguno de nuestros servicios? Hemos redise\u00f1ado el protocolo de revisi\u00f3n de textos para ser m\u00e1s accesible al estudiantado, utilizando la tecnolog\u00eda para llevar a cabo las revisiones de forma virtual y remota. Debe completar la solicitud en l\u00ednea, en la cual someter\u00e1 el borrador de su escrito. Uno de nuestros tutores llevar\u00e1 a<\/p>\n","protected":false},"author":11,"featured_media":0,"parent":0,"menu_order":0,"comment_status":"closed","ping_status":"closed","template":"","meta":{"footnotes":""},"class_list":["post-1837","page","type-page","status-publish"],"amp_enabled":true,"_links":{"self":[{"href":"https:\/\/generales.uprrp.edu\/competencias-linguisticas\/wp-json\/wp\/v2\/pages\/1837","targetHints":{"allow":["GET"]}}],"collection":[{"href":"https:\/\/generales.uprrp.edu\/competencias-linguisticas\/wp-json\/wp\/v2\/pages"}],"about":[{"href":"https:\/\/generales.uprrp.edu\/competencias-linguisticas\/wp-json\/wp\/v2\/types\/page"}],"author":[{"embeddable":true,"href":"https:\/\/generales.uprrp.edu\/competencias-linguisticas\/wp-json\/wp\/v2\/users\/11"}],"replies":[{"embeddable":true,"href":"https:\/\/generales.uprrp.edu\/competencias-linguisticas\/wp-json\/wp\/v2\/comments?post=1837"}],"version-history":[{"count":16,"href":"https:\/\/generales.uprrp.edu\/competencias-linguisticas\/wp-json\/wp\/v2\/pages\/1837\/revisions"}],"predecessor-version":[{"id":2749,"href":"https:\/\/generales.uprrp.edu\/competencias-linguisticas\/wp-json\/wp\/v2\/pages\/1837\/revisions\/2749"}],"wp:attachment":[{"href":"https:\/\/generales.uprrp.edu\/competencias-linguisticas\/wp-json\/wp\/v2\/media?parent=1837"}],"curies":[{"name":"wp","href":"https:\/\/api.w.org\/{rel}","templated":true}]}}