{"id":1671,"date":"2021-10-25T17:57:57","date_gmt":"2021-10-25T17:57:57","guid":{"rendered":"https:\/\/generales.uprrp.edu\/competencias-linguisticas\/?page_id=1671"},"modified":"2025-02-25T18:29:52","modified_gmt":"2025-02-25T18:29:52","slug":"guias-tematicas","status":"publish","type":"page","link":"https:\/\/generales.uprrp.edu\/competencias-linguisticas\/guias-tematicas\/","title":{"rendered":"Gu\u00edas tem\u00e1ticas"},"content":{"rendered":"<ul>\n<li><a href=\"https:\/\/uprrp.libguides.com\" target=\"_blank\" rel=\"noopener\">Gu\u00edas tem\u00e1ticas<\/a><\/li>\n<li><a href=\"https:\/\/generales.uprrp.edu\/competencias-linguisticas\/wp-content\/uploads\/sites\/15\/2025\/02\/Modulo-Estilo-de-redaccion-APA-7-1.pdf\" target=\"_blank\" rel=\"noopener\">APA 7ma edici\u00f3n<\/a><\/li>\n<li><a href=\"https:\/\/uprrp.libguides.com\/c.php?g=1033489\" target=\"_blank\" rel=\"noopener\">MLA 8va edici\u00f3n<\/a><\/li>\n<\/ul>\n","protected":false},"excerpt":{"rendered":"<p>Gu\u00edas tem\u00e1ticas APA 7ma edici\u00f3n MLA 8va edici\u00f3n<\/p>\n","protected":false},"author":11,"featured_media":0,"parent":0,"menu_order":0,"comment_status":"closed","ping_status":"closed","template":"","meta":{"footnotes":""},"class_list":["post-1671","page","type-page","status-publish"],"amp_enabled":true,"_links":{"self":[{"href":"https:\/\/generales.uprrp.edu\/competencias-linguisticas\/wp-json\/wp\/v2\/pages\/1671","targetHints":{"allow":["GET"]}}],"collection":[{"href":"https:\/\/generales.uprrp.edu\/competencias-linguisticas\/wp-json\/wp\/v2\/pages"}],"about":[{"href":"https:\/\/generales.uprrp.edu\/competencias-linguisticas\/wp-json\/wp\/v2\/types\/page"}],"author":[{"embeddable":true,"href":"https:\/\/generales.uprrp.edu\/competencias-linguisticas\/wp-json\/wp\/v2\/users\/11"}],"replies":[{"embeddable":true,"href":"https:\/\/generales.uprrp.edu\/competencias-linguisticas\/wp-json\/wp\/v2\/comments?post=1671"}],"version-history":[{"count":4,"href":"https:\/\/generales.uprrp.edu\/competencias-linguisticas\/wp-json\/wp\/v2\/pages\/1671\/revisions"}],"predecessor-version":[{"id":2601,"href":"https:\/\/generales.uprrp.edu\/competencias-linguisticas\/wp-json\/wp\/v2\/pages\/1671\/revisions\/2601"}],"wp:attachment":[{"href":"https:\/\/generales.uprrp.edu\/competencias-linguisticas\/wp-json\/wp\/v2\/media?parent=1671"}],"curies":[{"name":"wp","href":"https:\/\/api.w.org\/{rel}","templated":true}]}}