{"id":1076,"date":"2020-09-01T03:51:58","date_gmt":"2020-09-01T03:51:58","guid":{"rendered":"http:\/\/generales.uprrp.edu\/competencias-linguisticas\/?page_id=1076"},"modified":"2020-09-01T03:58:12","modified_gmt":"2020-09-01T03:58:12","slug":"recursos-virtuales-del-cdcl","status":"publish","type":"page","link":"https:\/\/generales.uprrp.edu\/competencias-linguisticas\/recursos-virtuales-del-cdcl\/","title":{"rendered":"Recursos virtuales del CDCL"},"content":{"rendered":"<p><iframe title=\"Recursos virtuales del CDCL\" width=\"708\" height=\"398\" src=\"https:\/\/www.youtube.com\/embed\/lPdH7aqRPUA?feature=oembed\" frameborder=\"0\" allow=\"accelerometer; autoplay; clipboard-write; encrypted-media; gyroscope; picture-in-picture\" allowfullscreen><\/iframe><\/p>\n<p><span class=\"style-scope yt-formatted-string\" dir=\"auto\">Conozca los recursos virtuales del CDCL, disponibles a toda la comunidad acad\u00e9mica de la Universidad de Puerto Rico, recinto de R\u00edo Piedras.<\/span><\/p>\n<p><span class=\"style-scope yt-formatted-string\" dir=\"auto\">Sometido a la Comisi\u00f3n Estatal de Elecciones OCE-SA-2020-374<\/span><\/p>\n","protected":false},"excerpt":{"rendered":"<p>Conozca los recursos virtuales del CDCL, disponibles a toda la comunidad acad\u00e9mica de la Universidad de Puerto Rico, recinto de R\u00edo Piedras. Sometido a la Comisi\u00f3n Estatal de Elecciones OCE-SA-2020-374<\/p>\n","protected":false},"author":11,"featured_media":0,"parent":0,"menu_order":0,"comment_status":"closed","ping_status":"closed","template":"","meta":{"footnotes":""},"class_list":["post-1076","page","type-page","status-publish"],"amp_enabled":true,"_links":{"self":[{"href":"https:\/\/generales.uprrp.edu\/competencias-linguisticas\/wp-json\/wp\/v2\/pages\/1076","targetHints":{"allow":["GET"]}}],"collection":[{"href":"https:\/\/generales.uprrp.edu\/competencias-linguisticas\/wp-json\/wp\/v2\/pages"}],"about":[{"href":"https:\/\/generales.uprrp.edu\/competencias-linguisticas\/wp-json\/wp\/v2\/types\/page"}],"author":[{"embeddable":true,"href":"https:\/\/generales.uprrp.edu\/competencias-linguisticas\/wp-json\/wp\/v2\/users\/11"}],"replies":[{"embeddable":true,"href":"https:\/\/generales.uprrp.edu\/competencias-linguisticas\/wp-json\/wp\/v2\/comments?post=1076"}],"version-history":[{"count":2,"href":"https:\/\/generales.uprrp.edu\/competencias-linguisticas\/wp-json\/wp\/v2\/pages\/1076\/revisions"}],"predecessor-version":[{"id":1078,"href":"https:\/\/generales.uprrp.edu\/competencias-linguisticas\/wp-json\/wp\/v2\/pages\/1076\/revisions\/1078"}],"wp:attachment":[{"href":"https:\/\/generales.uprrp.edu\/competencias-linguisticas\/wp-json\/wp\/v2\/media?parent=1076"}],"curies":[{"name":"wp","href":"https:\/\/api.w.org\/{rel}","templated":true}]}}