{"id":433,"date":"2021-05-28T19:18:50","date_gmt":"2021-05-28T19:18:50","guid":{"rendered":"https:\/\/generales.uprrp.edu\/inim\/?page_id=433"},"modified":"2025-03-11T19:55:59","modified_gmt":"2025-03-11T19:55:59","slug":"viajes-academicos","status":"publish","type":"page","link":"https:\/\/generales.uprrp.edu\/cisim\/viajes-academicos\/","title":{"rendered":"Viajes Acad\u00e9micos"},"content":{"rendered":"<p>En el <span data-olk-copy-source=\"MessageBody\">Centro Integrador de Servicios Interdisciplinarios y Multiculturales<\/span> (CISIM) coordinamos y preparamos viajes acad\u00e9micos donde buscamos que los estudiantes se den la oportunidad de conocer otras culturas y a la vez tomar cursos que le valide cr\u00e9ditos. Algunos viajes acad\u00e9micos que hemos ofrecido en el CISIM han sido a distintos pa\u00edses como: Italia, Espa\u00f1a, Francia, Costa Rica, entre otros. Cada viaje propone exponer a una experiencia de vida. Por un lado, el estudiante comprender\u00e1 un componente formal del estudio de la lengua, cultura y literatura; por el otro lado, el viaje acad\u00e9mico cubrir\u00e1 fuera del sal\u00f3n de clases aspectos culturales y de comprensi\u00f3n de una cultura nueva mediante excursiones e intercambios personales dentro del pa\u00eds con el fin de conocer mejor las personas, el paisaje, el arte, la geograf\u00eda y la cultura del pa\u00eds.<\/p>\n","protected":false},"excerpt":{"rendered":"<p>En el Centro Integrador de Servicios Interdisciplinarios y Multiculturales (CISIM) coordinamos y preparamos viajes acad\u00e9micos donde buscamos que los estudiantes se den la oportunidad de conocer otras culturas y a la vez tomar cursos que le valide cr\u00e9ditos. Algunos viajes acad\u00e9micos que hemos ofrecido en el CISIM han sido a distintos pa\u00edses como: Italia, Espa\u00f1a,<\/p>\n","protected":false},"author":11,"featured_media":0,"parent":0,"menu_order":0,"comment_status":"closed","ping_status":"closed","template":"","meta":{"footnotes":""},"class_list":["post-433","page","type-page","status-publish"],"amp_enabled":true,"_links":{"self":[{"href":"https:\/\/generales.uprrp.edu\/cisim\/wp-json\/wp\/v2\/pages\/433","targetHints":{"allow":["GET"]}}],"collection":[{"href":"https:\/\/generales.uprrp.edu\/cisim\/wp-json\/wp\/v2\/pages"}],"about":[{"href":"https:\/\/generales.uprrp.edu\/cisim\/wp-json\/wp\/v2\/types\/page"}],"author":[{"embeddable":true,"href":"https:\/\/generales.uprrp.edu\/cisim\/wp-json\/wp\/v2\/users\/11"}],"replies":[{"embeddable":true,"href":"https:\/\/generales.uprrp.edu\/cisim\/wp-json\/wp\/v2\/comments?post=433"}],"version-history":[{"count":3,"href":"https:\/\/generales.uprrp.edu\/cisim\/wp-json\/wp\/v2\/pages\/433\/revisions"}],"predecessor-version":[{"id":685,"href":"https:\/\/generales.uprrp.edu\/cisim\/wp-json\/wp\/v2\/pages\/433\/revisions\/685"}],"wp:attachment":[{"href":"https:\/\/generales.uprrp.edu\/cisim\/wp-json\/wp\/v2\/media?parent=433"}],"curies":[{"name":"wp","href":"https:\/\/api.w.org\/{rel}","templated":true}]}}