{"id":414,"date":"2021-05-28T18:54:10","date_gmt":"2021-05-28T18:54:10","guid":{"rendered":"https:\/\/generales.uprrp.edu\/inim\/?page_id=414"},"modified":"2025-03-12T12:56:18","modified_gmt":"2025-03-12T12:56:18","slug":"inmersiones-academicas","status":"publish","type":"page","link":"https:\/\/generales.uprrp.edu\/cisim\/inmersiones-academicas\/","title":{"rendered":"Inmersiones acad\u00e9micas y culturales"},"content":{"rendered":"<p><em>&#8220;Una universidad internacional que, aprendiendo del pasado, transforma el presente para forjar el futuro&#8221;<\/em><\/p>\n<p>El <span data-olk-copy-source=\"MessageBody\">CISIM<\/span> se caracteriza por desarrollar programas que incentiven el desarrollo acad\u00e9mico, cultural \u00a0y comunitario de los estudiantes y profesores.<\/p>\n<p>Grupos de estudiantes de diferentes universidades extranjeras pueden tener la oportunidad de realizar un viaje de inmersi\u00f3n en la Universidad de Puerto Rico, Recinto de R\u00edo piedras.<\/p>\n<p>Las inmersiones pueden ser combinadas. El <span data-olk-copy-source=\"MessageBody\">CISIM<\/span> crea un itinerario personalizado para cada universidad o grupo de participantes.<\/p>\n<p>Para el desarrollo de cada inmersi\u00f3n, el <span data-olk-copy-source=\"MessageBody\">CISIM<\/span> ofrece:<\/p>\n<ul>\n<li>Servicio de transportaci\u00f3n a los lugares que se estipulen en el itinerario.<\/li>\n<li>Sal\u00f3n de clases para tomar los cursos<\/li>\n<li><span data-olk-copy-source=\"MessageBody\">Desayuno de bienvenida y cena de despedida<\/span><\/li>\n<li>Alojamiento<\/li>\n<li>Itinerario<\/li>\n<li>Mentor<\/li>\n<li>Coordinaci\u00f3n de cada uno de los servicios<\/li>\n<li>Entradas a lugares de inter\u00e9s: parques, museos, centros culturales, etc.<\/li>\n<\/ul>\n<p><strong>INMERSIONES CULTURALES<\/strong><\/p>\n<p>Los estudiantes tendr\u00e1n la oportunidad de realizar recorridos por diferentes lugares de inter\u00e9s en la isla mientras toman el curso de Puerto Rico: Sociedad y Cultural. Esta inmersi\u00f3n, y por consiguiente el curso, tienen como prop\u00f3sito que los estudiantes conozcan a profundidad nuestra cultura puertorrique\u00f1a y c\u00f3mo la isla se ha ido desarrollando a trav\u00e9s del tiempo en diferentes aspectos.<\/p>\n<p><strong>INMERSIONES ACAD\u00c9MICAS<\/strong><\/p>\n<p>Los estudiantes tienen la oportunidad de tomar cursos con valor de cr\u00e9dito. El <span data-olk-copy-source=\"MessageBody\">CISIM<\/span> brinda la oportunidad de que los grupos o las universidades elijan los\u00a0 cursos que desean tomar y el <span data-olk-copy-source=\"MessageBody\">CISIM<\/span> se encarga de preparar la inmersi\u00f3n. De igual forma los estudiantes pueden tomar los cursos en los idiomas que deseen: espa\u00f1ol o ingl\u00e9s. As\u00ed tambi\u00e9n cursos especializados en afrodescendencia, el caribe, literatura, artes, ciencias ambientales en Puerto Rico, entre otros.<\/p>\n<p><strong>INMERSIONES COMUNITARIAS<\/strong><\/p>\n<p>Los estudiantes tienen la oportunidad de realizar servicio comunitario en y con diferentes organizaciones alrededor de la isla.<\/p>\n","protected":false},"excerpt":{"rendered":"<p>&#8220;Una universidad internacional que, aprendiendo del pasado, transforma el presente para forjar el futuro&#8221; El CISIM se caracteriza por desarrollar programas que incentiven el desarrollo acad\u00e9mico, cultural \u00a0y comunitario de los estudiantes y profesores. Grupos de estudiantes de diferentes universidades extranjeras pueden tener la oportunidad de realizar un viaje de inmersi\u00f3n en la Universidad de<\/p>\n","protected":false},"author":11,"featured_media":0,"parent":0,"menu_order":0,"comment_status":"closed","ping_status":"closed","template":"","meta":{"footnotes":""},"class_list":["post-414","page","type-page","status-publish"],"amp_enabled":true,"_links":{"self":[{"href":"https:\/\/generales.uprrp.edu\/cisim\/wp-json\/wp\/v2\/pages\/414","targetHints":{"allow":["GET"]}}],"collection":[{"href":"https:\/\/generales.uprrp.edu\/cisim\/wp-json\/wp\/v2\/pages"}],"about":[{"href":"https:\/\/generales.uprrp.edu\/cisim\/wp-json\/wp\/v2\/types\/page"}],"author":[{"embeddable":true,"href":"https:\/\/generales.uprrp.edu\/cisim\/wp-json\/wp\/v2\/users\/11"}],"replies":[{"embeddable":true,"href":"https:\/\/generales.uprrp.edu\/cisim\/wp-json\/wp\/v2\/comments?post=414"}],"version-history":[{"count":9,"href":"https:\/\/generales.uprrp.edu\/cisim\/wp-json\/wp\/v2\/pages\/414\/revisions"}],"predecessor-version":[{"id":698,"href":"https:\/\/generales.uprrp.edu\/cisim\/wp-json\/wp\/v2\/pages\/414\/revisions\/698"}],"wp:attachment":[{"href":"https:\/\/generales.uprrp.edu\/cisim\/wp-json\/wp\/v2\/media?parent=414"}],"curies":[{"name":"wp","href":"https:\/\/api.w.org\/{rel}","templated":true}]}}