{"id":308,"date":"2019-08-06T19:13:43","date_gmt":"2019-08-06T19:13:43","guid":{"rendered":"http:\/\/generales.uprrp.edu\/inim\/?page_id=308"},"modified":"2025-02-10T19:02:10","modified_gmt":"2025-02-10T19:02:10","slug":"vision-y-mision-cisim","status":"publish","type":"page","link":"https:\/\/generales.uprrp.edu\/cisim\/vision-y-mision-cisim\/","title":{"rendered":"Visi\u00f3n y Misi\u00f3n del CISIM"},"content":{"rendered":"<p><strong><em>Visi\u00f3n<\/em><\/strong><\/p>\n<p>Ser el principal Centro Integrador de Servicios Interdisciplinarios y Multiculturales que promueva el posicionamiento internacional de la Universidad de Puerto Rico, Recinto de Rio Piedras. Esto mediante ofrecimientos a estudiantes, profesores e investigadores a unas series curriculares, cursos de intercambio, viajes de investigaci\u00f3n y de inmersi\u00f3n cultural junto con manejo de congresos internacionales. De igual forma, buscamos impulsar a gran escala la colaboraci\u00f3n con organizaciones sin fines de lucro que promuevan el bienestar ecol\u00f3gico, ambiental, social, educativo y econ\u00f3mico de la isla.<\/p>\n<p><strong><em>Misi\u00f3n<\/em><\/strong><\/p>\n<p>Somos un programa adscrito a la Facultad de Estudios Generales en la Universidad de Puerto Rico, Recinto de R\u00edo Piedras que busca promover las inmersiones acad\u00e9micas, culturales y comunitarias junto con el\u00a0 intercambio internacional.<\/p>\n<p>Por medio de la gesti\u00f3n del personal del CISIM, buscamos aumentar los acuerdos de colaboraci\u00f3n acad\u00e9mica entre universidades alrededor del mundo.\u00a0 Apoyamos a estudiantes de la Universidad de Puerto Rico con oportunidades de internados en el exterior para su desarrollo profesional en gesti\u00f3n cultural y acad\u00e9mica, con el prop\u00f3sito de brindarle oportunidades reales de crecimiento y de desarrollo personal y profesional al estudiantado puertorrique\u00f1o.<\/p>\n","protected":false},"excerpt":{"rendered":"<p>Visi\u00f3n Ser el principal Centro Integrador de Servicios Interdisciplinarios y Multiculturales que promueva el posicionamiento internacional de la Universidad de Puerto Rico, Recinto de Rio Piedras. Esto mediante ofrecimientos a estudiantes, profesores e investigadores a unas series curriculares, cursos de intercambio, viajes de investigaci\u00f3n y de inmersi\u00f3n cultural junto con manejo de congresos internacionales. De<\/p>\n","protected":false},"author":11,"featured_media":0,"parent":0,"menu_order":0,"comment_status":"closed","ping_status":"closed","template":"","meta":{"footnotes":""},"class_list":["post-308","page","type-page","status-publish"],"amp_enabled":true,"_links":{"self":[{"href":"https:\/\/generales.uprrp.edu\/cisim\/wp-json\/wp\/v2\/pages\/308","targetHints":{"allow":["GET"]}}],"collection":[{"href":"https:\/\/generales.uprrp.edu\/cisim\/wp-json\/wp\/v2\/pages"}],"about":[{"href":"https:\/\/generales.uprrp.edu\/cisim\/wp-json\/wp\/v2\/types\/page"}],"author":[{"embeddable":true,"href":"https:\/\/generales.uprrp.edu\/cisim\/wp-json\/wp\/v2\/users\/11"}],"replies":[{"embeddable":true,"href":"https:\/\/generales.uprrp.edu\/cisim\/wp-json\/wp\/v2\/comments?post=308"}],"version-history":[{"count":4,"href":"https:\/\/generales.uprrp.edu\/cisim\/wp-json\/wp\/v2\/pages\/308\/revisions"}],"predecessor-version":[{"id":664,"href":"https:\/\/generales.uprrp.edu\/cisim\/wp-json\/wp\/v2\/pages\/308\/revisions\/664"}],"wp:attachment":[{"href":"https:\/\/generales.uprrp.edu\/cisim\/wp-json\/wp\/v2\/media?parent=308"}],"curies":[{"name":"wp","href":"https:\/\/api.w.org\/{rel}","templated":true}]}}