{"id":12,"date":"2017-02-17T13:03:16","date_gmt":"2017-02-17T13:03:16","guid":{"rendered":"http:\/\/generalesdv.uprrp.edu\/inim\/?page_id=12"},"modified":"2025-02-10T19:05:33","modified_gmt":"2025-02-10T19:05:33","slug":"metas-y-objetivos-cisim","status":"publish","type":"page","link":"https:\/\/generales.uprrp.edu\/cisim\/metas-y-objetivos-cisim\/","title":{"rendered":"Metas y Objetivos del CISIM"},"content":{"rendered":"<h3><strong>Promover: <\/strong><\/h3>\n<ul>\n<li>El intercambio acad\u00e9mico entre las naciones.<\/li>\n<li>La interdisciplinaridad y la multiculturalidad.<\/li>\n<li>La difusi\u00f3n de la cultura puertorrique\u00f1a.<\/li>\n<li>Perspectiva de identidades.<\/li>\n<li>Una experiencia de contacto y conocimiento cultural, cient\u00edfico y comunitario sobre Puerto Rico.<\/li>\n<li>Las destrezas y el inter\u00e9s en la investigaci\u00f3n sobre: Puerto Rico, El Caribe, Ambiente Antillano, Ciencias y Culturas.<\/li>\n<\/ul>\n<h3><strong>Ofrecer:<\/strong><\/h3>\n<ul>\n<li>Un programa de inmersi\u00f3n en espa\u00f1ol dentro del contexto de la cultura puertorrique\u00f1a y el ingl\u00e9s como segunda lengua.<\/li>\n<li>Ciclos de conferencias, seminarios y talleres con un enfoque interdisciplinario y caribe\u00f1o para estudiantes internacionales y puertorrique\u00f1os.<\/li>\n<li>Experiencias multiculturales en colaboraci\u00f3n con otras instituciones en Puerto Rico y el extranjero.<\/li>\n<li>las movilidades a corto tiempo a universidades extranjeras.<\/li>\n<\/ul>\n<h3><strong>Apoyar:<\/strong><\/h3>\n<ul>\n<li>Proyectos de investigaci\u00f3n en colaboraci\u00f3n con instituciones acad\u00e9micas internacionales.<\/li>\n<li>Conocer y reconocer las diversidades culturales en el mundo.<\/li>\n<li>B\u00fasqueda de fondos externos para estudiantes y docentes.<\/li>\n<li>La concentraci\u00f3n menor del programa de Estudios de Afrodescendencia y Racialidad del Departamento de Bachillerato y de Ciencias Sociales de la Facultad de Estudios Generales.<\/li>\n<\/ul>\n<h3><strong>Establecer:<\/strong><\/h3>\n<ul>\n<li>Una red de contactos con otras universidades, el comercio y la industria, agencias gubernamentales, locales y extranjeras.<\/li>\n<li>Alianzas con organizaciones sin fines de lucros: culturales, cient\u00edficas y de servicios comunitarios.<\/li>\n<li>La diversidad cultural, \u00e9tnico-racial y de g\u00e9nero.<\/li>\n<\/ul>\n<h3><strong>Orientar:<\/strong><\/h3>\n<ul>\n<li>A los estudiantes de la UPR sobre programas internacionales y a estudiantes internacionales sobre los ofrecimientos de la UPR.<\/li>\n<li>A j\u00f3venes universitarios a ser creativos, l\u00edderes para el desarrollo de Puerto Rico.<\/li>\n<\/ul>\n","protected":false},"excerpt":{"rendered":"<p>Promover: El intercambio acad\u00e9mico entre las naciones. La interdisciplinaridad y la multiculturalidad. La difusi\u00f3n de la cultura puertorrique\u00f1a. Perspectiva de identidades. Una experiencia de contacto y conocimiento cultural, cient\u00edfico y comunitario sobre Puerto Rico. Las destrezas y el inter\u00e9s en la investigaci\u00f3n sobre: Puerto Rico, El Caribe, Ambiente Antillano, Ciencias y Culturas. Ofrecer: Un programa<\/p>\n","protected":false},"author":16,"featured_media":0,"parent":0,"menu_order":0,"comment_status":"closed","ping_status":"closed","template":"","meta":{"footnotes":""},"class_list":["post-12","page","type-page","status-publish"],"amp_enabled":true,"_links":{"self":[{"href":"https:\/\/generales.uprrp.edu\/cisim\/wp-json\/wp\/v2\/pages\/12","targetHints":{"allow":["GET"]}}],"collection":[{"href":"https:\/\/generales.uprrp.edu\/cisim\/wp-json\/wp\/v2\/pages"}],"about":[{"href":"https:\/\/generales.uprrp.edu\/cisim\/wp-json\/wp\/v2\/types\/page"}],"author":[{"embeddable":true,"href":"https:\/\/generales.uprrp.edu\/cisim\/wp-json\/wp\/v2\/users\/16"}],"replies":[{"embeddable":true,"href":"https:\/\/generales.uprrp.edu\/cisim\/wp-json\/wp\/v2\/comments?post=12"}],"version-history":[{"count":10,"href":"https:\/\/generales.uprrp.edu\/cisim\/wp-json\/wp\/v2\/pages\/12\/revisions"}],"predecessor-version":[{"id":665,"href":"https:\/\/generales.uprrp.edu\/cisim\/wp-json\/wp\/v2\/pages\/12\/revisions\/665"}],"wp:attachment":[{"href":"https:\/\/generales.uprrp.edu\/cisim\/wp-json\/wp\/v2\/media?parent=12"}],"curies":[{"name":"wp","href":"https:\/\/api.w.org\/{rel}","templated":true}]}}