{"id":10,"date":"2017-02-17T13:00:22","date_gmt":"2017-02-17T13:00:22","guid":{"rendered":"http:\/\/generalesdv.uprrp.edu\/inim\/?page_id=10"},"modified":"2025-03-12T12:26:30","modified_gmt":"2025-03-12T12:26:30","slug":"sobre-el-inim-2","status":"publish","type":"page","link":"https:\/\/generales.uprrp.edu\/cisim\/","title":{"rendered":"Elementor #10"},"content":{"rendered":"\t\t<div data-elementor-type=\"wp-page\" data-elementor-id=\"10\" class=\"elementor elementor-10\">\n\t\t\t\t\t\t<section class=\"elementor-section elementor-top-section elementor-element elementor-element-691d2c50 elementor-section-boxed elementor-section-height-default elementor-section-height-default\" data-id=\"691d2c50\" data-element_type=\"section\" data-e-type=\"section\">\n\t\t\t\t\t\t<div class=\"elementor-container elementor-column-gap-default\">\n\t\t\t\t\t<div class=\"elementor-column elementor-col-100 elementor-top-column elementor-element elementor-element-216a849b\" data-id=\"216a849b\" data-element_type=\"column\" data-e-type=\"column\">\n\t\t\t<div class=\"elementor-widget-wrap elementor-element-populated\">\n\t\t\t\t\t\t<div class=\"elementor-element elementor-element-1c2ed852 elementor-widget elementor-widget-text-editor\" data-id=\"1c2ed852\" data-element_type=\"widget\" data-e-type=\"widget\" data-widget_type=\"text-editor.default\">\n\t\t\t\t<div class=\"elementor-widget-container\">\n\t\t\t\t\t\t\t\t\t<aside><\/aside><aside><\/aside><aside><\/aside><aside><\/aside><aside><\/aside><aside><\/aside><aside><\/aside><aside class=\"modern-quote pull alignleft\"><h2 style=\"text-align: left;\"><em><strong><span style=\"color: #ff0000;\">&#8220;<\/span>\u00a0<span style=\"color: #ff0000;\">Una universidad internacional que, aprendiendo del pasado, transforma el presente para forjar el futuro.&#8221;<\/span><\/strong><\/em><\/h2><h5 style=\"text-align: left;\">\u00a0<\/h5><h5 style=\"text-align: left;\"><strong><span style=\"font-size: 14px; font-style: normal;\">(Plan de Estrategias de Acci\u00f3n del Recinto de R\u00edo Piedras)<\/span><\/strong><\/h5><\/aside><p><span data-olk-copy-source=\"MessageBody\">El Centro Integrador de Servicios Interdisciplinarios y Multiculturales (CISIM)<\/span> <span data-olk-copy-source=\"MessageBody\">fue creado por docentes de la Facultad de Estudios Generales bajo el nombre Instituto Interdisciplinario y Multicultural (INIM) en el 2005.<\/span> El prop\u00f3sito de su fundaci\u00f3n fue promover el intercambio acad\u00e9mico internacional, ofrecer un curr\u00edculo de idiomas para estudiantes internacionales y un programa acad\u00e9mico no tradicional e interdisciplinario que utilice no s\u00f3lo los per\u00edodos regulares de clases, sino tambi\u00e9n los veranos &#8211; es una unidad aut\u00f3noma bajo el Decanato de la Facultad de Estudios Generales.<\/p><p>El <span data-olk-copy-source=\"MessageBody\">CISIM<\/span>, un programa \u00fanico e innovador en la UPR, nace, de acuerdo con el Plan Estrat\u00e9gico Sist\u00e9mico de la UPR, de la necesidad y el deseo de \u201cproveer una perspectiva internacional a los contenidos y experiencias curriculares, anclado en Puerto Rico y el Caribe\u201d, \u201cfortalecer los programas de intercambio, con \u00e9nfasis en los programas internacionales\u201d y \u201cestablecer esfuerzos colaborativos con otras instituciones universitarias, la industria el comercio y el gobierno en o fuera de Puerto Rico\u201d.<\/p>\t\t\t\t\t\t\t\t<\/div>\n\t\t\t\t<\/div>\n\t\t\t\t\t<\/div>\n\t\t<\/div>\n\t\t\t\t\t<\/div>\n\t\t<\/section>\n\t\t\t\t<\/div>\n\t\t","protected":false},"excerpt":{"rendered":"<p>&#8221;\u00a0Una universidad internacional que, aprendiendo del pasado, transforma el presente para forjar el futuro.&#8221; \u00a0 (Plan de Estrategias de Acci\u00f3n del Recinto de R\u00edo Piedras) El Centro Integrador de Servicios Interdisciplinarios y Multiculturales (CISIM) fue creado por docentes de la Facultad de Estudios Generales bajo el nombre Instituto Interdisciplinario y Multicultural (INIM) en el 2005.<\/p>\n","protected":false},"author":16,"featured_media":0,"parent":0,"menu_order":0,"comment_status":"closed","ping_status":"closed","template":"","meta":{"footnotes":""},"class_list":["post-10","page","type-page","status-publish"],"amp_enabled":false,"_links":{"self":[{"href":"https:\/\/generales.uprrp.edu\/cisim\/wp-json\/wp\/v2\/pages\/10","targetHints":{"allow":["GET"]}}],"collection":[{"href":"https:\/\/generales.uprrp.edu\/cisim\/wp-json\/wp\/v2\/pages"}],"about":[{"href":"https:\/\/generales.uprrp.edu\/cisim\/wp-json\/wp\/v2\/types\/page"}],"author":[{"embeddable":true,"href":"https:\/\/generales.uprrp.edu\/cisim\/wp-json\/wp\/v2\/users\/16"}],"replies":[{"embeddable":true,"href":"https:\/\/generales.uprrp.edu\/cisim\/wp-json\/wp\/v2\/comments?post=10"}],"version-history":[{"count":37,"href":"https:\/\/generales.uprrp.edu\/cisim\/wp-json\/wp\/v2\/pages\/10\/revisions"}],"predecessor-version":[{"id":696,"href":"https:\/\/generales.uprrp.edu\/cisim\/wp-json\/wp\/v2\/pages\/10\/revisions\/696"}],"wp:attachment":[{"href":"https:\/\/generales.uprrp.edu\/cisim\/wp-json\/wp\/v2\/media?parent=10"}],"curies":[{"name":"wp","href":"https:\/\/api.w.org\/{rel}","templated":true}]}}