{"id":93,"date":"2017-12-18T18:08:55","date_gmt":"2017-12-18T18:08:55","guid":{"rendered":"http:\/\/generalesdv.uprrp.edu\/ciencias-sociales\/?page_id=93"},"modified":"2023-06-02T18:34:29","modified_gmt":"2023-06-02T18:34:29","slug":"el-curso-dciso","status":"publish","type":"page","link":"https:\/\/generales.uprrp.edu\/ciencias-sociales\/el-curso-dciso\/","title":{"rendered":"El Curso DCISO"},"content":{"rendered":"<p align=\"justify\">La cultura de discusi\u00f3n permanente en el Departamento de Ciencias Sociales (DCISO) produjo una revisi\u00f3n de la definici\u00f3n del curso de Ciencias Sociales. Esta fue aprobada oficialmente por el departamento en pleno en 1999:<\/p>\n<p align=\"justify\"><strong><em>\u201cSe reflexiona sobre la constituci\u00f3n social del sujeto humano; el car\u00e1cter socio \u2013 hist\u00f3rico de los procesos de construcci\u00f3n del conocimiento; y las relaciones entre el poder, las pr\u00e1cticas sociales y econ\u00f3micas y la producci\u00f3n de la cultura.\u00a0 Se exploran m\u00faltiples formulaciones te\u00f3ricas en las Ciencias Sociales, en sus vinculaciones con otros campos del saber y con las experiencias propias de los estudiantes, y se estimula el inter\u00e9s por la producci\u00f3n del conocimiento y la investigaci\u00f3n.\u201d<\/em><\/strong><\/p>\n<p align=\"justify\"><strong>Oferta curricular actual del departamento<\/strong><\/p>\n<p align=\"justify\">Desde sus inicios el Departamento de Ciencias Sociales tuvo la responsabilidad de ofrecer lo que se conoce como el curso \u201cb\u00e1sico\u201d o \u201cintroductorio\u201d de Ciencias Sociales (CISO 3121-3122) como parte de los requisitos de Estudios Generales del bachillerato universitario.\u00a0En su evoluci\u00f3n, el DCISO ha adoptado el concepto de \u2018Variantes de curso\u2019 para desarrollar opciones curriculares que trabajan los objetivos generales del curso, pero de diversas formas, con hilos conductores polis\u00e9micos y echando mano de distintos materiales did\u00e1cticos.<\/p>\n<p align=\"justify\">El curso original -al igual que los otros componentes del curr\u00edculo de Estudios Generales- exhibi\u00f3 una orientaci\u00f3n de \u201cgrandes obras de la cultura occidental\u201d. El surgimiento de variantes viabiliz\u00f3 una revisi\u00f3n y renovaci\u00f3n curricular importante.\u00a0 Actualmente existen siete variantes aprobadas por el departamento. (Variante 1, Variante 2, Variante para el PBAEG, la Variante para COPU, la Variante Experimental, la variante \u2018Fundamentos\u2019 y la Variante Transdisciplinaria).<\/p>\n<p align=\"justify\">El profesorado se constituye en grupos docentes que realizan Seminarios de integraci\u00f3n donde se discuten problemas pedag\u00f3gicos y curriculares.<\/p>\n<p align=\"justify\">En la actualidad el departamento considera nuevas formas de innovaci\u00f3n curricular para responder a los cambios que est\u00e1n desarroll\u00e1ndose en la educaci\u00f3n superior.<\/p>\n","protected":false},"excerpt":{"rendered":"<p>La cultura de discusi\u00f3n permanente en el Departamento de Ciencias Sociales (DCISO) produjo una revisi\u00f3n de la definici\u00f3n del curso de Ciencias Sociales. Esta fue aprobada oficialmente por el departamento en pleno en 1999: \u201cSe reflexiona sobre la constituci\u00f3n social del sujeto humano; el car\u00e1cter socio \u2013 hist\u00f3rico de los procesos de construcci\u00f3n del conocimiento;<\/p>\n","protected":false},"author":11,"featured_media":0,"parent":0,"menu_order":0,"comment_status":"closed","ping_status":"closed","template":"","meta":{"footnotes":""},"class_list":["post-93","page","type-page","status-publish"],"_links":{"self":[{"href":"https:\/\/generales.uprrp.edu\/ciencias-sociales\/wp-json\/wp\/v2\/pages\/93","targetHints":{"allow":["GET"]}}],"collection":[{"href":"https:\/\/generales.uprrp.edu\/ciencias-sociales\/wp-json\/wp\/v2\/pages"}],"about":[{"href":"https:\/\/generales.uprrp.edu\/ciencias-sociales\/wp-json\/wp\/v2\/types\/page"}],"author":[{"embeddable":true,"href":"https:\/\/generales.uprrp.edu\/ciencias-sociales\/wp-json\/wp\/v2\/users\/11"}],"replies":[{"embeddable":true,"href":"https:\/\/generales.uprrp.edu\/ciencias-sociales\/wp-json\/wp\/v2\/comments?post=93"}],"version-history":[{"count":4,"href":"https:\/\/generales.uprrp.edu\/ciencias-sociales\/wp-json\/wp\/v2\/pages\/93\/revisions"}],"predecessor-version":[{"id":356,"href":"https:\/\/generales.uprrp.edu\/ciencias-sociales\/wp-json\/wp\/v2\/pages\/93\/revisions\/356"}],"wp:attachment":[{"href":"https:\/\/generales.uprrp.edu\/ciencias-sociales\/wp-json\/wp\/v2\/media?parent=93"}],"curies":[{"name":"wp","href":"https:\/\/api.w.org\/{rel}","templated":true}]}}