{"id":9,"date":"2016-03-09T20:14:52","date_gmt":"2016-03-09T20:14:52","guid":{"rendered":"http:\/\/generalesdv.uprrp.edu\/ciencias-sociales\/?page_id=9"},"modified":"2025-03-05T20:12:55","modified_gmt":"2025-03-05T20:12:55","slug":"cursos","status":"publish","type":"page","link":"https:\/\/generales.uprrp.edu\/ciencias-sociales\/cursos\/","title":{"rendered":"Cursos"},"content":{"rendered":"<p align=\"justify\"><strong>CISO 3121 Introducci\u00f3n a las Ciencias Sociales<br \/>\n<\/strong>Se reflexiona sobre la constituci\u00f3n del sujeto humano: el car\u00e1cter sociohist\u00f3rico de los procesos de construcci\u00f3n del conocimiento; y las relaciones entre el poder, las pr\u00e1cticas sociales y econ\u00f3micas y la producci\u00f3n de la cultura. Se exploran m\u00faltiples formaciones te\u00f3ricas en las Ciencias Sociales, en sus vinculaciones con otros campos del saber y con las experiencias propias de los estudiantes, y se estimula el inter\u00e9s por la producci\u00f3n del conocimiento y la investigaci\u00f3n.<\/p>\n<p align=\"justify\"><strong>CISO 3122 Introducci\u00f3n a las Ciencias Sociales<br \/>\n<\/strong>Se reflexiona sobre la constituci\u00f3n del sujeto humano: el car\u00e1cter sociohist\u00f3rico de los procesos de construcci\u00f3n del conocimiento; y las relaciones entre el poder, las pr\u00e1cticas sociales y econ\u00f3micas y la producci\u00f3n de la cultura. Se exploran m\u00faltiples formaciones te\u00f3ricas en las Ciencias Sociales, en sus vinculaciones con otros campos del saber y con las experiencias propias de los estudiantes, y se estimula el inter\u00e9s por la producci\u00f3n del conocimiento y la investigaci\u00f3n.<\/p>\n<p align=\"justify\"><strong>CISO 5995 Seminario Interdisciplinario sobre las Ciencias Sociales (Temas Variables)<\/strong><br \/>\nEl seminario abre un espacio para la presentaci\u00f3n y discusi\u00f3n desde un enfoque interdisciplinario de temas que son objeto de investigaci\u00f3n actualmente en las ciencias sociales, que forman parte de los debates contempor\u00e1neos y que no son materia de an\u00e1lisis en otros cursos. En el mismo la comunidad acad\u00e9mica tiene la oportunidad de participar de investigaciones en temas muy espec\u00edficos que est\u00e1n desarrollando o ya han desarrollado los profesores (conducentes a la elaboraci\u00f3n de publicaciones, conferencias o tesis doctorales).<\/p>\n","protected":false},"excerpt":{"rendered":"<p>CISO 3121 Introducci\u00f3n a las Ciencias Sociales Se reflexiona sobre la constituci\u00f3n del sujeto humano: el car\u00e1cter sociohist\u00f3rico de los procesos de construcci\u00f3n del conocimiento; y las relaciones entre el poder, las pr\u00e1cticas sociales y econ\u00f3micas y la producci\u00f3n de la cultura. Se exploran m\u00faltiples formaciones te\u00f3ricas en las Ciencias Sociales, en sus vinculaciones con<\/p>\n","protected":false},"author":2,"featured_media":0,"parent":0,"menu_order":0,"comment_status":"closed","ping_status":"closed","template":"","meta":{"footnotes":""},"class_list":["post-9","page","type-page","status-publish"],"_links":{"self":[{"href":"https:\/\/generales.uprrp.edu\/ciencias-sociales\/wp-json\/wp\/v2\/pages\/9","targetHints":{"allow":["GET"]}}],"collection":[{"href":"https:\/\/generales.uprrp.edu\/ciencias-sociales\/wp-json\/wp\/v2\/pages"}],"about":[{"href":"https:\/\/generales.uprrp.edu\/ciencias-sociales\/wp-json\/wp\/v2\/types\/page"}],"author":[{"embeddable":true,"href":"https:\/\/generales.uprrp.edu\/ciencias-sociales\/wp-json\/wp\/v2\/users\/2"}],"replies":[{"embeddable":true,"href":"https:\/\/generales.uprrp.edu\/ciencias-sociales\/wp-json\/wp\/v2\/comments?post=9"}],"version-history":[{"count":17,"href":"https:\/\/generales.uprrp.edu\/ciencias-sociales\/wp-json\/wp\/v2\/pages\/9\/revisions"}],"predecessor-version":[{"id":391,"href":"https:\/\/generales.uprrp.edu\/ciencias-sociales\/wp-json\/wp\/v2\/pages\/9\/revisions\/391"}],"wp:attachment":[{"href":"https:\/\/generales.uprrp.edu\/ciencias-sociales\/wp-json\/wp\/v2\/media?parent=9"}],"curies":[{"name":"wp","href":"https:\/\/api.w.org\/{rel}","templated":true}]}}