{"id":85,"date":"2017-12-18T17:44:01","date_gmt":"2017-12-18T17:44:01","guid":{"rendered":"http:\/\/generalesdv.uprrp.edu\/ciencias-sociales\/?page_id=85"},"modified":"2017-12-18T17:44:01","modified_gmt":"2017-12-18T17:44:01","slug":"historia","status":"publish","type":"page","link":"https:\/\/generales.uprrp.edu\/ciencias-sociales\/historia\/","title":{"rendered":"Historia"},"content":{"rendered":"<p align=\"justify\">El Departamento de Ciencias Sociales se estableci\u00f3 en la d\u00e9cada de los cuarenta como parte de los cambios que introdujo la <b>Reforma Universitaria <\/b>que impulsara Jaime Ben\u00edtez. \u00a0 Se inici\u00f3 como parte del componente b\u00e1sico de Estudios Generales que eventualmente se le confiara a la Facultad de Estudios Generales luego de su creaci\u00f3n en 1946. \u00a0 El primer curso b\u00e1sico de Ciencias Sociales ofrecido en 1943 estuvo a cargo del entonces Rector Jaime Ben\u00edtez y estaba inspirado en las ideas pedag\u00f3gicas de Robert Maynard Hutchins, Rector de la Universidad de Chicago.<\/p>\n<p align=\"justify\">Seg\u00fan el primer informe Anual de la Divisi\u00f3n de Estudios Generales (1943-1944), ense\u00f1aban el curso b\u00e1sico de Ciencias Sociales los siguientes profesores:<\/p>\n<p align=\"justify\">Sr. Jaime Ben\u00edtez &#8211; Rector de la Universidad de Puerto Rico y Catedr\u00e1tico de Ciencias Pol\u00edticas<\/p>\n<p align=\"justify\">Sr. Antonio J. Colorado &#8211; Decano y Catedr\u00e1tico de Ciencias Sociales<\/p>\n<p align=\"justify\">Sra. Clara Lugo de Sendra &#8211; Catedr\u00e1tica Auxiliar de Econom\u00eda<\/p>\n<p align=\"justify\">Sra. Providencia\u00a0 C. Collado &#8211; Instructora de Ciencias Sociales<\/p>\n<p align=\"justify\">Sra. Josefa Bus\u00f3 &#8211; Instructora de Ciencias Sociales<\/p>\n<p align=\"justify\">Sr. Pedro L. Perea &#8211; Instructor de Ciencias Sociales<\/p>\n<p align=\"justify\">Sr. Labor G\u00f3mez &#8211; Instructor de Ciencias Sociales<\/p>\n<p align=\"justify\">Sr. Pedro Mu\u00f1oz Amato &#8211; Instructor de Ciencias Sociales<\/p>\n<p align=\"justify\"><b><i>El curso de Ciencias Sociales se describ\u00eda de la siguiente manera en 1943:<\/i><\/b><\/p>\n<p align=\"justify\"><b>CURSO B\u00c1SICO DE CIENCIAS SOCIALES<\/b><\/p>\n<p align=\"justify\"><b>Objetivos y Metodolog\u00eda<\/b><\/p>\n<div align=\"justify\">\n<ol>\n<li>Dar al estudiante una visi\u00f3n comprensiva e integral de los problemas fundamentales de nuestro tiempo en lo que toma al ser humano en sociedad;<\/li>\n<li>Presentar de manera esquem\u00e1tica los m\u00e9todos y t\u00e9cnicas con que el hombre ha intentado resolver esos problemas, y evaluar cr\u00edticamente la eficacia de esos m\u00e9todos;<\/li>\n<li>Rese\u00f1ar para el estudiante las ideas y conceptos b\u00e1sicos sobre la naturaleza del hombre y los valores que \u00e9ste ha tenido en estima en significativos momentos hist\u00f3ricos;<\/li>\n<li>Considerar suscintamente los conceptos fundamentales de las instituciones pol\u00edtico-sociales, los grandes movimientos revolucionarios, industriales y pol\u00edticos, y hacer labor de s\u00edntesis cr\u00edtica de los mismos.<\/li>\n<\/ol>\n<\/div>\n<p align=\"justify\">El curso se inicia con planteamiento de la crisis actual.\u00a0 Se explica que es crisis, su naturaleza y amplitud.\u00a0 Despu\u00e9s se consideran las t\u00e9cnicas de reforma:\u00a0 la jur\u00eddica, la religiosa, la educativa, la revolucionaria, y se valoriza cada una seg\u00fan su eficacia.\u00a0 Entonces se pasa a estudiar la naturaleza del hombre, su aspecto biol\u00f3gico, su aspecto psicol\u00f3gico.\u00a0 Finalmente se consideran las grandes \u00e9pocas en que podr\u00eda dividirse la historia seg\u00fan el ideario o concepto fundamental que el hombre ha tenido de su vivir: el racionalismo, el romanticismo, el nacionalismo.\u00a0 Las lecturas suplementan lo que se dice en las conferencias y las discusiones en clase lo ampl\u00edan.<\/p>\n<p align=\"justify\">Naturalmente que en este curso s\u00f3lo se tocan los salientes, el gran escorzo que da su car\u00e1cter a un momento hist\u00f3rico.\u00a0 Pero se hace de forma integral para que resulte una visi\u00f3n panor\u00e1mica, coherente y clara.\u00a0 Es, m\u00e1s que nada, un fondo, una perspectiva para que el estudiante se d\u00e9 cuenta de la amplitud del mundo en que vive y\u00a0 se cargue de problemas.\u00a0 El objeto del curso es, pues, inquietar pero sin causar zozobra, sino m\u00e1s bien dando una imagen clara de lo que puede la voluntad y el esfuerzo del hombre al servicio de valores superiores, y cargado con los conocimientos que son asequibles.<\/p>\n<p align=\"justify\">Luego de Ben\u00edtez se contrat\u00f3 a Jos\u00e9 Medina Echevarr\u00eda, destacado soci\u00f3logo espa\u00f1ol , exiliado republicano y precursor de la CEPAL , para ense\u00f1ar el curso de Ciencias Sociales. \u00a0 Tambi\u00e9n estuvo a cargo del curso en esa etapa inicial John V. Murra, antrop\u00f3logo con una extensa obra sobre la Am\u00e9rica Latina. \u00a0 El curso de Ciencias Sociales b\u00e1sico, en la etapa de fundaci\u00f3n del departamento, prove\u00eda un panorama del pensamiento social occidental haciendo uso de textos considerados cl\u00e1sicos. \u00a0 Tambi\u00e9n inclu\u00eda un ciclo de conferencias sobre los temas y pensadores que se discut\u00edan en las clases. \u00a0 Esa versi\u00f3n del curso se mantuvo con algunos cambios por m\u00e1s de dos d\u00e9cadas.<\/p>\n<p align=\"justify\">Como estaba a cargo del componente b\u00e1sico de Ciencias Sociales para todos los estudiantes del bachillerato, el departamento creci\u00f3 considerablemente durante las d\u00e9cadas de los cincuenta y los sesenta. \u00a0 Varios de sus profesores se incorporaron eventualmente a la docencia en la Facultad de Ciencias Sociales como Pablo Garc\u00eda Rodr\u00edguez, Carlos Buitrago y Milton Pab\u00f3n. \u00a0 Para la d\u00e9cada de los setenta comenzaron a surgir <b><a href=\"https:\/\/sites.google.com\/site\/departamentociso\/cursos\">&#8220;variantes&#8221;<\/a> <\/b>del curso que expresaban nuevas modalidades y enfoques en la ense\u00f1anza de las Ciencias Sociales.<\/p>\n","protected":false},"excerpt":{"rendered":"<p>El Departamento de Ciencias Sociales se estableci\u00f3 en la d\u00e9cada de los cuarenta como parte de los cambios que introdujo la Reforma Universitaria que impulsara Jaime Ben\u00edtez. \u00a0 Se inici\u00f3 como parte del componente b\u00e1sico de Estudios Generales que eventualmente se le confiara a la Facultad de Estudios Generales luego de su creaci\u00f3n en 1946.<\/p>\n","protected":false},"author":11,"featured_media":0,"parent":0,"menu_order":0,"comment_status":"closed","ping_status":"closed","template":"","meta":{"footnotes":""},"class_list":["post-85","page","type-page","status-publish"],"_links":{"self":[{"href":"https:\/\/generales.uprrp.edu\/ciencias-sociales\/wp-json\/wp\/v2\/pages\/85","targetHints":{"allow":["GET"]}}],"collection":[{"href":"https:\/\/generales.uprrp.edu\/ciencias-sociales\/wp-json\/wp\/v2\/pages"}],"about":[{"href":"https:\/\/generales.uprrp.edu\/ciencias-sociales\/wp-json\/wp\/v2\/types\/page"}],"author":[{"embeddable":true,"href":"https:\/\/generales.uprrp.edu\/ciencias-sociales\/wp-json\/wp\/v2\/users\/11"}],"replies":[{"embeddable":true,"href":"https:\/\/generales.uprrp.edu\/ciencias-sociales\/wp-json\/wp\/v2\/comments?post=85"}],"version-history":[{"count":1,"href":"https:\/\/generales.uprrp.edu\/ciencias-sociales\/wp-json\/wp\/v2\/pages\/85\/revisions"}],"predecessor-version":[{"id":86,"href":"https:\/\/generales.uprrp.edu\/ciencias-sociales\/wp-json\/wp\/v2\/pages\/85\/revisions\/86"}],"wp:attachment":[{"href":"https:\/\/generales.uprrp.edu\/ciencias-sociales\/wp-json\/wp\/v2\/media?parent=85"}],"curies":[{"name":"wp","href":"https:\/\/api.w.org\/{rel}","templated":true}]}}