{"id":51,"date":"2017-12-18T13:05:56","date_gmt":"2017-12-18T13:05:56","guid":{"rendered":"http:\/\/generalesdv.uprrp.edu\/ciencias-sociales\/?page_id=51"},"modified":"2023-05-24T15:40:01","modified_gmt":"2023-05-24T15:40:01","slug":"proyectos","status":"publish","type":"page","link":"https:\/\/generales.uprrp.edu\/ciencias-sociales\/proyectos\/","title":{"rendered":"Proyectos DCISO"},"content":{"rendered":"<p><strong>GRUPO UNIVERSITARIO PARA EL ESTUDIOS DE LAS ADICCIONES (GUEA)<br \/>\n<\/strong>Coordinado por: Dr. Francisco Torres Rivera<\/p>\n<p>Contin\u00faa en proceso el estudio epidemiol\u00f3gico que estamos llevando a cabo, dirigido a conocer la incidencia y prevalencia del uso de las sustancias por parte de los estudiantes del sistema UPR (11 recintos).\u00a0 El Instituto de Investigaci\u00f3n Psicol\u00f3gica nos ha otorgado $5,000 en fondos para la realizaci\u00f3n de esta investigaci\u00f3n.\u00a0 Adem\u00e1s, los fondos incluyen el pago la renta de un local que sirve como matriz central del proyecto investigativo.<\/p>\n<p>Seguimos trabajando en una revisi\u00f3n del documento que se refiere a la propuesta de una concentraci\u00f3n menor en adicciones.\u00a0 Se espera que la misma sea remitida al Comit\u00e9 de Asuntos Acad\u00e9micos de la Facultad de Estudios Generales para su aprobaci\u00f3n durante el pr\u00f3ximo semestre acad\u00e9mico.\u00a0 Tanto la profesora Doris Qui\u00f1ones, como el Prof. Nelson Cruz del Departamento de Psicolog\u00eda de la Facultad de Ciencias Sociales, se han integrado al grupo de trabajo de esta propuesta.<\/p>\n<p><strong>GRUPO ESTUDIOS E INVESTIGACI\u00d3N TRANSDICIPLINARIA EN AFRODESCEDENCIA <\/strong><\/p>\n<p>Este es un grupo de estudios de la afrodescendencia en Puerto Rico transdisciplinario e inter-facultativo, en el que participan adem\u00e1s de la Facultad de Estudios Generales, Ciencias Sociales, Humanidades, Administraci\u00f3n de Empresas, y Educaci\u00f3n, entre otras. Este grupo est\u00e1 encaminado a fortalecer el estudio y la investigaci\u00f3n en torno a las poblaciones afrodescendientes en Puerto Rico, as\u00ed como sus remitentes caribe\u00f1os y africanos. El prop\u00f3sito es contribuir al conocimiento, reconocimiento y la identidad afro como fuente ideol\u00f3gica generadora de conciencia social, pol\u00edtica y econ\u00f3mica del pa\u00eds. Reconoce la importancia, trascendencia e imbricaci\u00f3n de la consciencia afrodescendiente en todo espacio acad\u00e9mico, cient\u00edfico y social.<\/p>\n<p>El proyecto tiene cuatro componentes:<\/p>\n<ul>\n<li>Concentraci\u00f3n menor en Estudios e investigaci\u00f3n transdiciplinaria en Afrodescendencia.<br \/>\nLa Concentraci\u00f3n menor fue aprobada por le Senado Acad\u00e9mico el 23 de febrero de 2023, por aclamaci\u00f3n. El pasado 30 de marzo de 2023. La coordinaci\u00f3n fue delegada oficialmente al Dr. Pablo L.<\/li>\n<li>Seminario de Estudios en Afrodescendencia<\/li>\n<li>Decenio de Afrodescendencia seg\u00fan declarado por Naciones Unidas, los ODS y Derechos Humanos.<\/li>\n<li>Congreso de Afrodescendencia en Puerto Rico 2015, 2018, 2021 y 2024.<br \/>\nEl 4to. Congreso de Afrodescendencia, ConAfro-2024: Reconocimiento, Justicia y Desarrollo se llevar\u00e1 a cabo del 9 al 12 de noviembre del 2024. El mismo se realiza como parte del cierre las acciones internacionales del Decenio de la Afrodescendencia 2014-2024 por la Organizaci\u00f3n de las Naciones Unidas. Resoluci\u00f3n aprobada por la Asamblea General el 23 de diciembre de 2013 [sin remisi\u00f3n previa a una Comisi\u00f3n Principal (A\/68\/L.34)]68\/237.<\/li>\n<\/ul>\n<p><strong style=\"font-size: 14px\">GRUPO DE ESTUDIOS SEMIOTICOS<br \/>\n<\/strong>Coordinado por Dr. Rub\u00e9n D\u00e1vila Santiago<\/p>\n<p>El Grupo de Estudios Semi\u00f3ticos es un taller intelectual formativo, de car\u00e1cter interdisciplinario, articulado por un trabajo te\u00f3rico metodol\u00f3gico orientado a la investigaci\u00f3n del entramado de fuerzas y de sentidos que entretejen nuestra acci\u00f3n simb\u00f3lica. En este espacio libertario convergen soci\u00f3logos, artistas, arquitectos, antrop\u00f3logos, literatos, comunicadores, en un proyecto semiol\u00f3gico com\u00fan.<\/p>\n<p>La diversidad de los objetos tratados \u2013articulados por la comprensi\u00f3n (verstehen) y la explicaci\u00f3n de la significaci\u00f3n de los fen\u00f3menos- nos sit\u00faa, en el terreno complejo de la Universidad del \u201cLogos\u201d (\u03bb\u03cc\u03b3\u03bf\u03c2). La inteligibilidad se opera como un flujo en el cual la palabra-conocer-verbo-discurso se asume en el terreno epist\u00e9mico de un \u201cno-saber\u201d que abre el terreno a la pregunta. El peregrinaje nos lleva a tierras de extranjer\u00eda, a residencias provisionales, a veredas insospechadas y entreabiertas por un mirar que reh\u00fasa la pura certidumbre. Nos convocamos en un\u00a0mundus\u00a0fundacional en forma de espacio\/tiempo reflexivo que nos vincula en el desplazamiento de la b\u00fasqueda continua: estad\u00eda pasajera, vocaci\u00f3n itinerante.<\/p>\n<p><strong>EDIFICIO 1052<br \/>\n<\/strong>Coordinado por: Dra. Doris Grisel Qui\u00f1ones Hern\u00e1ndez<\/p>\n<p>Rescatar edificio para Rescatar personas.\u00a0 Proyecto comunitario para rehabilitar un edificio en Rio Piedras como vivienda permanente y servicios para personas que viven la experiencia de estar sin hogar. El objetivo es desarrollar un proyecto demostrativo de inter-colaboraci\u00f3n entre organizaciones de base comunitaria, instituciones acad\u00e9micas, entidades gubernamentales y empresas privadas que incida en el desarrollo comunitario y el mejoramiento de la calidad de vida de los residentes del centro urbano de R\u00edo Piedras.<\/p>\n<ul>\n<li>Este proyecto es un convenio de colaboraci\u00f3n entre Estancia Coraz\u00f3n Inc. y el Centro de Acci\u00f3n Urbana Comunitaria y Empresarial CAUCE de la Universidad de Puerto Rico. Se incluyen en acuerdos de colaboraci\u00f3n: La Escuela de Ingenier\u00eda Civil de la Universidad Polit\u00e9cnica con evaluaciones estructurales al edificio; La Escuela de Arquitectura de la Universidad de Puerto Rico con la evaluaci\u00f3n y dise\u00f1o de la planta f\u00edsica. La Escuela de Psicolog\u00eda, DCISO-FEG, Escuela de Trabajo Social, Programa de Estudios Urbanos, todos de UPR-RP. De igual forma participan el Municipio de San Juan, el Continuo de Cuidado a personas sin Hogar PR-502, FUNDESCO, La Iglesia Bautista de Rio Piedras, La Iglesia Cat\u00f3lica del Pilar y la Iglesia Episcopal La Encarnaci\u00f3n, entre otros.<\/li>\n<li>El equipo de coordinaci\u00f3n tiene reuni\u00f3n bisemanal. un espacio de enlace y discusi\u00f3n de casos. En la FEG.<\/li>\n<li>Recibieron una otorgaci\u00f3n de fondos para rehabilitaci\u00f3n del edificio a trav\u00e9s de CDBG-DR-NOFA-2020-03: Desarrollo Comunitario y vivienda de inter\u00e9s social. Puerto Rico Department of Housing\u2019s Community Development Block Grant-Disaster Recovery (CDBG-DR). United States Housing Urban Development\u2019s (HUD).<\/li>\n<\/ul>\n<p>&nbsp;<\/p>\n","protected":false},"excerpt":{"rendered":"<p>GRUPO UNIVERSITARIO PARA EL ESTUDIOS DE LAS ADICCIONES (GUEA) Coordinado por: Dr. Francisco Torres Rivera Contin\u00faa en proceso el estudio epidemiol\u00f3gico que estamos llevando a cabo, dirigido a conocer la incidencia y prevalencia del uso de las sustancias por parte de los estudiantes del sistema UPR (11 recintos).\u00a0 El Instituto de Investigaci\u00f3n Psicol\u00f3gica nos ha<\/p>\n","protected":false},"author":11,"featured_media":0,"parent":0,"menu_order":0,"comment_status":"closed","ping_status":"closed","template":"","meta":{"footnotes":""},"class_list":["post-51","page","type-page","status-publish"],"_links":{"self":[{"href":"https:\/\/generales.uprrp.edu\/ciencias-sociales\/wp-json\/wp\/v2\/pages\/51","targetHints":{"allow":["GET"]}}],"collection":[{"href":"https:\/\/generales.uprrp.edu\/ciencias-sociales\/wp-json\/wp\/v2\/pages"}],"about":[{"href":"https:\/\/generales.uprrp.edu\/ciencias-sociales\/wp-json\/wp\/v2\/types\/page"}],"author":[{"embeddable":true,"href":"https:\/\/generales.uprrp.edu\/ciencias-sociales\/wp-json\/wp\/v2\/users\/11"}],"replies":[{"embeddable":true,"href":"https:\/\/generales.uprrp.edu\/ciencias-sociales\/wp-json\/wp\/v2\/comments?post=51"}],"version-history":[{"count":21,"href":"https:\/\/generales.uprrp.edu\/ciencias-sociales\/wp-json\/wp\/v2\/pages\/51\/revisions"}],"predecessor-version":[{"id":347,"href":"https:\/\/generales.uprrp.edu\/ciencias-sociales\/wp-json\/wp\/v2\/pages\/51\/revisions\/347"}],"wp:attachment":[{"href":"https:\/\/generales.uprrp.edu\/ciencias-sociales\/wp-json\/wp\/v2\/media?parent=51"}],"curies":[{"name":"wp","href":"https:\/\/api.w.org\/{rel}","templated":true}]}}