{"id":369,"date":"2023-06-02T19:15:28","date_gmt":"2023-06-02T19:15:28","guid":{"rendered":"https:\/\/generales.uprrp.edu\/ciencias-sociales\/?page_id=369"},"modified":"2023-06-02T19:15:28","modified_gmt":"2023-06-02T19:15:28","slug":"objetivos-dciso","status":"publish","type":"page","link":"https:\/\/generales.uprrp.edu\/ciencias-sociales\/objetivos-dciso\/","title":{"rendered":"Objetivos DCISO"},"content":{"rendered":"<p>Los objetivos del departamento se inscriben dentro de la misi\u00f3n y objetivos de la Facultad de Estudios Generales. Se refieren principalmente a la oferta curricular del componente de Ciencias Sociales dentro del curr\u00edculo de Estudios Generales. Los prop\u00f3sitos, objetivos y metas de la unidad se definieron de la siguiente manera en el Informe Anual de 1994-95 preparado por la entonces directora, Prof. Margarita Mergal: \u201cLos objetivos del Departamento de Ciencias Sociales\u201d, a cuyo cumplimiento van encaminados los cursos Introducci\u00f3n a las Ciencias Sociales 3121 y 3122. Estos son los siguientes:<\/p>\n<ol>\n<li>Desarrollar destrezas y conocimientos que le permitan a los(las) estudiantes superar las limitaciones que le imponen las especializaciones e integrar su conocimiento en una visi\u00f3n de conjunto, totalizante, del mundo y los(las) seres humanos.<\/li>\n<li>Familiarizar a los(las) estudiantes con las disciplinas de las Ciencias Sociales y sus relaciones con otras disciplinas human\u00edsticas y cient\u00edficas.<\/li>\n<li>Desarrollar en los(las) estudiantes una conciencia de los elementos b\u00e1sicos de la metodolog\u00eda empleada por los(las) cient\u00edficos(as) sociales para que puedan identificar y usar algunas de las t\u00e9cnicas y procedimientos de las Ciencias Sociales. Crearle a los(as) estudiantes una mayor conciencia de las premisas, problemas y limitaciones del m\u00e9todo cient\u00edfico seg\u00fan se aplica a la comprensi\u00f3n de la realidad social.<\/li>\n<li>Lograr en los(las) estudiantes una actitud cr\u00edtica en el an\u00e1lisis de la sociedad con el consecuente rechazo de concepciones aprior\u00edsticas y dogm\u00e1ticas. De manera que puedan entender la dimensi\u00f3n compleja de la realidad y ubicarse en esa realidad de forma responsable y consciente.<\/li>\n<li>Incitar a los(las) estudiantes a continuar la b\u00fasqueda del conocimiento por s\u00ed mismos(as) y reducir su dependencia intelectual. Desarrollar en ellos(as) la conciencia de que el proceso educativo debe ser uno que fomente mentes libres.<\/li>\n<li>Desarrollar en los(las) estudiantes las destrezas o capacidades necesarias para: identificar, plantear, analizar y relacionar problemas con correcci\u00f3n, entrelazar problemas y descubrir los conflictos y contradicciones inherentes a ellos, leer cr\u00edticamente, hacer inferencias, leer entrel\u00edneas y descubrir lo que est\u00e1 impl\u00edcito, discutir y plantear sus ideas organizada e inteligentemente, hacer uso de conceptos cient\u00edficos y de la metodolog\u00eda de la ciencia para observar y analizar su realidad.<\/li>\n<\/ol>\n","protected":false},"excerpt":{"rendered":"<p>Los objetivos del departamento se inscriben dentro de la misi\u00f3n y objetivos de la Facultad de Estudios Generales. Se refieren principalmente a la oferta curricular del componente de Ciencias Sociales dentro del curr\u00edculo de Estudios Generales. Los prop\u00f3sitos, objetivos y metas de la unidad se definieron de la siguiente manera en el Informe Anual de<\/p>\n","protected":false},"author":11,"featured_media":0,"parent":0,"menu_order":0,"comment_status":"closed","ping_status":"closed","template":"","meta":{"footnotes":""},"class_list":["post-369","page","type-page","status-publish"],"_links":{"self":[{"href":"https:\/\/generales.uprrp.edu\/ciencias-sociales\/wp-json\/wp\/v2\/pages\/369","targetHints":{"allow":["GET"]}}],"collection":[{"href":"https:\/\/generales.uprrp.edu\/ciencias-sociales\/wp-json\/wp\/v2\/pages"}],"about":[{"href":"https:\/\/generales.uprrp.edu\/ciencias-sociales\/wp-json\/wp\/v2\/types\/page"}],"author":[{"embeddable":true,"href":"https:\/\/generales.uprrp.edu\/ciencias-sociales\/wp-json\/wp\/v2\/users\/11"}],"replies":[{"embeddable":true,"href":"https:\/\/generales.uprrp.edu\/ciencias-sociales\/wp-json\/wp\/v2\/comments?post=369"}],"version-history":[{"count":1,"href":"https:\/\/generales.uprrp.edu\/ciencias-sociales\/wp-json\/wp\/v2\/pages\/369\/revisions"}],"predecessor-version":[{"id":370,"href":"https:\/\/generales.uprrp.edu\/ciencias-sociales\/wp-json\/wp\/v2\/pages\/369\/revisions\/370"}],"wp:attachment":[{"href":"https:\/\/generales.uprrp.edu\/ciencias-sociales\/wp-json\/wp\/v2\/media?parent=369"}],"curies":[{"name":"wp","href":"https:\/\/api.w.org\/{rel}","templated":true}]}}