{"id":28,"date":"2017-02-10T18:13:25","date_gmt":"2017-02-10T18:13:25","guid":{"rendered":"http:\/\/generalesdv.uprrp.edu\/ciencias-sociales\/?page_id=28"},"modified":"2025-02-21T19:29:06","modified_gmt":"2025-02-21T19:29:06","slug":"contactos","status":"publish","type":"page","link":"https:\/\/generales.uprrp.edu\/ciencias-sociales\/contactos\/","title":{"rendered":"Contactos"},"content":{"rendered":"<p>Dr. <span data-olk-copy-source=\"MessageBody\">Luis A. P\u00e9rez Mart\u00ednez<\/span><br \/>\nDirector Interino<br \/>\nExt. 88774<\/p>\n<div data-olk-copy-source=\"MessageBody\">Noreilys S\u00e1nchez Adorno<\/div>\n<div>Asistente Administrativo III<\/div>\n<p>noreilys.sanchez@upr.edu<br \/>\nExt. 88735<\/p>\n<p><b>Ubicaci\u00f3n: <\/b><br \/>\nEdificio Jaime\u00a0 Ben\u00edtez Rexach (JBR),<br \/>\nSegundo Piso, Ofic. 266<\/p>\n<p><b>Direcci\u00f3n Postal:<\/b><br \/>\nUniversidad de Puerto Rico<br \/>\nFacultad de Estudios Generales<br \/>\nDepartamento de Ciencias Sociales<br \/>\n12 Ave. Universidad STE. 1201<br \/>\nSan Juan, PR\u00a0 00925-2532<\/p>\n<p><b>Correo electr\u00f3nico <span data-olk-copy-source=\"MessageBody\">institucional<\/span>:<\/b>\u00a0<a href=\"mailto:dciso.rrp@upr.edu\">dciso.rrp@upr.edu<\/a><br \/>\n<span data-olk-copy-source=\"MessageBody\">Extensi\u00f3n: 88764<\/span><\/p>\n","protected":false},"excerpt":{"rendered":"<p>Dr. Luis A. P\u00e9rez Mart\u00ednez Director Interino Ext. 88774 Noreilys S\u00e1nchez Adorno Asistente Administrativo III noreilys.sanchez@upr.edu Ext. 88735 Ubicaci\u00f3n: Edificio Jaime\u00a0 Ben\u00edtez Rexach (JBR), Segundo Piso, Ofic. 266 Direcci\u00f3n Postal: Universidad de Puerto Rico Facultad de Estudios Generales Departamento de Ciencias Sociales 12 Ave. Universidad STE. 1201 San Juan, PR\u00a0 00925-2532 Correo electr\u00f3nico institucional:\u00a0dciso.rrp@upr.edu Extensi\u00f3n:<\/p>\n","protected":false},"author":2,"featured_media":0,"parent":0,"menu_order":0,"comment_status":"closed","ping_status":"closed","template":"page-blocks.php","meta":{"footnotes":""},"class_list":["post-28","page","type-page","status-publish"],"_links":{"self":[{"href":"https:\/\/generales.uprrp.edu\/ciencias-sociales\/wp-json\/wp\/v2\/pages\/28","targetHints":{"allow":["GET"]}}],"collection":[{"href":"https:\/\/generales.uprrp.edu\/ciencias-sociales\/wp-json\/wp\/v2\/pages"}],"about":[{"href":"https:\/\/generales.uprrp.edu\/ciencias-sociales\/wp-json\/wp\/v2\/types\/page"}],"author":[{"embeddable":true,"href":"https:\/\/generales.uprrp.edu\/ciencias-sociales\/wp-json\/wp\/v2\/users\/2"}],"replies":[{"embeddable":true,"href":"https:\/\/generales.uprrp.edu\/ciencias-sociales\/wp-json\/wp\/v2\/comments?post=28"}],"version-history":[{"count":15,"href":"https:\/\/generales.uprrp.edu\/ciencias-sociales\/wp-json\/wp\/v2\/pages\/28\/revisions"}],"predecessor-version":[{"id":390,"href":"https:\/\/generales.uprrp.edu\/ciencias-sociales\/wp-json\/wp\/v2\/pages\/28\/revisions\/390"}],"wp:attachment":[{"href":"https:\/\/generales.uprrp.edu\/ciencias-sociales\/wp-json\/wp\/v2\/media?parent=28"}],"curies":[{"name":"wp","href":"https:\/\/api.w.org\/{rel}","templated":true}]}}