{"id":233,"date":"2020-07-22T15:54:45","date_gmt":"2020-07-22T15:54:45","guid":{"rendered":"http:\/\/generales.uprrp.edu\/ciencias-sociales\/?page_id=233"},"modified":"2023-01-24T12:52:24","modified_gmt":"2023-01-24T12:52:24","slug":"jose-morales","status":"publish","type":"page","link":"https:\/\/generales.uprrp.edu\/ciencias-sociales\/jose-morales\/","title":{"rendered":"Jos\u00e9 Morales Gonz\u00e1lez"},"content":{"rendered":"<p>Jos\u00e9 Morales Gonz\u00e1lez<br \/>\nCatedr\u00e1tico del Departamento de Ciencias Sociales<br \/>\nFacultad de Estudios Generales<br \/>\nRecinto de R\u00edo Piedras de la Universidad de Puerto Rico<br \/>\njose.morales23[arroba]upr.edu<\/p>\n<p>Oficina: DMN-347<\/p>\n<p><a href=\"https:\/\/archive.org\/details\/@josemorales\">\u00daltimos trapos<\/a><\/p>\n<hr \/>\n<p>&nbsp;<\/p>\n","protected":false},"excerpt":{"rendered":"<p>Jos\u00e9 Morales Gonz\u00e1lez Catedr\u00e1tico del Departamento de Ciencias Sociales Facultad de Estudios Generales Recinto de R\u00edo Piedras de la Universidad de Puerto Rico jose.morales23[arroba]upr.edu Oficina: DMN-347 \u00daltimos trapos &nbsp;<\/p>\n","protected":false},"author":15,"featured_media":0,"parent":0,"menu_order":0,"comment_status":"closed","ping_status":"closed","template":"page-blocks.php","meta":{"footnotes":""},"class_list":["post-233","page","type-page","status-publish"],"_links":{"self":[{"href":"https:\/\/generales.uprrp.edu\/ciencias-sociales\/wp-json\/wp\/v2\/pages\/233","targetHints":{"allow":["GET"]}}],"collection":[{"href":"https:\/\/generales.uprrp.edu\/ciencias-sociales\/wp-json\/wp\/v2\/pages"}],"about":[{"href":"https:\/\/generales.uprrp.edu\/ciencias-sociales\/wp-json\/wp\/v2\/types\/page"}],"author":[{"embeddable":true,"href":"https:\/\/generales.uprrp.edu\/ciencias-sociales\/wp-json\/wp\/v2\/users\/15"}],"replies":[{"embeddable":true,"href":"https:\/\/generales.uprrp.edu\/ciencias-sociales\/wp-json\/wp\/v2\/comments?post=233"}],"version-history":[{"count":21,"href":"https:\/\/generales.uprrp.edu\/ciencias-sociales\/wp-json\/wp\/v2\/pages\/233\/revisions"}],"predecessor-version":[{"id":311,"href":"https:\/\/generales.uprrp.edu\/ciencias-sociales\/wp-json\/wp\/v2\/pages\/233\/revisions\/311"}],"wp:attachment":[{"href":"https:\/\/generales.uprrp.edu\/ciencias-sociales\/wp-json\/wp\/v2\/media?parent=233"}],"curies":[{"name":"wp","href":"https:\/\/api.w.org\/{rel}","templated":true}]}}