{"id":92,"date":"2017-02-10T18:45:51","date_gmt":"2017-02-10T18:45:51","guid":{"rendered":"http:\/\/generalesdv.uprrp.edu\/ciencias-fisicas\/?page_id=92"},"modified":"2020-10-25T20:30:28","modified_gmt":"2020-10-25T20:30:28","slug":"profesores","status":"publish","type":"page","link":"https:\/\/generales.uprrp.edu\/ciencias-fisicas\/profesores\/","title":{"rendered":"Profesores"},"content":{"rendered":"\n<table id=\"tablepress-3\" class=\"tablepress tablepress-id-3\">\n<thead>\n<tr class=\"row-1\">\n\t<td class=\"column-1\"><\/td><th class=\"column-2\">Nombre<\/th><th class=\"column-3\">Oficina<\/th><th class=\"column-4\">Extensi\u00f3n<\/th><th class=\"column-5\">Correo electr\u00f3nico<\/th>\n<\/tr>\n<\/thead>\n<tbody class=\"row-striping row-hover\">\n<tr class=\"row-2\">\n\t<td class=\"column-1\"><img decoding=\"async\" src=\"https:\/\/generales.uprrp.edu\/ciencias-fisicas\/wp-content\/uploads\/sites\/8\/2019\/10\/silhouette-female.png\" alt=\"\" width=\"90\" height=\"80\" class=\"alignnone size-full wp-image-476\" \/><\/td><td class=\"column-2\"><a href=\"https:\/\/generales.uprrp.edu\/ciencias-fisicas\/clarisa-cruz-lugo-ph-d\/\">Clarisa Cruz Lugo<\/a> <br \/>\nCatedr\u00e1tica<\/td><td class=\"column-3\">AJBR-349<\/td><td class=\"column-4\">88707, 85090<\/td><td class=\"column-5\">clarisa.cruz@upr.edu<\/td>\n<\/tr>\n<tr class=\"row-3\">\n\t<td class=\"column-1\"><img decoding=\"async\" src=\"https:\/\/generales.uprrp.edu\/ciencias-fisicas\/wp-content\/uploads\/sites\/8\/2016\/04\/Dr-Edgar-Resto-150x150.jpg\" alt=\"\" width=\"100\" height=\"100\" class=\"size-thumbnail wp-image-9\" srcset=\"https:\/\/generales.uprrp.edu\/ciencias-fisicas\/wp-content\/uploads\/sites\/8\/2016\/04\/Dr-Edgar-Resto-150x150.jpg 150w, https:\/\/generales.uprrp.edu\/ciencias-fisicas\/wp-content\/uploads\/sites\/8\/2016\/04\/Dr-Edgar-Resto-150x150@2x.jpg 300w\" sizes=\"(max-width: 100px) 100vw, 100px\" \/><\/td><td class=\"column-2\"><a href=\"https:\/\/generales.uprrp.edu\/ciencias-fisicas\/edgar-resto-rodriguez-ph-d\/\">Edgar Resto Rodr\u00edguez<\/a> <br \/>\nCatedr\u00e1tico<\/td><td class=\"column-3\">DMN-341<\/td><td class=\"column-4\">88721, 7806<\/td><td class=\"column-5\">edgar.resto@upr.edu<\/td>\n<\/tr>\n<tr class=\"row-4\">\n\t<td class=\"column-1\"><img decoding=\"async\" src=\"https:\/\/generales.uprrp.edu\/ciencias-fisicas\/wp-content\/uploads\/sites\/8\/2019\/10\/silhouette-female.png\" alt=\"\" width=\"90\" height=\"80\" class=\"alignnone size-full wp-image-476\" \/><\/td><td class=\"column-2\"><a href=\"https:\/\/generales.uprrp.edu\/ciencias-fisicas\/eileen-cruz-pastrana-m-sc\/\">Eileen Cruz Pastrana<\/a> <br \/>\nCatedr\u00e1tica Auxiliar<\/td><td class=\"column-3\">DMN-435<\/td><td class=\"column-4\">88729<\/td><td class=\"column-5\">eileen.cruz1@upr.edu<\/td>\n<\/tr>\n<tr class=\"row-5\">\n\t<td class=\"column-1\"><img decoding=\"async\" src=\"https:\/\/generales.uprrp.edu\/ciencias-fisicas\/wp-content\/uploads\/sites\/8\/2019\/09\/estebanFachinni-300x254.jpg\" alt=\"\" width=\"100\" height=\"100\" class=\"alignnone size-medium wp-image-449\" srcset=\"https:\/\/generales.uprrp.edu\/ciencias-fisicas\/wp-content\/uploads\/sites\/8\/2019\/09\/estebanFachinni-150x150.jpg 150w, https:\/\/generales.uprrp.edu\/ciencias-fisicas\/wp-content\/uploads\/sites\/8\/2019\/09\/estebanFachinni-150x150@2x.jpg 300w\" sizes=\"(max-width: 100px) 100vw, 100px\" \/><\/td><td class=\"column-2\"><a href=\"https:\/\/generales.uprrp.edu\/ciencias-fisicas\/estevao-rosim-fachini-ph-d\/\">Esteban Fachini<\/a> <br \/>\nCatedr\u00e1tico<\/td><td class=\"column-3\">DMN-403<br \/>\nDMN-222<\/td><td class=\"column-4\">88728, 88734<\/td><td class=\"column-5\">estevao.rosim@upr.edu<\/td>\n<\/tr>\n<tr class=\"row-6\">\n\t<td class=\"column-1\"><img decoding=\"async\" src=\"https:\/\/generales.uprrp.edu\/ciencias-fisicas\/wp-content\/uploads\/sites\/8\/2019\/10\/silhouette-female.png\" alt=\"\" width=\"90\" height=\"80\" class=\"alignnone size-full wp-image-476\" \/><\/td><td class=\"column-2\"><a href=\"https:\/\/generales.uprrp.edu\/ciencias-fisicas\/ethel-m-rios-orlandi-ph-d\/\">Ethel R\u00edos Orlandi<\/a><br \/>\nCatedr\u00e1tica<\/td><td class=\"column-3\">AJBR-356<\/td><td class=\"column-4\">88706<\/td><td class=\"column-5\">ethel.rios1@upr.edu<\/td>\n<\/tr>\n<tr class=\"row-7\">\n\t<td class=\"column-1\"><img loading=\"lazy\" decoding=\"async\" src=\"https:\/\/generales.uprrp.edu\/ciencias-fisicas\/wp-content\/uploads\/sites\/8\/2019\/10\/male-silhouette.jpeg\" alt=\"\" width=\"100\" height=\"100\" class=\"alignnone size-full wp-image-473\" srcset=\"https:\/\/generales.uprrp.edu\/ciencias-fisicas\/wp-content\/uploads\/sites\/8\/2019\/10\/male-silhouette.jpeg 225w, https:\/\/generales.uprrp.edu\/ciencias-fisicas\/wp-content\/uploads\/sites\/8\/2019\/10\/male-silhouette-150x150.jpeg 150w\" sizes=\"(max-width: 100px) 100vw, 100px\" \/><\/td><td class=\"column-2\"><a href=\"https:\/\/generales.uprrp.edu\/ciencias-fisicas\/juan-c-delgado-rodriguez-ph-d\/\">Juan Carlos Delgado Rios<\/a> <br \/>\nCatedr\u00e1tico Asociado<\/td><td class=\"column-3\">DMN-246<\/td><td class=\"column-4\">88877<\/td><td class=\"column-5\">juan.delgado5@upr.edu<\/td>\n<\/tr>\n<tr class=\"row-8\">\n\t<td class=\"column-1\"><img loading=\"lazy\" decoding=\"async\" src=\"https:\/\/generales.uprrp.edu\/ciencias-fisicas\/wp-content\/uploads\/sites\/8\/2019\/10\/LornaFoto-240x300.jpg\" alt=\"\" width=\"90\" height=\"100\" class=\"alignnone size-medium wp-image-505\" \/><\/td><td class=\"column-2\"><a href=\"https:\/\/generales.uprrp.edu\/ciencias-fisicas\/lorna-jaramillo-nieves-ph-d\/\">Lorna Jaramillo Nieves<\/a> Catedr\u00e1tica<\/td><td class=\"column-3\">AJBR-343<\/td><td class=\"column-4\">88708<\/td><td class=\"column-5\">lorna.jaramillo@upr.edu<\/td>\n<\/tr>\n<tr class=\"row-9\">\n\t<td class=\"column-1\"><img loading=\"lazy\" decoding=\"async\" src=\"https:\/\/generales.uprrp.edu\/ciencias-fisicas\/wp-content\/uploads\/sites\/8\/2019\/10\/male-silhouette.jpeg\" alt=\"\" width=\"100\" height=\"100\" class=\"alignnone size-full wp-image-473\" srcset=\"https:\/\/generales.uprrp.edu\/ciencias-fisicas\/wp-content\/uploads\/sites\/8\/2019\/10\/male-silhouette.jpeg 225w, https:\/\/generales.uprrp.edu\/ciencias-fisicas\/wp-content\/uploads\/sites\/8\/2019\/10\/male-silhouette-150x150.jpeg 150w\" sizes=\"(max-width: 100px) 100vw, 100px\" \/><\/td><td class=\"column-2\"><a href=\"https:\/\/generales.uprrp.edu\/ciencias-fisicas\/mario-lanza-amaro-m-sc\/\">Mario Lanza Amaro<\/a> <br \/>\nInstructor<\/td><td class=\"column-3\">DMN-436<\/td><td class=\"column-4\">88725<\/td><td class=\"column-5\">mario.lanza@upr.edu<\/td>\n<\/tr>\n<tr class=\"row-10\">\n\t<td class=\"column-1\"><img loading=\"lazy\" decoding=\"async\" src=\"https:\/\/generales.uprrp.edu\/ciencias-fisicas\/wp-content\/uploads\/sites\/8\/2019\/09\/mayraLebron-300x249.jpg\" alt=\"\" width=\"100\" height=\"90\" class=\"alignnone size-medium wp-image-446\" \/><\/td><td class=\"column-2\"><a href=\"https:\/\/generales.uprrp.edu\/ciencias-fisicas\/mayra-e-lebron-santos-ph-d\/\">Mayra Lebr\u00f3n Santos<\/a> <br \/>\nCatedr\u00e1tica<\/td><td class=\"column-3\">DMN-342<\/td><td class=\"column-4\">88713, 88704<\/td><td class=\"column-5\">mayra.lebron3@upr.edu<\/td>\n<\/tr>\n<tr class=\"row-11\">\n\t<td class=\"column-1\"><img loading=\"lazy\" decoding=\"async\" src=\"https:\/\/generales.uprrp.edu\/ciencias-fisicas\/wp-content\/uploads\/sites\/8\/2018\/05\/monchis.jpg\" alt=\"\" width=\"100\" height=\"100\" class=\"alignnone size-full wp-image-255\" srcset=\"https:\/\/generales.uprrp.edu\/ciencias-fisicas\/wp-content\/uploads\/sites\/8\/2018\/05\/monchis-150x150.jpg 150w, https:\/\/generales.uprrp.edu\/ciencias-fisicas\/wp-content\/uploads\/sites\/8\/2018\/05\/monchis-187x185.jpg 187w\" sizes=\"(max-width: 100px) 100vw, 100px\" \/><\/td><td class=\"column-2\"><a href=\"https:\/\/generales.uprrp.edu\/ciencias-fisicas\/ramon-lopez-aleman\/\">Ram\u00f3n L\u00f3pez Alem\u00e1n<\/a> <br \/>\nCatedr\u00e1tico<\/td><td class=\"column-3\">DMN-339<\/td><td class=\"column-4\">88720<\/td><td class=\"column-5\">ramon.lopez4@upr.edu<\/td>\n<\/tr>\n<tr class=\"row-12\">\n\t<td class=\"column-1\"><img loading=\"lazy\" decoding=\"async\" src=\"https:\/\/generales.uprrp.edu\/ciencias-fisicas\/wp-content\/uploads\/sites\/8\/2019\/10\/avatar-Ricky-Front-241x300.jpg\" alt=\"\" width=\"90\" height=\"100\" class=\"alignnone size-medium wp-image-487\" \/><\/td><td class=\"column-2\"><a href=\"https:\/\/generales.uprrp.edu\/ciencias-fisicas\/ricardo-morales-de-jesus-ph-d\/\">Ricardo Morales de Jes\u00fas<\/a> <br \/>\nCatedr\u00e1tico<\/td><td class=\"column-3\">AJBR-342<\/td><td class=\"column-4\">88718, 88704<\/td><td class=\"column-5\">ricardo.morales1@upr.edu<\/td>\n<\/tr>\n<tr class=\"row-13\">\n\t<td class=\"column-1\"><img loading=\"lazy\" decoding=\"async\" src=\"https:\/\/generales.uprrp.edu\/ciencias-fisicas\/wp-content\/uploads\/sites\/8\/2019\/10\/male-silhouette.jpeg\" alt=\"\" width=\"100\" height=\"100\" class=\"alignnone size-full wp-image-473\" srcset=\"https:\/\/generales.uprrp.edu\/ciencias-fisicas\/wp-content\/uploads\/sites\/8\/2019\/10\/male-silhouette.jpeg 225w, https:\/\/generales.uprrp.edu\/ciencias-fisicas\/wp-content\/uploads\/sites\/8\/2019\/10\/male-silhouette-150x150.jpeg 150w\" sizes=\"(max-width: 100px) 100vw, 100px\" \/><\/td><td class=\"column-2\"><a href=\"https:\/\/generales.uprrp.edu\/ciencias-fisicas\/yury-posada-marin-ph-d\/\">Yury Posada Mar\u00edn<\/a> <br \/>\nCatedr\u00e1tico Asociado<\/td><td class=\"column-3\">DMN-438<\/td><td class=\"column-4\">88727<\/td><td class=\"column-5\">yury.posada@upr.edu<\/td>\n<\/tr>\n<tr class=\"row-14\">\n\t<td class=\"column-1\"><img loading=\"lazy\" decoding=\"async\" src=\"https:\/\/generales.uprrp.edu\/ciencias-fisicas\/wp-content\/uploads\/sites\/8\/2019\/10\/male-silhouette.jpeg\" alt=\"\" width=\"100\" height=\"100\" class=\"alignnone size-full wp-image-473\" srcset=\"https:\/\/generales.uprrp.edu\/ciencias-fisicas\/wp-content\/uploads\/sites\/8\/2019\/10\/male-silhouette.jpeg 225w, https:\/\/generales.uprrp.edu\/ciencias-fisicas\/wp-content\/uploads\/sites\/8\/2019\/10\/male-silhouette-150x150.jpeg 150w\" sizes=\"(max-width: 100px) 100vw, 100px\" \/><\/td><td class=\"column-2\"><a href=\"https:\/\/generales.uprrp.edu\/ciencias-fisicas\/orestes-quesada-gonzalez-ph-d\/\">Orestes Quesada Gonz\u00e1lez<\/a> Catedr\u00e1tico<\/td><td class=\"column-3\">FB-300<\/td><td class=\"column-4\">88302<\/td><td class=\"column-5\">orestes.quesada@upr.edu<\/td>\n<\/tr>\n<tr class=\"row-15\">\n\t<td class=\"column-1\"><img loading=\"lazy\" decoding=\"async\" src=\"https:\/\/generales.uprrp.edu\/ciencias-fisicas\/wp-content\/uploads\/sites\/8\/2016\/04\/Manuel_Reyes_Foto-300x235.jpg\" alt=\"\" width=\"100\" height=\"90\" class=\"size-medium wp-image-27\" \/> <\/td><td class=\"column-2\"><a href=\"https:\/\/generales.uprrp.edu\/ciencias-fisicas\/manuel-de-j-reyes-guzman-ph-d\/\">Manuel Reyes Guzm\u00e1n<\/a> <br \/>\nCatedr\u00e1tico<\/td><td class=\"column-3\">DMN-350<br \/>\nKJ 1:00-3:00<br \/>\nLM por acuerdo<\/td><td class=\"column-4\">88724<\/td><td class=\"column-5\">manuel.reyes3@upr.edu<\/td>\n<\/tr>\n<tr class=\"row-16\">\n\t<td class=\"column-1\"><img loading=\"lazy\" decoding=\"async\" src=\"https:\/\/generales.uprrp.edu\/ciencias-fisicas\/wp-content\/uploads\/sites\/8\/2019\/10\/male-silhouette.jpeg\" alt=\"\" width=\"100\" height=\"100\" class=\"alignnone size-full wp-image-473\" srcset=\"https:\/\/generales.uprrp.edu\/ciencias-fisicas\/wp-content\/uploads\/sites\/8\/2019\/10\/male-silhouette.jpeg 225w, https:\/\/generales.uprrp.edu\/ciencias-fisicas\/wp-content\/uploads\/sites\/8\/2019\/10\/male-silhouette-150x150.jpeg 150w\" sizes=\"(max-width: 100px) 100vw, 100px\" \/><\/td><td class=\"column-2\"><a href=\"https:\/\/generales.uprrp.edu\/ciencias-fisicas\/alexey-savvinov-ph-d\/\">Savvinov, Alexey<\/a> <br \/>\nCatedr\u00e1tico<\/td><td class=\"column-3\">DMN-343<\/td><td class=\"column-4\">88728, 88723<\/td><td class=\"column-5\">alexey.savvinov@upr.edu<\/td>\n<\/tr>\n<tr class=\"row-17\">\n\t<td class=\"column-1\"><img loading=\"lazy\" decoding=\"async\" src=\"https:\/\/generales.uprrp.edu\/ciencias-fisicas\/wp-content\/uploads\/sites\/8\/2019\/10\/male-silhouette.jpeg\" alt=\"\" width=\"100\" height=\"100\" class=\"alignnone size-full wp-image-473\" srcset=\"https:\/\/generales.uprrp.edu\/ciencias-fisicas\/wp-content\/uploads\/sites\/8\/2019\/10\/male-silhouette.jpeg 225w, https:\/\/generales.uprrp.edu\/ciencias-fisicas\/wp-content\/uploads\/sites\/8\/2019\/10\/male-silhouette-150x150.jpeg 150w\" sizes=\"(max-width: 100px) 100vw, 100px\" \/><\/td><td class=\"column-2\"><a href=\"https:\/\/generales.uprrp.edu\/ciencias-fisicas\/carlos-l-vicente-prado-ph-d\/\">Carlos Vicente Prado<\/a> <br \/>\nCatedr\u00e1tico<\/td><td class=\"column-3\">AJBR-345<\/td><td class=\"column-4\">88715<\/td><td class=\"column-5\">carlos.vicente2@upr.edu<\/td>\n<\/tr>\n<tr class=\"row-18\">\n\t<td class=\"column-1\"><img loading=\"lazy\" decoding=\"async\" src=\"https:\/\/generales.uprrp.edu\/ciencias-fisicas\/wp-content\/uploads\/sites\/8\/2019\/10\/male-silhouette.jpeg\" alt=\"\" width=\"100\" height=\"100\" class=\"alignnone size-full wp-image-473\" srcset=\"https:\/\/generales.uprrp.edu\/ciencias-fisicas\/wp-content\/uploads\/sites\/8\/2019\/10\/male-silhouette.jpeg 225w, https:\/\/generales.uprrp.edu\/ciencias-fisicas\/wp-content\/uploads\/sites\/8\/2019\/10\/male-silhouette-150x150.jpeg 150w\" sizes=\"(max-width: 100px) 100vw, 100px\" \/><\/td><td class=\"column-2\"><a href=\"https:\/\/generales.uprrp.edu\/ciencias-fisicas\/jorge-l-morales-ortiz-ph-d\/\">Jorge Morales Ortiz<\/a> <br \/>\nCatedr\u00e1tico Auxiliar<\/td><td class=\"column-3\">DMN-437<\/td><td class=\"column-4\">88726, 88705<\/td><td class=\"column-5\">jorge.moralesortiz @upr.edu<\/td>\n<\/tr>\n<tr class=\"row-19\">\n\t<td class=\"column-1\"><img decoding=\"async\" src=\"https:\/\/generales.uprrp.edu\/ciencias-fisicas\/wp-content\/uploads\/sites\/8\/2019\/10\/silhouette-female.png\" alt=\"\" width=\"90\" height=\"80\" class=\"alignnone size-full wp-image-476\" \/><\/td><td class=\"column-2\"><a href=\"https:\/\/generales.uprrp.edu\/ciencias-fisicas\/sandra-l-dussan-devia-ph-d\/\">Sandra Dussan Devia<\/a> <br \/>\nCatedr\u00e1tica Auxiliar<\/td><td class=\"column-3\">DMN-435<\/td><td class=\"column-4\">88668<\/td><td class=\"column-5\">sandra.dussan@upr.edu<\/td>\n<\/tr>\n<\/tbody>\n<\/table>\n<!-- #tablepress-3 from cache -->\n","protected":false},"excerpt":{"rendered":"","protected":false},"author":2,"featured_media":0,"parent":0,"menu_order":0,"comment_status":"closed","ping_status":"closed","template":"","meta":{"footnotes":""},"class_list":["post-92","page","type-page","status-publish","hentry"],"_links":{"self":[{"href":"https:\/\/generales.uprrp.edu\/ciencias-fisicas\/wp-json\/wp\/v2\/pages\/92","targetHints":{"allow":["GET"]}}],"collection":[{"href":"https:\/\/generales.uprrp.edu\/ciencias-fisicas\/wp-json\/wp\/v2\/pages"}],"about":[{"href":"https:\/\/generales.uprrp.edu\/ciencias-fisicas\/wp-json\/wp\/v2\/types\/page"}],"author":[{"embeddable":true,"href":"https:\/\/generales.uprrp.edu\/ciencias-fisicas\/wp-json\/wp\/v2\/users\/2"}],"replies":[{"embeddable":true,"href":"https:\/\/generales.uprrp.edu\/ciencias-fisicas\/wp-json\/wp\/v2\/comments?post=92"}],"version-history":[{"count":14,"href":"https:\/\/generales.uprrp.edu\/ciencias-fisicas\/wp-json\/wp\/v2\/pages\/92\/revisions"}],"predecessor-version":[{"id":471,"href":"https:\/\/generales.uprrp.edu\/ciencias-fisicas\/wp-json\/wp\/v2\/pages\/92\/revisions\/471"}],"wp:attachment":[{"href":"https:\/\/generales.uprrp.edu\/ciencias-fisicas\/wp-json\/wp\/v2\/media?parent=92"}],"curies":[{"name":"wp","href":"https:\/\/api.w.org\/{rel}","templated":true}]}}