{"id":831,"date":"2022-07-08T19:59:29","date_gmt":"2022-07-08T19:59:29","guid":{"rendered":"https:\/\/generales.uprrp.edu\/ciencias-fisicas\/?page_id=831"},"modified":"2022-07-08T19:59:29","modified_gmt":"2022-07-08T19:59:29","slug":"conversatorios-sobre-la-actividad-sismica-en-puerto-rico-y-la-proteccion-del-patrimonio-cultural","status":"publish","type":"page","link":"https:\/\/generales.uprrp.edu\/ciencias-fisicas\/conversatorios-sobre-la-actividad-sismica-en-puerto-rico-y-la-proteccion-del-patrimonio-cultural\/","title":{"rendered":"Conversatorios sobre la actividad s\u00edsmica en Puerto Rico y la protecci\u00f3n del patrimonio cultural"},"content":{"rendered":"<p class=\"CDt4Ke zfr3Q\" dir=\"ltr\">El proyecto se desarrolla como una iniciativa de la Universidad de Puerto Rico, Recinto de R\u00edo Piedras y consiste en cuatro conversatorios para el p\u00fablico general,\u00a0enfocados en la importancia e implicaciones de la historia del terremoto de 11 de octubre de 1918 y los eventos de la secuencia s\u00edsmica de 7 de enero de 2020 en Puerto Rico para la protecci\u00f3n del patrimonio cultural. La propuesta sugiere la creaci\u00f3n de una serie de conversatorios a transmitirse v\u00eda radial para la difusi\u00f3n al p\u00fablico general, dando un enfoque particular en los municipios del centro y sur de Puerto Rico. Los temas a discutirse en la serie de conversatorios incluyen: (1) La importancia de la historia para el estudio de los desastres, (2) La memoria de eventos que causaron desastres en Puerto Rico, (3) Los m\u00e9todos para la protecci\u00f3n del material inmobiliario ante eventos s\u00edsmicos y (4) Patrimonio cultural y la secuencia s\u00edsmica en Puerto Rico de 2020.<\/p>\n<p class=\"CDt4Ke zfr3Q\" dir=\"ltr\"><a href=\"http:\/\/umbral.uprrp.edu\/2022\/07\/07\/la-secuencia-sismica-en-puerto-rico-y-la-proteccion-del-patrimonio-cultural\/\" target=\"_blank\" rel=\"noopener\">Escuchar conversatorios\u00a0<\/a><\/p>\n","protected":false},"excerpt":{"rendered":"<p>El proyecto se desarrolla como una iniciativa de la Universidad de Puerto Rico, Recinto de R\u00edo Piedras y consiste en cuatro conversatorios para el p\u00fablico general,\u00a0enfocados en la importancia e &hellip; <\/p>\n","protected":false},"author":11,"featured_media":0,"parent":0,"menu_order":0,"comment_status":"closed","ping_status":"closed","template":"","meta":{"footnotes":""},"class_list":["post-831","page","type-page","status-publish","hentry"],"_links":{"self":[{"href":"https:\/\/generales.uprrp.edu\/ciencias-fisicas\/wp-json\/wp\/v2\/pages\/831","targetHints":{"allow":["GET"]}}],"collection":[{"href":"https:\/\/generales.uprrp.edu\/ciencias-fisicas\/wp-json\/wp\/v2\/pages"}],"about":[{"href":"https:\/\/generales.uprrp.edu\/ciencias-fisicas\/wp-json\/wp\/v2\/types\/page"}],"author":[{"embeddable":true,"href":"https:\/\/generales.uprrp.edu\/ciencias-fisicas\/wp-json\/wp\/v2\/users\/11"}],"replies":[{"embeddable":true,"href":"https:\/\/generales.uprrp.edu\/ciencias-fisicas\/wp-json\/wp\/v2\/comments?post=831"}],"version-history":[{"count":1,"href":"https:\/\/generales.uprrp.edu\/ciencias-fisicas\/wp-json\/wp\/v2\/pages\/831\/revisions"}],"predecessor-version":[{"id":832,"href":"https:\/\/generales.uprrp.edu\/ciencias-fisicas\/wp-json\/wp\/v2\/pages\/831\/revisions\/832"}],"wp:attachment":[{"href":"https:\/\/generales.uprrp.edu\/ciencias-fisicas\/wp-json\/wp\/v2\/media?parent=831"}],"curies":[{"name":"wp","href":"https:\/\/api.w.org\/{rel}","templated":true}]}}