{"id":78,"date":"2017-02-08T17:34:15","date_gmt":"2017-02-08T17:34:15","guid":{"rendered":"http:\/\/generalesdv.uprrp.edu\/ciencias-fisicas\/?page_id=78"},"modified":"2025-07-03T15:49:37","modified_gmt":"2025-07-03T15:49:37","slug":"departamento-ciencias-fisicas","status":"publish","type":"page","link":"https:\/\/generales.uprrp.edu\/ciencias-fisicas\/","title":{"rendered":"Departamento Ciencias F\u00edsicas"},"content":{"rendered":"\t\t<div data-elementor-type=\"wp-page\" data-elementor-id=\"78\" class=\"elementor elementor-78\">\n\t\t\t\t\t\t<section class=\"elementor-section elementor-top-section elementor-element elementor-element-35fb0f8 elementor-section-full_width elementor-section-stretched elementor-section-height-default elementor-section-height-default\" data-id=\"35fb0f8\" data-element_type=\"section\" data-e-type=\"section\" data-settings=\"{&quot;stretch_section&quot;:&quot;section-stretched&quot;}\">\n\t\t\t\t\t\t<div class=\"elementor-container elementor-column-gap-default\">\n\t\t\t\t\t<div class=\"elementor-column elementor-col-100 elementor-top-column elementor-element elementor-element-297a260\" data-id=\"297a260\" data-element_type=\"column\" data-e-type=\"column\">\n\t\t\t<div class=\"elementor-widget-wrap elementor-element-populated\">\n\t\t\t\t\t\t<div class=\"elementor-element elementor-element-e887eb2 elementor-widget elementor-widget-image\" data-id=\"e887eb2\" data-element_type=\"widget\" data-e-type=\"widget\" data-widget_type=\"image.default\">\n\t\t\t\t<div class=\"elementor-widget-container\">\n\t\t\t\t\t\t\t\t\t\t\t\t\t\t\t<img fetchpriority=\"high\" decoding=\"async\" width=\"640\" height=\"134\" src=\"https:\/\/generales.uprrp.edu\/ciencias-fisicas\/wp-content\/uploads\/sites\/8\/2025\/07\/microscope-1024x215-1.png\" class=\"attachment-large size-large wp-image-1041\" alt=\"\" srcset=\"https:\/\/generales.uprrp.edu\/ciencias-fisicas\/wp-content\/uploads\/sites\/8\/2025\/07\/microscope-1024x215-1.png 1024w, https:\/\/generales.uprrp.edu\/ciencias-fisicas\/wp-content\/uploads\/sites\/8\/2025\/07\/microscope-1024x215-1-300x63.png 300w, https:\/\/generales.uprrp.edu\/ciencias-fisicas\/wp-content\/uploads\/sites\/8\/2025\/07\/microscope-1024x215-1-300x63@2x.png 600w\" sizes=\"(max-width: 640px) 100vw, 640px\" \/>\t\t\t\t\t\t\t\t\t\t\t\t\t\t\t<\/div>\n\t\t\t\t<\/div>\n\t\t\t\t\t<\/div>\n\t\t<\/div>\n\t\t\t\t\t<\/div>\n\t\t<\/section>\n\t\t\t\t<section class=\"elementor-section elementor-top-section elementor-element elementor-element-763fc605 elementor-section-stretched elementor-section-boxed elementor-section-height-default elementor-section-height-default\" data-id=\"763fc605\" data-element_type=\"section\" data-e-type=\"section\" data-settings=\"{&quot;stretch_section&quot;:&quot;section-stretched&quot;,&quot;background_background&quot;:&quot;classic&quot;}\">\n\t\t\t\t\t\t<div class=\"elementor-container elementor-column-gap-default\">\n\t\t\t\t\t<div class=\"elementor-column elementor-col-20 elementor-top-column elementor-element elementor-element-4ffeb0e2\" data-id=\"4ffeb0e2\" data-element_type=\"column\" data-e-type=\"column\">\n\t\t\t<div class=\"elementor-widget-wrap elementor-element-populated\">\n\t\t\t\t\t\t<div class=\"elementor-element elementor-element-36c016db elementor-view-default elementor-position-block-start elementor-mobile-position-block-start elementor-widget elementor-widget-icon-box\" data-id=\"36c016db\" data-element_type=\"widget\" data-e-type=\"widget\" data-widget_type=\"icon-box.default\">\n\t\t\t\t<div class=\"elementor-widget-container\">\n\t\t\t\t\t\t\t<div class=\"elementor-icon-box-wrapper\">\n\n\t\t\t\t\t\t<div class=\"elementor-icon-box-icon\">\n\t\t\t\t<a href=\"https:\/\/miupi.uprrp.edu\/\" target=\"_blank\" class=\"elementor-icon\" tabindex=\"-1\" aria-label=\"Portal MiUPI\">\n\t\t\t\t<i aria-hidden=\"true\" class=\"fas fa-user-graduate\"><\/i>\t\t\t\t<\/a>\n\t\t\t<\/div>\n\t\t\t\n\t\t\t\t\t\t<div class=\"elementor-icon-box-content\">\n\n\t\t\t\t\t\t\t\t\t<h3 class=\"elementor-icon-box-title\">\n\t\t\t\t\t\t<a href=\"https:\/\/miupi.uprrp.edu\/\" target=\"_blank\" >\n\t\t\t\t\t\t\tPortal MiUPI\t\t\t\t\t\t<\/a>\n\t\t\t\t\t<\/h3>\n\t\t\t\t\n\t\t\t\t\n\t\t\t<\/div>\n\t\t\t\n\t\t<\/div>\n\t\t\t\t\t\t<\/div>\n\t\t\t\t<\/div>\n\t\t\t\t\t<\/div>\n\t\t<\/div>\n\t\t\t\t<div class=\"elementor-column elementor-col-20 elementor-top-column elementor-element elementor-element-6bfbc95e\" data-id=\"6bfbc95e\" data-element_type=\"column\" data-e-type=\"column\">\n\t\t\t<div class=\"elementor-widget-wrap elementor-element-populated\">\n\t\t\t\t\t\t<div class=\"elementor-element elementor-element-47ce73a elementor-view-default elementor-position-block-start elementor-mobile-position-block-start elementor-widget elementor-widget-icon-box\" data-id=\"47ce73a\" data-element_type=\"widget\" data-e-type=\"widget\" data-widget_type=\"icon-box.default\">\n\t\t\t\t<div class=\"elementor-widget-container\">\n\t\t\t\t\t\t\t<div class=\"elementor-icon-box-wrapper\">\n\n\t\t\t\t\t\t<div class=\"elementor-icon-box-icon\">\n\t\t\t\t<a href=\"https:\/\/portal.upr.edu\/uprrp\/portal.php?a=rea_login\" target=\"_blank\" class=\"elementor-icon\" tabindex=\"-1\" aria-label=\"Portal NEXT\">\n\t\t\t\t<i aria-hidden=\"true\" class=\"far fa-edit\"><\/i>\t\t\t\t<\/a>\n\t\t\t<\/div>\n\t\t\t\n\t\t\t\t\t\t<div class=\"elementor-icon-box-content\">\n\n\t\t\t\t\t\t\t\t\t<h3 class=\"elementor-icon-box-title\">\n\t\t\t\t\t\t<a href=\"https:\/\/portal.upr.edu\/uprrp\/portal.php?a=rea_login\" target=\"_blank\" >\n\t\t\t\t\t\t\tPortal NEXT\t\t\t\t\t\t<\/a>\n\t\t\t\t\t<\/h3>\n\t\t\t\t\n\t\t\t\t\n\t\t\t<\/div>\n\t\t\t\n\t\t<\/div>\n\t\t\t\t\t\t<\/div>\n\t\t\t\t<\/div>\n\t\t\t\t\t<\/div>\n\t\t<\/div>\n\t\t\t\t<div class=\"elementor-column elementor-col-20 elementor-top-column elementor-element elementor-element-5f76210d\" data-id=\"5f76210d\" data-element_type=\"column\" data-e-type=\"column\">\n\t\t\t<div class=\"elementor-widget-wrap elementor-element-populated\">\n\t\t\t\t\t\t<div class=\"elementor-element elementor-element-28545895 elementor-view-default elementor-position-block-start elementor-mobile-position-block-start elementor-widget elementor-widget-icon-box\" data-id=\"28545895\" data-element_type=\"widget\" data-e-type=\"widget\" data-widget_type=\"icon-box.default\">\n\t\t\t\t<div class=\"elementor-widget-container\">\n\t\t\t\t\t\t\t<div class=\"elementor-icon-box-wrapper\">\n\n\t\t\t\t\t\t<div class=\"elementor-icon-box-icon\">\n\t\t\t\t<a href=\"https:\/\/services.portal.upr.edu\/\" target=\"_blank\" class=\"elementor-icon\" tabindex=\"-1\" aria-label=\"Portal Services\">\n\t\t\t\t<i aria-hidden=\"true\" class=\"far fa-file-alt\"><\/i>\t\t\t\t<\/a>\n\t\t\t<\/div>\n\t\t\t\n\t\t\t\t\t\t<div class=\"elementor-icon-box-content\">\n\n\t\t\t\t\t\t\t\t\t<h3 class=\"elementor-icon-box-title\">\n\t\t\t\t\t\t<a href=\"https:\/\/services.portal.upr.edu\/\" target=\"_blank\" >\n\t\t\t\t\t\t\tPortal Services\t\t\t\t\t\t<\/a>\n\t\t\t\t\t<\/h3>\n\t\t\t\t\n\t\t\t\t\n\t\t\t<\/div>\n\t\t\t\n\t\t<\/div>\n\t\t\t\t\t\t<\/div>\n\t\t\t\t<\/div>\n\t\t\t\t\t<\/div>\n\t\t<\/div>\n\t\t\t\t<div class=\"elementor-column elementor-col-20 elementor-top-column elementor-element elementor-element-f777555\" data-id=\"f777555\" data-element_type=\"column\" data-e-type=\"column\">\n\t\t\t<div class=\"elementor-widget-wrap elementor-element-populated\">\n\t\t\t\t\t\t<div class=\"elementor-element elementor-element-3b113202 elementor-view-default elementor-position-block-start elementor-mobile-position-block-start elementor-widget elementor-widget-icon-box\" data-id=\"3b113202\" data-element_type=\"widget\" data-e-type=\"widget\" data-widget_type=\"icon-box.default\">\n\t\t\t\t<div class=\"elementor-widget-container\">\n\t\t\t\t\t\t\t<div class=\"elementor-icon-box-wrapper\">\n\n\t\t\t\t\t\t<div class=\"elementor-icon-box-icon\">\n\t\t\t\t<a href=\"https:\/\/outlook.office.com\/mail\/\" target=\"_blank\" class=\"elementor-icon\" tabindex=\"-1\" aria-label=\"Email Outlook\">\n\t\t\t\t<i aria-hidden=\"true\" class=\"fas fa-envelope-open-text\"><\/i>\t\t\t\t<\/a>\n\t\t\t<\/div>\n\t\t\t\n\t\t\t\t\t\t<div class=\"elementor-icon-box-content\">\n\n\t\t\t\t\t\t\t\t\t<h3 class=\"elementor-icon-box-title\">\n\t\t\t\t\t\t<a href=\"https:\/\/outlook.office.com\/mail\/\" target=\"_blank\" >\n\t\t\t\t\t\t\tEmail Outlook\t\t\t\t\t\t<\/a>\n\t\t\t\t\t<\/h3>\n\t\t\t\t\n\t\t\t\t\n\t\t\t<\/div>\n\t\t\t\n\t\t<\/div>\n\t\t\t\t\t\t<\/div>\n\t\t\t\t<\/div>\n\t\t\t\t\t<\/div>\n\t\t<\/div>\n\t\t\t\t<div class=\"elementor-column elementor-col-20 elementor-top-column elementor-element elementor-element-727ccdd1\" data-id=\"727ccdd1\" data-element_type=\"column\" data-e-type=\"column\">\n\t\t\t<div class=\"elementor-widget-wrap elementor-element-populated\">\n\t\t\t\t\t\t<div class=\"elementor-element elementor-element-266a343f elementor-view-default elementor-position-block-start elementor-mobile-position-block-start elementor-widget elementor-widget-icon-box\" data-id=\"266a343f\" data-element_type=\"widget\" data-e-type=\"widget\" data-widget_type=\"icon-box.default\">\n\t\t\t\t<div class=\"elementor-widget-container\">\n\t\t\t\t\t\t\t<div class=\"elementor-icon-box-wrapper\">\n\n\t\t\t\t\t\t<div class=\"elementor-icon-box-icon\">\n\t\t\t\t<span  class=\"elementor-icon\">\n\t\t\t\t<i aria-hidden=\"true\" class=\"fas fa-chalkboard-teacher\"><\/i>\t\t\t\t<\/span>\n\t\t\t<\/div>\n\t\t\t\n\t\t\t\t\t\t<div class=\"elementor-icon-box-content\">\n\n\t\t\t\t\t\t\t\t\t<h3 class=\"elementor-icon-box-title\">\n\t\t\t\t\t\t<span  >\n\t\t\t\t\t\t\tMoodle\t\t\t\t\t\t<\/span>\n\t\t\t\t\t<\/h3>\n\t\t\t\t\n\t\t\t\t\n\t\t\t<\/div>\n\t\t\t\n\t\t<\/div>\n\t\t\t\t\t\t<\/div>\n\t\t\t\t<\/div>\n\t\t\t\t\t<\/div>\n\t\t<\/div>\n\t\t\t\t\t<\/div>\n\t\t<\/section>\n\t\t\t\t<section class=\"elementor-section elementor-top-section elementor-element elementor-element-a10e8c5 elementor-section-boxed elementor-section-height-default elementor-section-height-default\" data-id=\"a10e8c5\" data-element_type=\"section\" data-e-type=\"section\">\n\t\t\t\t\t\t<div class=\"elementor-container elementor-column-gap-default\">\n\t\t\t\t\t<div class=\"elementor-column elementor-col-100 elementor-top-column elementor-element elementor-element-042c76c\" data-id=\"042c76c\" data-element_type=\"column\" data-e-type=\"column\">\n\t\t\t<div class=\"elementor-widget-wrap elementor-element-populated\">\n\t\t\t\t\t\t<div class=\"elementor-element elementor-element-574eee7 elementor-widget elementor-widget-spacer\" data-id=\"574eee7\" data-element_type=\"widget\" data-e-type=\"widget\" data-widget_type=\"spacer.default\">\n\t\t\t\t<div class=\"elementor-widget-container\">\n\t\t\t\t\t\t\t<div class=\"elementor-spacer\">\n\t\t\t<div class=\"elementor-spacer-inner\"><\/div>\n\t\t<\/div>\n\t\t\t\t\t\t<\/div>\n\t\t\t\t<\/div>\n\t\t\t\t\t<\/div>\n\t\t<\/div>\n\t\t\t\t\t<\/div>\n\t\t<\/section>\n\t\t\t\t<section class=\"elementor-section elementor-top-section elementor-element elementor-element-d2fbe1b elementor-section-boxed elementor-section-height-default elementor-section-height-default\" data-id=\"d2fbe1b\" data-element_type=\"section\" data-e-type=\"section\">\n\t\t\t\t\t\t<div class=\"elementor-container elementor-column-gap-default\">\n\t\t\t\t\t<div class=\"elementor-column elementor-col-100 elementor-top-column elementor-element elementor-element-faeb524\" data-id=\"faeb524\" data-element_type=\"column\" data-e-type=\"column\">\n\t\t\t<div class=\"elementor-widget-wrap elementor-element-populated\">\n\t\t\t\t\t\t<div class=\"elementor-element elementor-element-d17d200 elementor-widget elementor-widget-heading\" data-id=\"d17d200\" data-element_type=\"widget\" data-e-type=\"widget\" data-widget_type=\"heading.default\">\n\t\t\t\t<div class=\"elementor-widget-container\">\n\t\t\t\t\t<h2 class=\"elementor-heading-title elementor-size-default\">Departamento de Ciencias F\u00edsicas<\/h2>\t\t\t\t<\/div>\n\t\t\t\t<\/div>\n\t\t\t\t<div class=\"elementor-element elementor-element-6d21e48d elementor-widget elementor-widget-text-editor\" data-id=\"6d21e48d\" data-element_type=\"widget\" data-e-type=\"widget\" data-widget_type=\"text-editor.default\">\n\t\t\t\t<div class=\"elementor-widget-container\">\n\t\t\t\t\t\t\t\t\t<h2><b style=\"font-size: x-large;\">\u00a1Bienvenidos!<\/b><\/h2><h4 align=\"justify\"><b>Visi\u00f3n<\/b><\/h4><p><em>\u201cHacer ciencia con conciencia\u201d<\/em><\/p><p align=\"justify\">Una comunidad cient\u00edfica, creativa e investigativa reconocida internacionalmente; que hace ciencia con conciencia social, con el firme prop\u00f3sito\u00a0 de forjar ciudadanos integrales: cr\u00edticos, cient\u00edfica y tecnol\u00f3gicamente cultos, y social y \u00e9ticamente comprometidos.<\/p><h4 align=\"justify\"><b>Misi\u00f3n<\/b><\/h4><p align=\"justify\">La comunidad acad\u00e9mica de estudiantes, profesores y otro personal del Departamento de Ciencias F\u00edsicas de la Facultad de Estudios Generales, constituida como divisi\u00f3n acad\u00e9mica y administrativa, tiene como misi\u00f3n:<\/p><p align=\"justify\">Abordar sus propios objetos de estudio (analizados mediante conceptos, metodolog\u00edas y posiciones epistemol\u00f3gicas) en actitud dial\u00f3gica, creativa, investigativa, integradora, cr\u00edtica, colaboradora y socialmente comprometida.<\/p><p align=\"justify\">Ofrecer un curr\u00edculo variado, que incluya tanto cursos requisitos de graduaci\u00f3n como electivos, as\u00ed como otras experiencias educativas, que contribuyan a la formaci\u00f3n integral del estudiante, en relaci\u00f3n con objetos de estudio pertenecientes al campo de las Ciencias F\u00edsicas (F\u00edsica, Qu\u00edmica, Astronom\u00eda, Ciencias Terrestres y del Espacio, Ciencias Atmosf\u00e9ricas y Ciencias Oceanogr\u00e1ficas) y al de las tecnolog\u00edas f\u00edsicas, incluyendo el estudio del dise\u00f1o y la funci\u00f3n de las computadoras y su uso instrumental.<\/p><p align=\"justify\">Realizar y promover investigaci\u00f3n centrada en tres l\u00edneas principales: investigaci\u00f3n en disciplinas de las Ciencias F\u00edsicas, con \u00e9nfasis en las que se consideran prioritarias para el desarrollo cient\u00edfico y tecnol\u00f3gico de Puerto Rico; investigaci\u00f3n educativa en Ciencias F\u00edsicas y tecnolog\u00edas f\u00edsicas, incluyendo la de desarrollo curricular y de tecnolog\u00eda educativa, as\u00ed como la incorporaci\u00f3n de sus productos t\u00e9cnicos a los procesos educativos; e investigaci\u00f3n multi, inter y transdisciplinaria en \u00e1reas como: historia, filosof\u00eda y sociolog\u00eda del conocimiento cient\u00edfico y ciencias ambientales.<\/p><p align=\"justify\">Promover la divulgaci\u00f3n del conocimiento cient\u00edfico mediante actividades espec\u00edficas cuyo prop\u00f3sito es elevar el nivel cient\u00edfico tecnol\u00f3gico de la poblaci\u00f3n en general, as\u00ed como cerrar la brecha entre el quehacer de la comunidad cient\u00edfica y el p\u00fablico.<\/p><h4 align=\"justify\"><b>Metas<\/b><\/h4><ol><li>Contribuir a la formaci\u00f3n integral del estudiante.<\/li><li>Propiciar en los estudiantes la investigaci\u00f3n y la creaci\u00f3n como parte integral del quehacer acad\u00e9mico.<\/li><li>Dotar al Departamento de un personal docente productivo y competitivo.<\/li><li>Fomentar el desarrollo curricular y la evaluaci\u00f3n de actividades acad\u00e9micas.<\/li><li>Fomentar el intercambio y la colaboraci\u00f3n con instituciones acad\u00e9micas y profesionales con miras al desarrollo de una proyecci\u00f3n nacional e internacional.<\/li><li>Integrar la tecnolog\u00eda a la investigaci\u00f3n y creaci\u00f3n, a los procesos administrativos y a la docencia.<\/li><li>Fortalecer v\u00ednculos con la comunidad.<\/li><\/ol>\t\t\t\t\t\t\t\t<\/div>\n\t\t\t\t<\/div>\n\t\t\t\t\t<\/div>\n\t\t<\/div>\n\t\t\t\t\t<\/div>\n\t\t<\/section>\n\t\t\t\t<section class=\"elementor-section elementor-top-section elementor-element elementor-element-24de7124 elementor-section-boxed elementor-section-height-default elementor-section-height-default\" data-id=\"24de7124\" data-element_type=\"section\" data-e-type=\"section\">\n\t\t\t\t\t\t<div class=\"elementor-container elementor-column-gap-default\">\n\t\t\t\t\t<div class=\"elementor-column elementor-col-100 elementor-top-column elementor-element elementor-element-5edf2aed\" data-id=\"5edf2aed\" data-element_type=\"column\" data-e-type=\"column\">\n\t\t\t<div class=\"elementor-widget-wrap elementor-element-populated\">\n\t\t\t\t\t\t<div class=\"elementor-element elementor-element-00ddd15 elementor-widget elementor-widget-spacer\" data-id=\"00ddd15\" data-element_type=\"widget\" data-e-type=\"widget\" data-widget_type=\"spacer.default\">\n\t\t\t\t<div class=\"elementor-widget-container\">\n\t\t\t\t\t\t\t<div class=\"elementor-spacer\">\n\t\t\t<div class=\"elementor-spacer-inner\"><\/div>\n\t\t<\/div>\n\t\t\t\t\t\t<\/div>\n\t\t\t\t<\/div>\n\t\t\t\t\t<\/div>\n\t\t<\/div>\n\t\t\t\t\t<\/div>\n\t\t<\/section>\n\t\t\t\t<\/div>\n\t\t","protected":false},"excerpt":{"rendered":"<p>Portal MiUPI Portal NEXT Portal Services Email Outlook Moodle Departamento de Ciencias F\u00edsicas \u00a1Bienvenidos! Visi\u00f3n \u201cHacer ciencia con conciencia\u201d Una comunidad cient\u00edfica, creativa e investigativa reconocida internacionalmente; que hace ciencia &hellip; <\/p>\n","protected":false},"author":2,"featured_media":0,"parent":0,"menu_order":0,"comment_status":"closed","ping_status":"closed","template":"page-templates\/homepage.php","meta":{"footnotes":""},"class_list":["post-78","page","type-page","status-publish","hentry"],"_links":{"self":[{"href":"https:\/\/generales.uprrp.edu\/ciencias-fisicas\/wp-json\/wp\/v2\/pages\/78","targetHints":{"allow":["GET"]}}],"collection":[{"href":"https:\/\/generales.uprrp.edu\/ciencias-fisicas\/wp-json\/wp\/v2\/pages"}],"about":[{"href":"https:\/\/generales.uprrp.edu\/ciencias-fisicas\/wp-json\/wp\/v2\/types\/page"}],"author":[{"embeddable":true,"href":"https:\/\/generales.uprrp.edu\/ciencias-fisicas\/wp-json\/wp\/v2\/users\/2"}],"replies":[{"embeddable":true,"href":"https:\/\/generales.uprrp.edu\/ciencias-fisicas\/wp-json\/wp\/v2\/comments?post=78"}],"version-history":[{"count":94,"href":"https:\/\/generales.uprrp.edu\/ciencias-fisicas\/wp-json\/wp\/v2\/pages\/78\/revisions"}],"predecessor-version":[{"id":1078,"href":"https:\/\/generales.uprrp.edu\/ciencias-fisicas\/wp-json\/wp\/v2\/pages\/78\/revisions\/1078"}],"wp:attachment":[{"href":"https:\/\/generales.uprrp.edu\/ciencias-fisicas\/wp-json\/wp\/v2\/media?parent=78"}],"curies":[{"name":"wp","href":"https:\/\/api.w.org\/{rel}","templated":true}]}}