{"id":417,"date":"2019-09-21T04:21:41","date_gmt":"2019-09-21T04:21:41","guid":{"rendered":"http:\/\/generales.uprrp.edu\/ciencias-fisicas\/?page_id=417"},"modified":"2023-07-03T14:22:53","modified_gmt":"2023-07-03T14:22:53","slug":"sandra-l-dussan-devia-ph-d","status":"publish","type":"page","link":"https:\/\/generales.uprrp.edu\/ciencias-fisicas\/sandra-l-dussan-devia-ph-d\/","title":{"rendered":"Sandra L. Dussan Devia, Ph. D."},"content":{"rendered":"<div id=\"sites-canvas-main\" class=\"sites-canvas-main\">\n<div id=\"sites-canvas-main-content\">\n<table class=\"sites-layout-name-two-column sites-layout-hbox\" style=\"height: 245px;\" width=\"671\" cellspacing=\"0\">\n<tbody>\n<tr>\n<td class=\"sites-layout-tile sites-tile-name-content-1\">\n<div dir=\"ltr\">Ph.D. Qu\u00edmica<\/div>\n<div dir=\"ltr\">Universidad de Puerto Rico<\/div>\n<div dir=\"ltr\">Catedr\u00e1tica Auxiliar<\/div>\n<\/td>\n<td class=\"sites-layout-tile sites-tile-name-content-2\">\n<div dir=\"ltr\"><b>Correo electr\u00f3nico<\/b>: sandra.dussan@upr.edu<\/div>\n<div dir=\"ltr\"><b>Tel\u00e9fono<\/b>: (787) 764-0000 X 88668<\/div>\n<div dir=\"ltr\"><b>Direcci\u00f3n Postal: <\/b><\/div>\n<div dir=\"ltr\">Facultad de Estudios Generales<\/div>\n<div dir=\"ltr\">P.O. Box 23323<\/div>\n<div dir=\"ltr\">San Juan, PR 00931-3323<\/div>\n<div dir=\"ltr\"><b>Oficina<\/b>: Edificio Domingo Marrero Navarro 435<\/div>\n<\/td>\n<\/tr>\n<\/tbody>\n<\/table>\n<\/div>\n<\/div>\n","protected":false},"excerpt":{"rendered":"<p>Ph.D. Qu\u00edmica Universidad de Puerto Rico Catedr\u00e1tica Auxiliar Correo electr\u00f3nico: sandra.dussan@upr.edu Tel\u00e9fono: (787) 764-0000 X 88668 Direcci\u00f3n Postal: Facultad de Estudios Generales P.O. Box 23323 San Juan, PR 00931-3323 Oficina: &hellip; <\/p>\n","protected":false},"author":28,"featured_media":0,"parent":0,"menu_order":0,"comment_status":"closed","ping_status":"closed","template":"","meta":{"footnotes":""},"class_list":["post-417","page","type-page","status-publish","hentry"],"_links":{"self":[{"href":"https:\/\/generales.uprrp.edu\/ciencias-fisicas\/wp-json\/wp\/v2\/pages\/417","targetHints":{"allow":["GET"]}}],"collection":[{"href":"https:\/\/generales.uprrp.edu\/ciencias-fisicas\/wp-json\/wp\/v2\/pages"}],"about":[{"href":"https:\/\/generales.uprrp.edu\/ciencias-fisicas\/wp-json\/wp\/v2\/types\/page"}],"author":[{"embeddable":true,"href":"https:\/\/generales.uprrp.edu\/ciencias-fisicas\/wp-json\/wp\/v2\/users\/28"}],"replies":[{"embeddable":true,"href":"https:\/\/generales.uprrp.edu\/ciencias-fisicas\/wp-json\/wp\/v2\/comments?post=417"}],"version-history":[{"count":4,"href":"https:\/\/generales.uprrp.edu\/ciencias-fisicas\/wp-json\/wp\/v2\/pages\/417\/revisions"}],"predecessor-version":[{"id":919,"href":"https:\/\/generales.uprrp.edu\/ciencias-fisicas\/wp-json\/wp\/v2\/pages\/417\/revisions\/919"}],"wp:attachment":[{"href":"https:\/\/generales.uprrp.edu\/ciencias-fisicas\/wp-json\/wp\/v2\/media?parent=417"}],"curies":[{"name":"wp","href":"https:\/\/api.w.org\/{rel}","templated":true}]}}