{"id":409,"date":"2019-09-21T04:12:31","date_gmt":"2019-09-21T04:12:31","guid":{"rendered":"http:\/\/generales.uprrp.edu\/ciencias-fisicas\/?page_id=409"},"modified":"2023-07-03T14:22:14","modified_gmt":"2023-07-03T14:22:14","slug":"jorge-l-morales-ortiz-ph-d","status":"publish","type":"page","link":"https:\/\/generales.uprrp.edu\/ciencias-fisicas\/jorge-l-morales-ortiz-ph-d\/","title":{"rendered":"Jorge L. Morales Ortiz, Ph. D."},"content":{"rendered":"<div id=\"sites-canvas-main\" class=\"sites-canvas-main\">\n<div id=\"sites-canvas-main-content\">\n<table class=\"sites-layout-name-two-column sites-layout-hbox\" style=\"height: 245px;\" width=\"671\" cellspacing=\"0\">\n<tbody>\n<tr>\n<td class=\"sites-layout-tile sites-tile-name-content-1\">\n<div dir=\"ltr\">Ph.D. F\u00edsica-Quimica<\/div>\n<div dir=\"ltr\">Universidad de Puerto Rico<\/div>\n<div dir=\"ltr\">Catedr\u00e1tico Auxiliar<\/div>\n<div dir=\"ltr\">T\u00e9cnico de Laboratorio I<\/div>\n<\/td>\n<td class=\"sites-layout-tile sites-tile-name-content-2\">\n<div dir=\"ltr\"><b>Correo electr\u00f3nico<\/b>: jorge.moralesortiz@upr.edu<\/div>\n<div dir=\"ltr\"><b>Tel\u00e9fono<\/b>: (787) 764-0000 X 88726, 88705<\/div>\n<div dir=\"ltr\"><b>Direcci\u00f3n Postal: <\/b><\/div>\n<div dir=\"ltr\">Facultad de Estudios Generales<\/div>\n<div dir=\"ltr\">P.O. Box 23323<\/div>\n<div dir=\"ltr\">San Juan, PR 00931-3323<\/div>\n<div dir=\"ltr\"><b>Oficina<\/b>: Edificio Domingo Marrero Navarro 437<\/div>\n<\/td>\n<\/tr>\n<\/tbody>\n<\/table>\n<\/div>\n<\/div>\n","protected":false},"excerpt":{"rendered":"<p>Ph.D. F\u00edsica-Quimica Universidad de Puerto Rico Catedr\u00e1tico Auxiliar T\u00e9cnico de Laboratorio I Correo electr\u00f3nico: jorge.moralesortiz@upr.edu Tel\u00e9fono: (787) 764-0000 X 88726, 88705 Direcci\u00f3n Postal: Facultad de Estudios Generales P.O. Box 23323 &hellip; <\/p>\n","protected":false},"author":28,"featured_media":0,"parent":0,"menu_order":0,"comment_status":"closed","ping_status":"closed","template":"","meta":{"footnotes":""},"class_list":["post-409","page","type-page","status-publish","hentry"],"_links":{"self":[{"href":"https:\/\/generales.uprrp.edu\/ciencias-fisicas\/wp-json\/wp\/v2\/pages\/409","targetHints":{"allow":["GET"]}}],"collection":[{"href":"https:\/\/generales.uprrp.edu\/ciencias-fisicas\/wp-json\/wp\/v2\/pages"}],"about":[{"href":"https:\/\/generales.uprrp.edu\/ciencias-fisicas\/wp-json\/wp\/v2\/types\/page"}],"author":[{"embeddable":true,"href":"https:\/\/generales.uprrp.edu\/ciencias-fisicas\/wp-json\/wp\/v2\/users\/28"}],"replies":[{"embeddable":true,"href":"https:\/\/generales.uprrp.edu\/ciencias-fisicas\/wp-json\/wp\/v2\/comments?post=409"}],"version-history":[{"count":6,"href":"https:\/\/generales.uprrp.edu\/ciencias-fisicas\/wp-json\/wp\/v2\/pages\/409\/revisions"}],"predecessor-version":[{"id":918,"href":"https:\/\/generales.uprrp.edu\/ciencias-fisicas\/wp-json\/wp\/v2\/pages\/409\/revisions\/918"}],"wp:attachment":[{"href":"https:\/\/generales.uprrp.edu\/ciencias-fisicas\/wp-json\/wp\/v2\/media?parent=409"}],"curies":[{"name":"wp","href":"https:\/\/api.w.org\/{rel}","templated":true}]}}