{"id":383,"date":"2019-09-21T03:25:57","date_gmt":"2019-09-21T03:25:57","guid":{"rendered":"http:\/\/generales.uprrp.edu\/ciencias-fisicas\/?page_id=383"},"modified":"2023-07-03T14:15:54","modified_gmt":"2023-07-03T14:15:54","slug":"ricardo-morales-de-jesus-ph-d","status":"publish","type":"page","link":"https:\/\/generales.uprrp.edu\/ciencias-fisicas\/ricardo-morales-de-jesus-ph-d\/","title":{"rendered":"Ricardo Morales de Jes\u00fas, Ph. D."},"content":{"rendered":"<p>Ricardo Morales de Jes\u00fas<\/p>\n<div id=\"sites-canvas-main\" class=\"sites-canvas-main\">\n<div id=\"sites-canvas-main-content\">\n<table class=\"sites-layout-name-two-column sites-layout-hbox\" style=\"height: 459px;\" width=\"740\" cellspacing=\"0\">\n<tbody>\n<tr>\n<td class=\"sites-layout-tile sites-tile-name-content-1\">\n<div dir=\"ltr\">Ph.D. Qu\u00edmica Anal\u00edtica\u00a0 \u00a0 \u00a0 \u00a0 \u00a0 \u00a0 \u00a0 \u00a0 \u00a0 \u00a0 \u00a0 \u00a0 \u00a0 \u00a0 \u00a0 \u00a0 \u00a0 \u00a0 \u00a0 \u00a0 \u00a0 \u00a0 .<\/div>\n<div dir=\"ltr\">Universidad de Puerto Rico<\/div>\n<div dir=\"ltr\">Catedr\u00e1tico<\/div>\n<div dir=\"ltr\"><img fetchpriority=\"high\" decoding=\"async\" class=\"alignnone size-medium wp-image-487\" src=\"https:\/\/generales.uprrp.edu\/ciencias-fisicas\/wp-content\/uploads\/sites\/8\/2019\/10\/avatar-Ricky-Front-241x300.jpg\" alt=\"Avatar\" width=\"241\" height=\"300\" srcset=\"https:\/\/generales.uprrp.edu\/ciencias-fisicas\/wp-content\/uploads\/sites\/8\/2019\/10\/avatar-Ricky-Front-241x300.jpg 241w, https:\/\/generales.uprrp.edu\/ciencias-fisicas\/wp-content\/uploads\/sites\/8\/2019\/10\/avatar-Ricky-Front.jpg 290w\" sizes=\"(max-width: 241px) 100vw, 241px\" \/><\/div>\n<\/td>\n<td class=\"sites-layout-tile sites-tile-name-content-2\">\n<div dir=\"ltr\"><b>Correo electr\u00f3nico<\/b>: ricardo.morales1@upr.edu<\/div>\n<div dir=\"ltr\"><b>Tel\u00e9fono<\/b>: (787) 764-0000 X 88718, 88704<\/div>\n<div dir=\"ltr\"><b>Direcci\u00f3n Postal: <\/b><\/div>\n<div dir=\"ltr\">Facultad de Estudios Generales<\/div>\n<div dir=\"ltr\">P.O. Box 23323<\/div>\n<div dir=\"ltr\">San Juan, PR 00931-3323<\/div>\n<div dir=\"ltr\"><b>Oficina<\/b>: Edificio Jaime Ben\u00edtez Rexach 342<\/div>\n<div dir=\"ltr\">Lab. Investigaci\u00f3n Te\u00f3rica en CIFI DMN 405<\/div>\n<div dir=\"ltr\">\n<hr \/>\n<p>Comit\u00e9:<\/p>\n<\/div>\n<div dir=\"ltr\">1. Tecnolog\u00eda y Presencia Internet<\/div>\n<div dir=\"ltr\">2. Biblioteca y Tecnolog\u00edas de Informaci\u00f3n<\/div>\n<div dir=\"ltr\">3. Personal 2017-2019<\/div>\n<div dir=\"ltr\"><\/div>\n<\/td>\n<\/tr>\n<\/tbody>\n<\/table>\n<p>&nbsp;<\/p>\n<\/div>\n<\/div>\n","protected":false},"excerpt":{"rendered":"<p>Ricardo Morales de Jes\u00fas Ph.D. Qu\u00edmica Anal\u00edtica\u00a0 \u00a0 \u00a0 \u00a0 \u00a0 \u00a0 \u00a0 \u00a0 \u00a0 \u00a0 \u00a0 \u00a0 \u00a0 \u00a0 \u00a0 \u00a0 \u00a0 \u00a0 \u00a0 \u00a0 \u00a0 \u00a0 . Universidad &hellip; <\/p>\n","protected":false},"author":28,"featured_media":0,"parent":0,"menu_order":0,"comment_status":"closed","ping_status":"closed","template":"","meta":{"footnotes":""},"class_list":["post-383","page","type-page","status-publish","hentry"],"_links":{"self":[{"href":"https:\/\/generales.uprrp.edu\/ciencias-fisicas\/wp-json\/wp\/v2\/pages\/383","targetHints":{"allow":["GET"]}}],"collection":[{"href":"https:\/\/generales.uprrp.edu\/ciencias-fisicas\/wp-json\/wp\/v2\/pages"}],"about":[{"href":"https:\/\/generales.uprrp.edu\/ciencias-fisicas\/wp-json\/wp\/v2\/types\/page"}],"author":[{"embeddable":true,"href":"https:\/\/generales.uprrp.edu\/ciencias-fisicas\/wp-json\/wp\/v2\/users\/28"}],"replies":[{"embeddable":true,"href":"https:\/\/generales.uprrp.edu\/ciencias-fisicas\/wp-json\/wp\/v2\/comments?post=383"}],"version-history":[{"count":10,"href":"https:\/\/generales.uprrp.edu\/ciencias-fisicas\/wp-json\/wp\/v2\/pages\/383\/revisions"}],"predecessor-version":[{"id":909,"href":"https:\/\/generales.uprrp.edu\/ciencias-fisicas\/wp-json\/wp\/v2\/pages\/383\/revisions\/909"}],"wp:attachment":[{"href":"https:\/\/generales.uprrp.edu\/ciencias-fisicas\/wp-json\/wp\/v2\/media?parent=383"}],"curies":[{"name":"wp","href":"https:\/\/api.w.org\/{rel}","templated":true}]}}