{"id":375,"date":"2019-09-21T03:12:00","date_gmt":"2019-09-21T03:12:00","guid":{"rendered":"http:\/\/generales.uprrp.edu\/ciencias-fisicas\/?page_id=375"},"modified":"2023-07-03T14:10:49","modified_gmt":"2023-07-03T14:10:49","slug":"mario-lanza-amaro-m-sc","status":"publish","type":"page","link":"https:\/\/generales.uprrp.edu\/ciencias-fisicas\/mario-lanza-amaro-m-sc\/","title":{"rendered":"Mario Lanza Amaro, M. Sc."},"content":{"rendered":"<p>Mario Lanza Amaro<\/p>\n<div id=\"sites-canvas-main\" class=\"sites-canvas-main\">\n<div id=\"sites-canvas-main-content\">\n<table class=\"sites-layout-name-two-column sites-layout-hbox\" style=\"height: 245px;\" width=\"671\" cellspacing=\"0\">\n<tbody>\n<tr>\n<td class=\"sites-layout-tile sites-tile-name-content-1\">\n<div dir=\"ltr\">M. Sc. F\u00edsica<\/div>\n<div dir=\"ltr\">Universidad de Puerto Rico<\/div>\n<div dir=\"ltr\">Instructor<\/div>\n<\/td>\n<td class=\"sites-layout-tile sites-tile-name-content-2\">\n<div dir=\"ltr\"><b>Correo electr\u00f3nico<\/b>: mario.lanza@upr.edu<\/div>\n<div dir=\"ltr\"><b>Tel\u00e9fono<\/b>: (787) 764-0000 X 88725<\/div>\n<div dir=\"ltr\"><b>Direcci\u00f3n Postal: <\/b><\/div>\n<div dir=\"ltr\">Facultad de Estudios Generales<\/div>\n<div dir=\"ltr\">P.O. Box 23323<\/div>\n<div dir=\"ltr\">San Juan, PR 00931-3323<\/div>\n<div dir=\"ltr\"><b>Oficina<\/b>: Edificio Domingo Marrero Navarro 436<\/div>\n<\/td>\n<\/tr>\n<\/tbody>\n<\/table>\n<\/div>\n<\/div>\n","protected":false},"excerpt":{"rendered":"<p>Mario Lanza Amaro M. Sc. F\u00edsica Universidad de Puerto Rico Instructor Correo electr\u00f3nico: mario.lanza@upr.edu Tel\u00e9fono: (787) 764-0000 X 88725 Direcci\u00f3n Postal: Facultad de Estudios Generales P.O. Box 23323 San Juan, &hellip; <\/p>\n","protected":false},"author":28,"featured_media":0,"parent":0,"menu_order":0,"comment_status":"closed","ping_status":"closed","template":"","meta":{"footnotes":""},"class_list":["post-375","page","type-page","status-publish","hentry"],"_links":{"self":[{"href":"https:\/\/generales.uprrp.edu\/ciencias-fisicas\/wp-json\/wp\/v2\/pages\/375","targetHints":{"allow":["GET"]}}],"collection":[{"href":"https:\/\/generales.uprrp.edu\/ciencias-fisicas\/wp-json\/wp\/v2\/pages"}],"about":[{"href":"https:\/\/generales.uprrp.edu\/ciencias-fisicas\/wp-json\/wp\/v2\/types\/page"}],"author":[{"embeddable":true,"href":"https:\/\/generales.uprrp.edu\/ciencias-fisicas\/wp-json\/wp\/v2\/users\/28"}],"replies":[{"embeddable":true,"href":"https:\/\/generales.uprrp.edu\/ciencias-fisicas\/wp-json\/wp\/v2\/comments?post=375"}],"version-history":[{"count":3,"href":"https:\/\/generales.uprrp.edu\/ciencias-fisicas\/wp-json\/wp\/v2\/pages\/375\/revisions"}],"predecessor-version":[{"id":906,"href":"https:\/\/generales.uprrp.edu\/ciencias-fisicas\/wp-json\/wp\/v2\/pages\/375\/revisions\/906"}],"wp:attachment":[{"href":"https:\/\/generales.uprrp.edu\/ciencias-fisicas\/wp-json\/wp\/v2\/media?parent=375"}],"curies":[{"name":"wp","href":"https:\/\/api.w.org\/{rel}","templated":true}]}}