{"id":371,"date":"2019-09-21T03:07:20","date_gmt":"2019-09-21T03:07:20","guid":{"rendered":"http:\/\/generales.uprrp.edu\/ciencias-fisicas\/?page_id=371"},"modified":"2025-08-26T19:25:15","modified_gmt":"2025-08-26T19:25:15","slug":"lorna-jaramillo-nieves-ph-d","status":"publish","type":"page","link":"https:\/\/generales.uprrp.edu\/ciencias-fisicas\/lorna-jaramillo-nieves-ph-d\/","title":{"rendered":"Lorna Jaramillo Nieves, Ph. D."},"content":{"rendered":"\t\t<div data-elementor-type=\"wp-page\" data-elementor-id=\"371\" class=\"elementor elementor-371\">\n\t\t\t\t\t\t<section class=\"elementor-section elementor-top-section elementor-element elementor-element-df34758 elementor-section-boxed elementor-section-height-default elementor-section-height-default\" data-id=\"df34758\" data-element_type=\"section\" data-e-type=\"section\">\n\t\t\t\t\t\t<div class=\"elementor-container elementor-column-gap-default\">\n\t\t\t\t\t<div class=\"elementor-column elementor-col-50 elementor-top-column elementor-element elementor-element-fa25247\" data-id=\"fa25247\" data-element_type=\"column\" data-e-type=\"column\">\n\t\t\t<div class=\"elementor-widget-wrap elementor-element-populated\">\n\t\t\t\t\t\t<div class=\"elementor-element elementor-element-f56b412 elementor-widget elementor-widget-text-editor\" data-id=\"f56b412\" data-element_type=\"widget\" data-e-type=\"widget\" data-widget_type=\"text-editor.default\">\n\t\t\t\t<div class=\"elementor-widget-container\">\n\t\t\t\t\t\t\t\t\t<p><img decoding=\"async\" class=\" wp-image-807 alignleft\" src=\"https:\/\/generales.uprrp.edu\/ciencias-fisicas\/wp-content\/uploads\/sites\/8\/2022\/06\/Lorna-foto2-810x592-1-300x219.jpg\" alt=\"\" width=\"245\" height=\"179\" srcset=\"https:\/\/generales.uprrp.edu\/ciencias-fisicas\/wp-content\/uploads\/sites\/8\/2022\/06\/Lorna-foto2-810x592-1-300x219.jpg 300w, https:\/\/generales.uprrp.edu\/ciencias-fisicas\/wp-content\/uploads\/sites\/8\/2022\/06\/Lorna-foto2-810x592-1-150x110.jpg 150w, https:\/\/generales.uprrp.edu\/ciencias-fisicas\/wp-content\/uploads\/sites\/8\/2022\/06\/Lorna-foto2-810x592-1-450x329.jpg 450w, https:\/\/generales.uprrp.edu\/ciencias-fisicas\/wp-content\/uploads\/sites\/8\/2022\/06\/Lorna-foto2-810x592-1-768x561.jpg 768w, https:\/\/generales.uprrp.edu\/ciencias-fisicas\/wp-content\/uploads\/sites\/8\/2022\/06\/Lorna-foto2-810x592-1.jpg 810w, https:\/\/generales.uprrp.edu\/ciencias-fisicas\/wp-content\/uploads\/sites\/8\/2022\/06\/Lorna-foto2-810x592-1-300x219@2x.jpg 600w\" sizes=\"(max-width: 245px) 100vw, 245px\" \/>Enfoque en la investigaci\u00f3n de las ciencias geol\u00f3gicas, con \u00e9nfasis en lo interdisciplinario y lo social. Particularmente, la doctora Jaramillo Nieves interesa las l\u00edneas de investigaci\u00f3n que trabajen los temas de riesgo geol\u00f3gico por causas de eventos comunes a la regi\u00f3n del Caribe, como lo son los movimientos de masa, los terremotos y la p\u00e9rdida del recurso agua por acciones del ser humano. Para este enfoque, enmarca su an\u00e1lisis utilizando definiciones de las ciencias sociales para el manejo de conceptos como vulnerabilidad y riesgo. Adem\u00e1s, combina el an\u00e1lisis de estas problem\u00e1ticas con t\u00e9cnicas de las geociencias como lo son el procesamiento de im\u00e1genes satelitales y la modelaci\u00f3n de agua subterr\u00e1nea. Por otra parte, recientemente ha desarrollado investigaciones en el marco de la epistemolog\u00eda de la ciencia, espec\u00edficamente la evaluaci\u00f3n del estado de las teor\u00edas en geolog\u00eda.\u00a0 Adem\u00e1s, finaliza una investigaci\u00f3n sobre la relevancia del terremoto de 1918 para el Puerto Rico actual por medio de trabajo de referencias primarias en archivos hist\u00f3ricos de Puerto Rico y Rep\u00fablica Dominicana. <span class=\"x_ContentPasted0\" lang=\"ES\">Por otra parte, complet\u00f3 un proyecto sobre la actividad s\u00edsmica en Puerto Rico y la protecci\u00f3n del patrimonio cultural, el cual puede ser consultado en el enlace a continuaci\u00f3n.<\/span><span lang=\"ES\">\u00a0<\/span><\/p><p><span style=\"color: #ff0000;\"><a style=\"color: #ff0000;\" href=\"https:\/\/generales.uprrp.edu\/ciencias-fisicas\/conversatorios-sobre-la-actividad-sismica-en-puerto-rico-y-la-proteccion-del-patrimonio-cultural\/\" target=\"_blank\" rel=\"noopener\">Conversatorios sobre la actividad s\u00edsmica en Puerto Rico y la protecci\u00f3n del patrimonio cultural<\/a><\/span><\/p>\t\t\t\t\t\t\t\t<\/div>\n\t\t\t\t<\/div>\n\t\t\t\t\t<\/div>\n\t\t<\/div>\n\t\t\t\t<div class=\"elementor-column elementor-col-50 elementor-top-column elementor-element elementor-element-84e3674\" data-id=\"84e3674\" data-element_type=\"column\" data-e-type=\"column\">\n\t\t\t<div class=\"elementor-widget-wrap elementor-element-populated\">\n\t\t\t\t\t\t<div class=\"elementor-element elementor-element-ea76eaa elementor-widget elementor-widget-text-editor\" data-id=\"ea76eaa\" data-element_type=\"widget\" data-e-type=\"widget\" data-widget_type=\"text-editor.default\">\n\t\t\t\t<div class=\"elementor-widget-container\">\n\t\t\t\t\t\t\t\t\t<div dir=\"ltr\">Lorna Jaramillo Nieves<br \/>Ph.D. Geolog\u00eda<br \/>University of Colorado, Boulder<br \/>Catedr\u00e1tica<\/div><div dir=\"ltr\">\u00a0<\/div><div dir=\"ltr\"><b>Correo electr\u00f3nico<\/b>: lorna.jaramillo@upr.edu<\/div><div dir=\"ltr\"><b>Tel\u00e9fono<\/b>:<br \/>(787) 764-0000 X 88708<\/div><div dir=\"ltr\"><b>Direcci\u00f3n Postal:<\/b><\/div><div dir=\"ltr\">Facultad de Estudios Generales<\/div><div dir=\"ltr\">12 Ave. Universidad STE. 1201<br \/>San Juan, PR\u00a0 00925-2532<\/div><div dir=\"ltr\"><b>Oficina<\/b>:<br \/>Edificio Jaime Ben\u00edtez Rexach 343<\/div><div dir=\"ltr\"><strong>Curriculum Vitae<\/strong>:<br \/><a href=\"https:\/\/generales.uprrp.edu\/ciencias-fisicas\/wp-content\/uploads\/sites\/8\/2025\/08\/Curriculum-Vitae-Jaramillo_espanol_agosto_2025.pdf\" target=\"_blank\" rel=\"noopener\">Versi\u00f3n en espa\u00f1ol<\/a><\/div><div dir=\"ltr\"><a href=\"https:\/\/generales.uprrp.edu\/ciencias-fisicas\/wp-content\/uploads\/sites\/8\/2025\/08\/Curriculum-Vitae-JaramilloNieves-English_August_2025.pdf\" target=\"_blank\" rel=\"noopener\">English Version<\/a><\/div>\t\t\t\t\t\t\t\t<\/div>\n\t\t\t\t<\/div>\n\t\t\t\t\t<\/div>\n\t\t<\/div>\n\t\t\t\t\t<\/div>\n\t\t<\/section>\n\t\t\t\t<\/div>\n\t\t","protected":false},"excerpt":{"rendered":"<p>Enfoque en la investigaci\u00f3n de las ciencias geol\u00f3gicas, con \u00e9nfasis en lo interdisciplinario y lo social. Particularmente, la doctora Jaramillo Nieves interesa las l\u00edneas de investigaci\u00f3n que trabajen los temas &hellip; <\/p>\n","protected":false},"author":28,"featured_media":0,"parent":0,"menu_order":0,"comment_status":"closed","ping_status":"closed","template":"","meta":{"footnotes":""},"class_list":["post-371","page","type-page","status-publish","hentry"],"_links":{"self":[{"href":"https:\/\/generales.uprrp.edu\/ciencias-fisicas\/wp-json\/wp\/v2\/pages\/371","targetHints":{"allow":["GET"]}}],"collection":[{"href":"https:\/\/generales.uprrp.edu\/ciencias-fisicas\/wp-json\/wp\/v2\/pages"}],"about":[{"href":"https:\/\/generales.uprrp.edu\/ciencias-fisicas\/wp-json\/wp\/v2\/types\/page"}],"author":[{"embeddable":true,"href":"https:\/\/generales.uprrp.edu\/ciencias-fisicas\/wp-json\/wp\/v2\/users\/28"}],"replies":[{"embeddable":true,"href":"https:\/\/generales.uprrp.edu\/ciencias-fisicas\/wp-json\/wp\/v2\/comments?post=371"}],"version-history":[{"count":62,"href":"https:\/\/generales.uprrp.edu\/ciencias-fisicas\/wp-json\/wp\/v2\/pages\/371\/revisions"}],"predecessor-version":[{"id":1165,"href":"https:\/\/generales.uprrp.edu\/ciencias-fisicas\/wp-json\/wp\/v2\/pages\/371\/revisions\/1165"}],"wp:attachment":[{"href":"https:\/\/generales.uprrp.edu\/ciencias-fisicas\/wp-json\/wp\/v2\/media?parent=371"}],"curies":[{"name":"wp","href":"https:\/\/api.w.org\/{rel}","templated":true}]}}