{"id":344,"date":"2019-09-06T16:04:39","date_gmt":"2019-09-06T16:04:39","guid":{"rendered":"http:\/\/generales.uprrp.edu\/ciencias-fisicas\/?page_id=344"},"modified":"2019-09-06T16:04:39","modified_gmt":"2019-09-06T16:04:39","slug":"cesar-cordero-montalvo-ph-d","status":"publish","type":"page","link":"https:\/\/generales.uprrp.edu\/ciencias-fisicas\/cesar-cordero-montalvo-ph-d\/","title":{"rendered":"C\u00e9sar Cordero  Montalvo, Ph. D."},"content":{"rendered":"<p>C\u00e9sar Cordero Montalvo<\/p>\n<div id=\"sites-canvas-main\" class=\"sites-canvas-main\">\n<div id=\"sites-canvas-main-content\">\n<table class=\"sites-layout-name-two-column sites-layout-hbox\" style=\"height: 245px\" width=\"671\" cellspacing=\"0\">\n<tbody>\n<tr>\n<td class=\"sites-layout-tile sites-tile-name-content-1\">\n<div dir=\"ltr\">Ph.D. F\u00edsica<\/div>\n<div dir=\"ltr\">Pennsylvania State University<\/div>\n<div dir=\"ltr\">Catedr\u00e1tico<\/div>\n<\/td>\n<td class=\"sites-layout-tile sites-tile-name-content-2\">\n<div dir=\"ltr\"><b>Correo electr\u00f3nico<\/b>: cesar.cordero [at] upr.edu<\/div>\n<div dir=\"ltr\"><b>Tel\u00e9fono<\/b>: (787) 764-0000 X 88711<\/div>\n<div dir=\"ltr\"><b>Direcci\u00f3n Postal: <\/b><\/div>\n<div dir=\"ltr\">Facultad de Estudios Generales<\/div>\n<div dir=\"ltr\">P.O. Box 23323<\/div>\n<div dir=\"ltr\">San Juan, PR 00931-3323<\/div>\n<div dir=\"ltr\"><b>Oficina<\/b>: Edificio Jaime Ben\u00edtez Rexach 359<\/div>\n<\/td>\n<\/tr>\n<\/tbody>\n<\/table>\n<\/div>\n<\/div>\n","protected":false},"excerpt":{"rendered":"<p>C\u00e9sar Cordero Montalvo Ph.D. F\u00edsica Pennsylvania State University Catedr\u00e1tico Correo electr\u00f3nico: cesar.cordero [at] upr.edu Tel\u00e9fono: (787) 764-0000 X 88711 Direcci\u00f3n Postal: Facultad de Estudios Generales P.O. Box 23323 San Juan, &hellip; <\/p>\n","protected":false},"author":28,"featured_media":0,"parent":0,"menu_order":0,"comment_status":"closed","ping_status":"closed","template":"","meta":{"footnotes":""},"class_list":["post-344","page","type-page","status-publish","hentry"],"_links":{"self":[{"href":"https:\/\/generales.uprrp.edu\/ciencias-fisicas\/wp-json\/wp\/v2\/pages\/344","targetHints":{"allow":["GET"]}}],"collection":[{"href":"https:\/\/generales.uprrp.edu\/ciencias-fisicas\/wp-json\/wp\/v2\/pages"}],"about":[{"href":"https:\/\/generales.uprrp.edu\/ciencias-fisicas\/wp-json\/wp\/v2\/types\/page"}],"author":[{"embeddable":true,"href":"https:\/\/generales.uprrp.edu\/ciencias-fisicas\/wp-json\/wp\/v2\/users\/28"}],"replies":[{"embeddable":true,"href":"https:\/\/generales.uprrp.edu\/ciencias-fisicas\/wp-json\/wp\/v2\/comments?post=344"}],"version-history":[{"count":1,"href":"https:\/\/generales.uprrp.edu\/ciencias-fisicas\/wp-json\/wp\/v2\/pages\/344\/revisions"}],"predecessor-version":[{"id":345,"href":"https:\/\/generales.uprrp.edu\/ciencias-fisicas\/wp-json\/wp\/v2\/pages\/344\/revisions\/345"}],"wp:attachment":[{"href":"https:\/\/generales.uprrp.edu\/ciencias-fisicas\/wp-json\/wp\/v2\/media?parent=344"}],"curies":[{"name":"wp","href":"https:\/\/api.w.org\/{rel}","templated":true}]}}