{"id":321,"date":"2019-09-06T14:47:51","date_gmt":"2019-09-06T14:47:51","guid":{"rendered":"http:\/\/generales.uprrp.edu\/ciencias-fisicas\/?page_id=321"},"modified":"2023-07-03T14:11:35","modified_gmt":"2023-07-03T14:11:35","slug":"mayra-e-lebron-santos-ph-d","status":"publish","type":"page","link":"https:\/\/generales.uprrp.edu\/ciencias-fisicas\/mayra-e-lebron-santos-ph-d\/","title":{"rendered":"Mayra E. Lebr\u00f3n Santos, Ph. D."},"content":{"rendered":"<p>Mayra E. Lebr\u00f3n Santos<\/p>\n<div id=\"sites-canvas-main\" class=\"sites-canvas-main\">\n<div id=\"sites-canvas-main-content\">\n<table class=\"sites-layout-name-two-column sites-layout-hbox\" style=\"height: 245px;\" width=\"671\" cellspacing=\"0\">\n<tbody>\n<tr>\n<td class=\"sites-layout-tile sites-tile-name-content-1\">\n<div dir=\"ltr\">Ph.D. Astronom\u00eda<\/div>\n<div dir=\"ltr\">Universidad Nacional Aut\u00f3noma de M\u00e9xico<\/div>\n<div dir=\"ltr\">Catedr\u00e1tica Asociada<\/div>\n<div dir=\"ltr\"><img decoding=\"async\" class=\"alignnone wp-image-446\" src=\"https:\/\/generales.uprrp.edu\/ciencias-fisicas\/wp-content\/uploads\/sites\/8\/2019\/09\/mayraLebron-300x249.jpg\" alt=\"\" width=\"240\" height=\"199\" srcset=\"https:\/\/generales.uprrp.edu\/ciencias-fisicas\/wp-content\/uploads\/sites\/8\/2019\/09\/mayraLebron-300x249.jpg 300w, https:\/\/generales.uprrp.edu\/ciencias-fisicas\/wp-content\/uploads\/sites\/8\/2019\/09\/mayraLebron.jpg 329w\" sizes=\"(max-width: 240px) 100vw, 240px\" \/><\/div>\n<\/td>\n<td class=\"sites-layout-tile sites-tile-name-content-2\">\n<div dir=\"ltr\"><b>Correo electr\u00f3nico<\/b>: mayra.lebron3@upr.edu<\/div>\n<div dir=\"ltr\"><b>Tel\u00e9fono<\/b>: (787) 764-0000 X 88713, 88704<\/div>\n<div dir=\"ltr\"><b>Direcci\u00f3n Postal: <\/b><\/div>\n<div dir=\"ltr\">Facultad de Estudios Generales<\/div>\n<div dir=\"ltr\">P.O. Box 23323<\/div>\n<div dir=\"ltr\">San Juan, PR 00931-3323<\/div>\n<div dir=\"ltr\"><b>Oficina<\/b>: Domingo Marrero Navarro 342<\/div>\n<div dir=\"ltr\">o Laboratorio de Investigaci\u00f3n Te\u00f3rica en CIFI &#8211; DMN 405<\/div>\n<\/td>\n<\/tr>\n<\/tbody>\n<\/table>\n<\/div>\n<\/div>\n","protected":false},"excerpt":{"rendered":"<p>Mayra E. Lebr\u00f3n Santos Ph.D. Astronom\u00eda Universidad Nacional Aut\u00f3noma de M\u00e9xico Catedr\u00e1tica Asociada Correo electr\u00f3nico: mayra.lebron3@upr.edu Tel\u00e9fono: (787) 764-0000 X 88713, 88704 Direcci\u00f3n Postal: Facultad de Estudios Generales P.O. Box &hellip; <\/p>\n","protected":false},"author":28,"featured_media":0,"parent":0,"menu_order":0,"comment_status":"closed","ping_status":"closed","template":"","meta":{"footnotes":""},"class_list":["post-321","page","type-page","status-publish","hentry"],"_links":{"self":[{"href":"https:\/\/generales.uprrp.edu\/ciencias-fisicas\/wp-json\/wp\/v2\/pages\/321","targetHints":{"allow":["GET"]}}],"collection":[{"href":"https:\/\/generales.uprrp.edu\/ciencias-fisicas\/wp-json\/wp\/v2\/pages"}],"about":[{"href":"https:\/\/generales.uprrp.edu\/ciencias-fisicas\/wp-json\/wp\/v2\/types\/page"}],"author":[{"embeddable":true,"href":"https:\/\/generales.uprrp.edu\/ciencias-fisicas\/wp-json\/wp\/v2\/users\/28"}],"replies":[{"embeddable":true,"href":"https:\/\/generales.uprrp.edu\/ciencias-fisicas\/wp-json\/wp\/v2\/comments?post=321"}],"version-history":[{"count":23,"href":"https:\/\/generales.uprrp.edu\/ciencias-fisicas\/wp-json\/wp\/v2\/pages\/321\/revisions"}],"predecessor-version":[{"id":907,"href":"https:\/\/generales.uprrp.edu\/ciencias-fisicas\/wp-json\/wp\/v2\/pages\/321\/revisions\/907"}],"wp:attachment":[{"href":"https:\/\/generales.uprrp.edu\/ciencias-fisicas\/wp-json\/wp\/v2\/media?parent=321"}],"curies":[{"name":"wp","href":"https:\/\/api.w.org\/{rel}","templated":true}]}}