{"id":226,"date":"2017-12-14T03:36:58","date_gmt":"2017-12-14T03:36:58","guid":{"rendered":"http:\/\/generalesdv.uprrp.edu\/ciencias-fisicas\/?page_id=226"},"modified":"2019-09-21T04:24:03","modified_gmt":"2019-09-21T04:24:03","slug":"manuel-reyes-guzman-ph-d","status":"publish","type":"page","link":"https:\/\/generales.uprrp.edu\/ciencias-fisicas\/manuel-reyes-guzman-ph-d\/","title":{"rendered":"Manuel Reyes Guzm\u00e1n"},"content":{"rendered":"<p><span id=\"sites-page-title\" dir=\"ltr\">Manuel de J. Reyes Guzm\u00e1n<\/span><\/p>\n<div id=\"sites-canvas-main\" class=\"sites-canvas-main\">\n<div id=\"sites-canvas-main-content\">\n<table class=\"sites-layout-name-two-column sites-layout-hbox\" cellspacing=\"0\">\n<tbody>\n<tr>\n<td class=\"sites-layout-tile sites-tile-name-content-1\">\n<div dir=\"ltr\"><span style=\"font-family: Arial, Helvetica, sans-serif;font-size: small\">Ph.D. Bioqu\u00edmica. Universidad de Puerto Rico<br \/>\nCatedr\u00e1tico<\/span><br \/>\n<b><br \/>\n<em><a href=\"http:\/\/generalesdv.uprrp.edu\/decanato-2\/men-silhouette\/\" rel=\"attachment wp-att-191\"><img decoding=\"async\" class=\"wp-image-191 no-display appear alignnone\" src=\"http:\/\/generalesdv.uprrp.edu\/wp-content\/uploads\/2016\/08\/men-silhouette.jpeg\" alt=\"\" width=\"112\" height=\"112\" \/><\/a><\/em><\/p>\n<p>Cursos:<\/b><\/div>\n<\/td>\n<td class=\"sites-layout-tile sites-tile-name-content-2\">\n<div dir=\"ltr\">\n<div dir=\"ltr\">\n<div dir=\"ltr\">\n<div dir=\"ltr\">\n<div dir=\"ltr\">\n<div dir=\"ltr\"><b>Correo electr\u00f3nico<\/b>:\u00a0<span style=\"font-family: Arial, Helvetica, sans-serif;font-size: small\"><a href=\"mailto:mreyesg1@gmail.com\">mreyesg1@gmail.com<\/a>,\u00a0<\/span><a href=\"mailto:manuel.reyes3@upr.edu\">manuel.reyes3@upr.edu<\/a><\/p>\n<div dir=\"ltr\">\n<div><\/div>\n<div><b>Tel\u00e9fono<\/b>:\u00a0<span style=\"font-family: 'Trebuchet MS';font-size: small\">(787) 764-0000\u00a0<\/span>X- 88724, 88640<\/div>\n<div><\/div>\n<div><b>Direcci\u00f3n Postal<\/b>:\u00a0<span style=\"font-size: small\">Facultad de Estudios Generales,\u00a0<\/span><span style=\"font-size: small\">P.O. Box 23323,\u00a0<\/span><span style=\"font-size: small\">San Juan PR 00931-3323<\/span><\/div>\n<div><\/div>\n<div><b>Oficina<\/b>:\u00a0DMN &#8211; 350, DMN \u2013 225<\/div>\n<div><\/div>\n<div><b>Horario de oficina:<\/b><\/div>\n<\/div>\n<\/div>\n<\/div>\n<\/div>\n<\/div>\n<\/div>\n<\/div>\n<\/td>\n<\/tr>\n<\/tbody>\n<\/table>\n<\/div>\n<\/div>\n","protected":false},"excerpt":{"rendered":"<p>Manuel de J. Reyes Guzm\u00e1n Ph.D. Bioqu\u00edmica. Universidad de Puerto Rico Catedr\u00e1tico Cursos: Correo electr\u00f3nico:\u00a0mreyesg1@gmail.com,\u00a0manuel.reyes3@upr.edu Tel\u00e9fono:\u00a0(787) 764-0000\u00a0X- 88724, 88640 Direcci\u00f3n Postal:\u00a0Facultad de Estudios Generales,\u00a0P.O. Box 23323,\u00a0San Juan PR 00931-3323 Oficina:\u00a0DMN &hellip; <\/p>\n","protected":false},"author":2,"featured_media":0,"parent":0,"menu_order":0,"comment_status":"closed","ping_status":"closed","template":"","meta":{"footnotes":""},"class_list":["post-226","page","type-page","status-publish","hentry"],"_links":{"self":[{"href":"https:\/\/generales.uprrp.edu\/ciencias-fisicas\/wp-json\/wp\/v2\/pages\/226","targetHints":{"allow":["GET"]}}],"collection":[{"href":"https:\/\/generales.uprrp.edu\/ciencias-fisicas\/wp-json\/wp\/v2\/pages"}],"about":[{"href":"https:\/\/generales.uprrp.edu\/ciencias-fisicas\/wp-json\/wp\/v2\/types\/page"}],"author":[{"embeddable":true,"href":"https:\/\/generales.uprrp.edu\/ciencias-fisicas\/wp-json\/wp\/v2\/users\/2"}],"replies":[{"embeddable":true,"href":"https:\/\/generales.uprrp.edu\/ciencias-fisicas\/wp-json\/wp\/v2\/comments?post=226"}],"version-history":[{"count":5,"href":"https:\/\/generales.uprrp.edu\/ciencias-fisicas\/wp-json\/wp\/v2\/pages\/226\/revisions"}],"predecessor-version":[{"id":420,"href":"https:\/\/generales.uprrp.edu\/ciencias-fisicas\/wp-json\/wp\/v2\/pages\/226\/revisions\/420"}],"wp:attachment":[{"href":"https:\/\/generales.uprrp.edu\/ciencias-fisicas\/wp-json\/wp\/v2\/media?parent=226"}],"curies":[{"name":"wp","href":"https:\/\/api.w.org\/{rel}","templated":true}]}}