{"id":195,"date":"2017-02-21T17:42:05","date_gmt":"2017-02-21T17:42:05","guid":{"rendered":"http:\/\/generalesdv.uprrp.edu\/ciencias-fisicas\/?page_id=195"},"modified":"2017-02-21T17:54:22","modified_gmt":"2017-02-21T17:54:22","slug":"material-audiovisual","status":"publish","type":"page","link":"https:\/\/generales.uprrp.edu\/ciencias-fisicas\/material-audiovisual\/","title":{"rendered":"Material audiovisual"},"content":{"rendered":"<p><b>Pel\u00edculas<\/b><br \/>\nEn hombros de Gigantes. <a href=\"https:\/\/generales.uprrp.edu\/ciencias-fisicas\/wp-content\/uploads\/sites\/8\/2017\/02\/Galileo-en-los-hombros-de-gigantes.pdf\" target=\"_blank\">Ver preguntas gu\u00edas<\/a><br \/>\nGalileo. El desaf\u00edo de la raz\u00f3n. <a href=\"https:\/\/generales.uprrp.edu\/ciencias-fisicas\/wp-content\/uploads\/sites\/8\/2017\/02\/Galileo-El-desafi\u0301o-de-la-razo\u0301n.pdf\" target=\"_blank\">Ver preguntas gu\u00edas<\/a><br \/>\nGiordano Bruno-segmentos. <a href=\"https:\/\/generales.uprrp.edu\/ciencias-fisicas\/wp-content\/uploads\/sites\/8\/2017\/02\/Giordano-Bruno-segmentos.pdf\" target=\"_blank\">Ver preguntas gu\u00edas<\/a><br \/>\nLa Armon\u00eda de los Mundos. <a href=\"https:\/\/generales.uprrp.edu\/ciencias-fisicas\/wp-content\/uploads\/sites\/8\/2017\/02\/La-Armoni\u0301a-de-los-Mundos.pdf\" target=\"_blank\">Ver preguntas gu\u00edas<\/a><br \/>\nEn la Orilla del Oc\u00e9ano C\u00f3smico. <a href=\"https:\/\/generales.uprrp.edu\/ciencias-fisicas\/wp-content\/uploads\/sites\/8\/2017\/02\/En-la-orilla-del-oce\u0301ano-co\u0301smico.pdf\" target=\"_blank\">Ver preguntas gu\u00edas<\/a><br \/>\nNewton in Space. <a href=\"https:\/\/generales.uprrp.edu\/ciencias-fisicas\/wp-content\/uploads\/sites\/8\/2017\/02\/Newton-in-Space.pdf\" target=\"_blank\">Ver preguntas gu\u00edas<\/a><br \/>\nFlight Testing Newton&#8217;s Laws. <a href=\"https:\/\/generales.uprrp.edu\/ciencias-fisicas\/wp-content\/uploads\/sites\/8\/2017\/02\/Flight-Testing-Newton\u2019s-Laws.pdf\" target=\"_blank\">Ver preguntas gu\u00edas<\/a><br \/>\nElectrons at Play. Ver preguntas gu\u00edas<br \/>\nInforme Tierra. <a href=\"https:\/\/generales.uprrp.edu\/ciencias-fisicas\/wp-content\/uploads\/sites\/8\/2017\/02\/Informe-Tierra.pdf\" target=\"_blank\">Ver preguntas gu\u00edas<\/a><br \/>\nSun Splash Ozone. <a href=\"https:\/\/generales.uprrp.edu\/ciencias-fisicas\/wp-content\/uploads\/sites\/8\/2017\/02\/Sun-Splash-Ozone.pdf\" target=\"_blank\">Ver preguntas gu\u00edas<\/a><\/p>\n","protected":false},"excerpt":{"rendered":"<p>Pel\u00edculas En hombros de Gigantes. Ver preguntas gu\u00edas Galileo. El desaf\u00edo de la raz\u00f3n. Ver preguntas gu\u00edas Giordano Bruno-segmentos. Ver preguntas gu\u00edas La Armon\u00eda de los Mundos. Ver preguntas gu\u00edas &hellip; <\/p>\n","protected":false},"author":11,"featured_media":0,"parent":0,"menu_order":0,"comment_status":"closed","ping_status":"closed","template":"","meta":{"footnotes":""},"class_list":["post-195","page","type-page","status-publish","hentry"],"_links":{"self":[{"href":"https:\/\/generales.uprrp.edu\/ciencias-fisicas\/wp-json\/wp\/v2\/pages\/195","targetHints":{"allow":["GET"]}}],"collection":[{"href":"https:\/\/generales.uprrp.edu\/ciencias-fisicas\/wp-json\/wp\/v2\/pages"}],"about":[{"href":"https:\/\/generales.uprrp.edu\/ciencias-fisicas\/wp-json\/wp\/v2\/types\/page"}],"author":[{"embeddable":true,"href":"https:\/\/generales.uprrp.edu\/ciencias-fisicas\/wp-json\/wp\/v2\/users\/11"}],"replies":[{"embeddable":true,"href":"https:\/\/generales.uprrp.edu\/ciencias-fisicas\/wp-json\/wp\/v2\/comments?post=195"}],"version-history":[{"count":4,"href":"https:\/\/generales.uprrp.edu\/ciencias-fisicas\/wp-json\/wp\/v2\/pages\/195\/revisions"}],"predecessor-version":[{"id":209,"href":"https:\/\/generales.uprrp.edu\/ciencias-fisicas\/wp-json\/wp\/v2\/pages\/195\/revisions\/209"}],"wp:attachment":[{"href":"https:\/\/generales.uprrp.edu\/ciencias-fisicas\/wp-json\/wp\/v2\/media?parent=195"}],"curies":[{"name":"wp","href":"https:\/\/api.w.org\/{rel}","templated":true}]}}