{"id":184,"date":"2017-02-21T17:27:43","date_gmt":"2017-02-21T17:27:43","guid":{"rendered":"http:\/\/generalesdv.uprrp.edu\/ciencias-fisicas\/?page_id=184"},"modified":"2025-07-07T13:52:54","modified_gmt":"2025-07-07T13:52:54","slug":"experiencias-de-laboratorio","status":"publish","type":"page","link":"https:\/\/generales.uprrp.edu\/ciencias-fisicas\/experiencias-de-laboratorio\/","title":{"rendered":"Experiencias de laboratorio"},"content":{"rendered":"\t\t<div data-elementor-type=\"wp-page\" data-elementor-id=\"184\" class=\"elementor elementor-184\">\n\t\t\t\t\t\t<section class=\"elementor-section elementor-top-section elementor-element elementor-element-a54ee34 elementor-section-boxed elementor-section-height-default elementor-section-height-default\" data-id=\"a54ee34\" data-element_type=\"section\" data-e-type=\"section\">\n\t\t\t\t\t\t<div class=\"elementor-container elementor-column-gap-default\">\n\t\t\t\t\t<div class=\"elementor-column elementor-col-50 elementor-top-column elementor-element elementor-element-b418341\" data-id=\"b418341\" data-element_type=\"column\" data-e-type=\"column\">\n\t\t\t<div class=\"elementor-widget-wrap elementor-element-populated\">\n\t\t\t\t\t\t<div class=\"elementor-element elementor-element-bdd2df4 elementor-widget elementor-widget-text-editor\" data-id=\"bdd2df4\" data-element_type=\"widget\" data-e-type=\"widget\" data-widget_type=\"text-editor.default\">\n\t\t\t\t<div class=\"elementor-widget-container\">\n\t\t\t\t\t\t\t\t\t<h6><b>Estudio del movimiento<\/b><\/h6><ul><li><span lang=\"ES-CO\">M\u00e9todo de An\u00e1lisis gr\u00e1fico<\/span><\/li><li><span lang=\"ES-CO\">Control de variables y an\u00e1lisis de datos experimentales<\/span><\/li><li><span lang=\"ES-CO\">Estudio del Movimiento<\/span><\/li><li><span lang=\"ES-CO\">Cambio de Posici\u00f3n<\/span><\/li><li><span lang=\"ES-CO\">Movimiento Acelerado<\/span><\/li><li><span lang=\"ES-CO\">P\u00e9ndulo<br \/><\/span><\/li><li><span lang=\"ES-CO\">Caida Libre<br \/><\/span><\/li><li><span lang=\"ES-CO\">Valor num\u00e9rico de la aceleraci\u00f3n de gravedad<\/span><\/li><li><span lang=\"ES-CO\">Cantidades vectoriales y el an\u00e1lisis de datos experimentales<\/span><\/li><li><span lang=\"ES-CO\">La Mesas de Fuerzas minilab. 1<\/span><\/li><li><span lang=\"ES-CO\">La Mesas de Fuerzas minilab. 2<\/span><\/li><li><span lang=\"ES-CO\">La Mesas de Fuerzas minilab. 3<\/span><\/li><li><span lang=\"ES-CO\">La Segunda Ley de Newton<\/span><\/li><li><span lang=\"ES-CO\">Estudio del Comportamientoel\u00e1stico de un resorte<\/span><\/li><li><span lang=\"ES-CO\">Ondas estacionarias en una cuerda<br \/><\/span><\/li><\/ul>\t\t\t\t\t\t\t\t<\/div>\n\t\t\t\t<\/div>\n\t\t\t\t\t<\/div>\n\t\t<\/div>\n\t\t\t\t<div class=\"elementor-column elementor-col-50 elementor-top-column elementor-element elementor-element-ee483ba\" data-id=\"ee483ba\" data-element_type=\"column\" data-e-type=\"column\">\n\t\t\t<div class=\"elementor-widget-wrap elementor-element-populated\">\n\t\t\t\t\t\t<div class=\"elementor-element elementor-element-8e2326a elementor-widget elementor-widget-text-editor\" data-id=\"8e2326a\" data-element_type=\"widget\" data-e-type=\"widget\" data-widget_type=\"text-editor.default\">\n\t\t\t\t<div class=\"elementor-widget-container\">\n\t\t\t\t\t\t\t\t\t<h6><b>Estudio de la materia<\/b><\/h6><ul><li><span lang=\"ES-CO\">Densidad y Peso Espec\u00edfico<\/span><\/li><li><span lang=\"ES-CO\">Calcinaci\u00f3n de un Metal<\/span><\/li><li><span lang=\"ES-CO\">Ley de Proporciones Definidas<\/span><\/li><li><span lang=\"ES-CO\">Electr\u00f3lisis del Agua<\/span><\/li><li><span lang=\"ES-CO\">Comportamiento Cuantitativo de los Gases<\/span><\/li><li><span lang=\"ES-CO\">Ley de Boyle<br \/><\/span><\/li><li><span lang=\"ES-CO\">La Ley de Charles<\/span><\/li><li><span lang=\"ES-CO\">El Cero Absoluto de Temperaturas<\/span><\/li><li><span lang=\"ES-CO\">An\u00e1lisis Cualitativo de Elementos<\/span><\/li><li>Calor Espec\u00edfico<\/li><\/ul><h6><b>Astronom\u00eda de posici\u00f3n <\/b><\/h6><ul><li><span lang=\"ES-CO\">Esferas Terrestres y Coordenadas<\/span><\/li><li><span lang=\"ES-CO\">Observaciones con modelo de cielo<\/span><\/li><li><span lang=\"ES-CO\">Esfera Celeste y Sistema de Refencia<\/span><\/li><li><span lang=\"ES-CO\">Predicciones Astron\u00f3micas<\/span><\/li><li><span lang=\"ES-CO\">Relaciones geom\u00e9tricas y astronom\u00eda de posici\u00f3n<\/span><\/li><li><span lang=\"ES-CO\">Las fases de la luna<\/span><\/li><\/ul>\t\t\t\t\t\t\t\t<\/div>\n\t\t\t\t<\/div>\n\t\t\t\t\t<\/div>\n\t\t<\/div>\n\t\t\t\t\t<\/div>\n\t\t<\/section>\n\t\t\t\t<\/div>\n\t\t","protected":false},"excerpt":{"rendered":"<p>Estudio del movimiento M\u00e9todo de An\u00e1lisis gr\u00e1fico Control de variables y an\u00e1lisis de datos experimentales Estudio del Movimiento Cambio de Posici\u00f3n Movimiento Acelerado P\u00e9ndulo Caida Libre Valor num\u00e9rico de la &hellip; <\/p>\n","protected":false},"author":11,"featured_media":0,"parent":0,"menu_order":0,"comment_status":"closed","ping_status":"closed","template":"","meta":{"footnotes":""},"class_list":["post-184","page","type-page","status-publish","hentry"],"_links":{"self":[{"href":"https:\/\/generales.uprrp.edu\/ciencias-fisicas\/wp-json\/wp\/v2\/pages\/184","targetHints":{"allow":["GET"]}}],"collection":[{"href":"https:\/\/generales.uprrp.edu\/ciencias-fisicas\/wp-json\/wp\/v2\/pages"}],"about":[{"href":"https:\/\/generales.uprrp.edu\/ciencias-fisicas\/wp-json\/wp\/v2\/types\/page"}],"author":[{"embeddable":true,"href":"https:\/\/generales.uprrp.edu\/ciencias-fisicas\/wp-json\/wp\/v2\/users\/11"}],"replies":[{"embeddable":true,"href":"https:\/\/generales.uprrp.edu\/ciencias-fisicas\/wp-json\/wp\/v2\/comments?post=184"}],"version-history":[{"count":4,"href":"https:\/\/generales.uprrp.edu\/ciencias-fisicas\/wp-json\/wp\/v2\/pages\/184\/revisions"}],"predecessor-version":[{"id":1082,"href":"https:\/\/generales.uprrp.edu\/ciencias-fisicas\/wp-json\/wp\/v2\/pages\/184\/revisions\/1082"}],"wp:attachment":[{"href":"https:\/\/generales.uprrp.edu\/ciencias-fisicas\/wp-json\/wp\/v2\/media?parent=184"}],"curies":[{"name":"wp","href":"https:\/\/api.w.org\/{rel}","templated":true}]}}