{"id":111,"date":"2017-02-17T19:03:23","date_gmt":"2017-02-17T19:03:23","guid":{"rendered":"http:\/\/generalesdv.uprrp.edu\/ciencias-fisicas\/?page_id=111"},"modified":"2025-07-03T15:24:18","modified_gmt":"2025-07-03T15:24:18","slug":"laboratorios","status":"publish","type":"page","link":"https:\/\/generales.uprrp.edu\/ciencias-fisicas\/laboratorios\/","title":{"rendered":"Laboratorios"},"content":{"rendered":"<h4><strong>Visi\u00f3n:<\/strong><\/h4>\n<p>Las facilidades buscan motivar y complementar los procesos de ense\u00f1anza y aprendizaje de los cursos de Ciencias F\u00edsicas proveyendo al estudiante experiencias concretas que lo ayuden a reflexionar en torno a la actividad cient\u00edfica y la metodolog\u00eda utilizada en la construcci\u00f3n del conocimiento cient\u00edfico.<\/p>\n<h4><strong>Localizaci\u00f3n:<\/strong><\/h4>\n<p>El Departamento de Ciencias F\u00edsicas cuenta con seis salones de laboratorio ubicados en el cuarto piso del edificio Domingo Marrero Navarro de la Facultad de Estudios Generales.<\/p>\n<h4><strong>Personal:<\/strong><\/h4>\n<p>Germ\u00e1n G\u00f3mez Angarita<br \/>\nT\u00e9cnico de Laboratorio I.<br \/>\nOficina: DMN 417<br \/>\nTel.: (787) 764-0000 X\u00a088702<\/p>\n<p>Eileen Cruz Patrana<br \/>\nCoordinadora<br \/>\nOficina: DMN 418<br \/>\nTel.: (787) 764-0000 X 88734<\/p>\n<h4><strong>Equipo disponible:<\/strong><\/h4>\n<ul>\n<li>Instrumentaci\u00f3n y aparatos para realizar diversas experiencias<\/li>\n<li>Plantilla de videos educativos<\/li>\n<li>Laboratorio computarizado<\/li>\n<li>Modelos y materiales para demostraciones en clase<\/li>\n<\/ul>\n<p>&nbsp;<\/p>\n","protected":false},"excerpt":{"rendered":"<p>Visi\u00f3n: Las facilidades buscan motivar y complementar los procesos de ense\u00f1anza y aprendizaje de los cursos de Ciencias F\u00edsicas proveyendo al estudiante experiencias concretas que lo ayuden a reflexionar en &hellip; <\/p>\n","protected":false},"author":11,"featured_media":0,"parent":0,"menu_order":0,"comment_status":"closed","ping_status":"closed","template":"","meta":{"footnotes":""},"class_list":["post-111","page","type-page","status-publish","hentry"],"_links":{"self":[{"href":"https:\/\/generales.uprrp.edu\/ciencias-fisicas\/wp-json\/wp\/v2\/pages\/111","targetHints":{"allow":["GET"]}}],"collection":[{"href":"https:\/\/generales.uprrp.edu\/ciencias-fisicas\/wp-json\/wp\/v2\/pages"}],"about":[{"href":"https:\/\/generales.uprrp.edu\/ciencias-fisicas\/wp-json\/wp\/v2\/types\/page"}],"author":[{"embeddable":true,"href":"https:\/\/generales.uprrp.edu\/ciencias-fisicas\/wp-json\/wp\/v2\/users\/11"}],"replies":[{"embeddable":true,"href":"https:\/\/generales.uprrp.edu\/ciencias-fisicas\/wp-json\/wp\/v2\/comments?post=111"}],"version-history":[{"count":14,"href":"https:\/\/generales.uprrp.edu\/ciencias-fisicas\/wp-json\/wp\/v2\/pages\/111\/revisions"}],"predecessor-version":[{"id":1072,"href":"https:\/\/generales.uprrp.edu\/ciencias-fisicas\/wp-json\/wp\/v2\/pages\/111\/revisions\/1072"}],"wp:attachment":[{"href":"https:\/\/generales.uprrp.edu\/ciencias-fisicas\/wp-json\/wp\/v2\/media?parent=111"}],"curies":[{"name":"wp","href":"https:\/\/api.w.org\/{rel}","templated":true}]}}