{"id":1061,"date":"2025-07-03T14:59:36","date_gmt":"2025-07-03T14:59:36","guid":{"rendered":"https:\/\/generales.uprrp.edu\/ciencias-fisicas\/?page_id=1061"},"modified":"2025-07-03T15:10:03","modified_gmt":"2025-07-03T15:10:03","slug":"reglas-de-seguridad","status":"publish","type":"page","link":"https:\/\/generales.uprrp.edu\/ciencias-fisicas\/reglas-de-seguridad\/","title":{"rendered":"Reglas de seguridad"},"content":{"rendered":"\t\t<div data-elementor-type=\"wp-page\" data-elementor-id=\"1061\" class=\"elementor elementor-1061\">\n\t\t\t\t\t\t<section class=\"elementor-section elementor-top-section elementor-element elementor-element-60994dd elementor-section-boxed elementor-section-height-default elementor-section-height-default\" data-id=\"60994dd\" data-element_type=\"section\" data-e-type=\"section\">\n\t\t\t\t\t\t<div class=\"elementor-container elementor-column-gap-default\">\n\t\t\t\t\t<div class=\"elementor-column elementor-col-100 elementor-top-column elementor-element elementor-element-687436eb\" data-id=\"687436eb\" data-element_type=\"column\" data-e-type=\"column\">\n\t\t\t<div class=\"elementor-widget-wrap elementor-element-populated\">\n\t\t\t\t\t\t<div class=\"elementor-element elementor-element-3653b6b8 elementor-widget elementor-widget-text-editor\" data-id=\"3653b6b8\" data-element_type=\"widget\" data-e-type=\"widget\" data-widget_type=\"text-editor.default\">\n\t\t\t\t<div class=\"elementor-widget-container\">\n\t\t\t\t\t\t\t\t\t<p>Las experiencias de laboratorio que usted llevar\u00e1 a cabo durante el curso acad\u00e9mico han sido dise\u00f1adas de manera que los riesgos de accidente se reduzcan al m\u00ednimo. Aun as\u00ed, como la posibilidad de que ocurra un accidente est\u00e1 siempre presente en cualquier laboratorio, es necesario que conozca las REGLAS DE SEGURIDAD que deben ser cumplidas en un laboratorio. Es nuestro prop\u00f3sito presentar las reglas b\u00e1sicas de seguridad que deben ser cumplidas en un laboratorio de tal forma que pueda llevar a cabo su experiencia de laboratorio con m\u00ednimo de riesgo para usted y sus compa\u00f1eros.<\/p><p>Le exhortamos a leer y estudiar detenidamente este manual para beneficio de usted y todos los participantes en las experiencias de laboratorio.<\/p>\t\t\t\t\t\t\t\t<\/div>\n\t\t\t\t<\/div>\n\t\t\t\t\t<\/div>\n\t\t<\/div>\n\t\t\t\t\t<\/div>\n\t\t<\/section>\n\t\t\t\t<section class=\"elementor-section elementor-top-section elementor-element elementor-element-905205d elementor-section-boxed elementor-section-height-default elementor-section-height-default\" data-id=\"905205d\" data-element_type=\"section\" data-e-type=\"section\">\n\t\t\t\t\t\t<div class=\"elementor-container elementor-column-gap-default\">\n\t\t\t\t\t<div class=\"elementor-column elementor-col-100 elementor-top-column elementor-element elementor-element-f5a1759\" data-id=\"f5a1759\" data-element_type=\"column\" data-e-type=\"column\">\n\t\t\t<div class=\"elementor-widget-wrap elementor-element-populated\">\n\t\t\t\t\t\t<div class=\"elementor-element elementor-element-72ff6d3 elementor-widget elementor-widget-html\" data-id=\"72ff6d3\" data-element_type=\"widget\" data-e-type=\"widget\" data-widget_type=\"html.default\">\n\t\t\t\t<div class=\"elementor-widget-container\">\n\t\t\t\t\t<iframe src=\"https:\/\/generales.uprrp.edu\/ciencias-fisicas\/wp-content\/uploads\/sites\/8\/2017\/02\/Manual-de-seguridad-CIFI.pdf\" width=\"600\" height=\"780\"><\/iframe>\t\t\t\t<\/div>\n\t\t\t\t<\/div>\n\t\t\t\t\t<\/div>\n\t\t<\/div>\n\t\t\t\t\t<\/div>\n\t\t<\/section>\n\t\t\t\t<\/div>\n\t\t","protected":false},"excerpt":{"rendered":"<p>Las experiencias de laboratorio que usted llevar\u00e1 a cabo durante el curso acad\u00e9mico han sido dise\u00f1adas de manera que los riesgos de accidente se reduzcan al m\u00ednimo. Aun as\u00ed, como &hellip; <\/p>\n","protected":false},"author":11,"featured_media":0,"parent":0,"menu_order":0,"comment_status":"closed","ping_status":"closed","template":"","meta":{"footnotes":""},"class_list":["post-1061","page","type-page","status-publish","hentry"],"_links":{"self":[{"href":"https:\/\/generales.uprrp.edu\/ciencias-fisicas\/wp-json\/wp\/v2\/pages\/1061","targetHints":{"allow":["GET"]}}],"collection":[{"href":"https:\/\/generales.uprrp.edu\/ciencias-fisicas\/wp-json\/wp\/v2\/pages"}],"about":[{"href":"https:\/\/generales.uprrp.edu\/ciencias-fisicas\/wp-json\/wp\/v2\/types\/page"}],"author":[{"embeddable":true,"href":"https:\/\/generales.uprrp.edu\/ciencias-fisicas\/wp-json\/wp\/v2\/users\/11"}],"replies":[{"embeddable":true,"href":"https:\/\/generales.uprrp.edu\/ciencias-fisicas\/wp-json\/wp\/v2\/comments?post=1061"}],"version-history":[{"count":4,"href":"https:\/\/generales.uprrp.edu\/ciencias-fisicas\/wp-json\/wp\/v2\/pages\/1061\/revisions"}],"predecessor-version":[{"id":1068,"href":"https:\/\/generales.uprrp.edu\/ciencias-fisicas\/wp-json\/wp\/v2\/pages\/1061\/revisions\/1068"}],"wp:attachment":[{"href":"https:\/\/generales.uprrp.edu\/ciencias-fisicas\/wp-json\/wp\/v2\/media?parent=1061"}],"curies":[{"name":"wp","href":"https:\/\/api.w.org\/{rel}","templated":true}]}}