{"id":1058,"date":"2025-07-03T14:57:10","date_gmt":"2025-07-03T14:57:10","guid":{"rendered":"https:\/\/generales.uprrp.edu\/ciencias-fisicas\/?page_id=1058"},"modified":"2025-07-03T14:57:10","modified_gmt":"2025-07-03T14:57:10","slug":"solicitud-de-servicios","status":"publish","type":"page","link":"https:\/\/generales.uprrp.edu\/ciencias-fisicas\/solicitud-de-servicios\/","title":{"rendered":"Solicitud de servicios"},"content":{"rendered":"<p>La siguiente es una forma electr\u00f3nica para facilitar someter semanalmente las solicitudes de servicios que se prestan en los laboratorios del Departamento de Ciencias F\u00edsicas.<\/p>\n<p>INSTRUCCIONES PARA SOLICITAR SERVICIOS LABORATORIOS CIFI<\/p>\n<ol>\n<li>Someta semanalmente una forma por cada secci\u00f3n de laboratorio que usted tenga a cargo.<\/li>\n<li>FECHA L\u00cdMITE para solicitar servicios: JUEVES de la semana anterior a la fecha en que se realizar\u00e1 el servicio, hasta el medio d\u00eda.<\/li>\n<li>Para laboratorios y\/o experiencias especiales, por favor consulte con anticipaci\u00f3n con la coordinadora y el t\u00e9cnico de laboratorio.<\/li>\n<\/ol>\n<p><a href=\"https:\/\/docs.google.com\/forms\/d\/e\/1FAIpQLScHkr5SkRVC3UBl9YBL-qIRWAnZJmZ-Pk8MuRhv-rV3LRK5eA\/viewform?c=0&amp;w=1\" target=\"_blank\" rel=\"noopener\">Llenar solicitud de servicios<\/a><\/p>\n<div><\/div>\n","protected":false},"excerpt":{"rendered":"<p>La siguiente es una forma electr\u00f3nica para facilitar someter semanalmente las solicitudes de servicios que se prestan en los laboratorios del Departamento de Ciencias F\u00edsicas. INSTRUCCIONES PARA SOLICITAR SERVICIOS LABORATORIOS &hellip; <\/p>\n","protected":false},"author":11,"featured_media":0,"parent":0,"menu_order":0,"comment_status":"closed","ping_status":"closed","template":"","meta":{"footnotes":""},"class_list":["post-1058","page","type-page","status-publish","hentry"],"_links":{"self":[{"href":"https:\/\/generales.uprrp.edu\/ciencias-fisicas\/wp-json\/wp\/v2\/pages\/1058","targetHints":{"allow":["GET"]}}],"collection":[{"href":"https:\/\/generales.uprrp.edu\/ciencias-fisicas\/wp-json\/wp\/v2\/pages"}],"about":[{"href":"https:\/\/generales.uprrp.edu\/ciencias-fisicas\/wp-json\/wp\/v2\/types\/page"}],"author":[{"embeddable":true,"href":"https:\/\/generales.uprrp.edu\/ciencias-fisicas\/wp-json\/wp\/v2\/users\/11"}],"replies":[{"embeddable":true,"href":"https:\/\/generales.uprrp.edu\/ciencias-fisicas\/wp-json\/wp\/v2\/comments?post=1058"}],"version-history":[{"count":1,"href":"https:\/\/generales.uprrp.edu\/ciencias-fisicas\/wp-json\/wp\/v2\/pages\/1058\/revisions"}],"predecessor-version":[{"id":1059,"href":"https:\/\/generales.uprrp.edu\/ciencias-fisicas\/wp-json\/wp\/v2\/pages\/1058\/revisions\/1059"}],"wp:attachment":[{"href":"https:\/\/generales.uprrp.edu\/ciencias-fisicas\/wp-json\/wp\/v2\/media?parent=1058"}],"curies":[{"name":"wp","href":"https:\/\/api.w.org\/{rel}","templated":true}]}}