{"id":103,"date":"2017-02-17T18:53:03","date_gmt":"2017-02-17T18:53:03","guid":{"rendered":"http:\/\/generalesdv.uprrp.edu\/ciencias-fisicas\/?page_id=103"},"modified":"2025-02-24T18:50:52","modified_gmt":"2025-02-24T18:50:52","slug":"contactos","status":"publish","type":"page","link":"https:\/\/generales.uprrp.edu\/ciencias-fisicas\/contactos\/","title":{"rendered":"Contactos"},"content":{"rendered":"<p>Dr. Pl\u00e1cido G\u00f3mez Ram\u00edrez<br \/>\nDirector Interino<br \/>\nplacido.gomez@upr.edu<br \/>\nExt. 88734<\/p>\n<p>Sr. Germ\u00e1n G\u00f3mez Angarita<br \/>\nT\u00e9cnico de Laboratorio<br \/>\ngerman.gomez@upr.edu<br \/>\nExt. 88702<\/p>\n<p>Dra. Mayra E. Lebr\u00f3n Santos<br \/>\nLaboratorio de Investigaci\u00f3n<br \/>\nmayra.lebron3@upr.edu<br \/>\nExt. 88704<\/p>\n<p><strong>Tel\u00e9fonos:<\/strong><br \/>\n(787) 764-0000 ext. 88700 y 88734<\/p>\n<p><strong>Horario:<\/strong><br \/>\n8:00 am &#8211; 12:00 md<br \/>\n1:00 pm &#8211; 4:30 pm<\/p>\n<p><strong>Ubicaci\u00f3n de oficina departamental<\/strong><br \/>\nEdificio Domingo Marrero Navarro,<br \/>\n4to Piso, Oficina 418<br \/>\nFacultad de Estudios Generales<\/p>\n<p><strong>Direcci\u00f3n postal<\/strong><br \/>\nFacultad de Estudios Generales<br \/>\nDepartamento de Ciencias F\u00edsicas<br \/>\n12 Ave. Universidad Ste. 1201<br \/>\nSan Juan, PR 00925-2532<\/p>\n","protected":false},"excerpt":{"rendered":"<p>Dr. Pl\u00e1cido G\u00f3mez Ram\u00edrez Director Interino placido.gomez@upr.edu Ext. 88734 Sr. Germ\u00e1n G\u00f3mez Angarita T\u00e9cnico de Laboratorio german.gomez@upr.edu Ext. 88702 Dra. Mayra E. Lebr\u00f3n Santos Laboratorio de Investigaci\u00f3n mayra.lebron3@upr.edu Ext. 88704 &hellip; <\/p>\n","protected":false},"author":11,"featured_media":0,"parent":0,"menu_order":0,"comment_status":"closed","ping_status":"closed","template":"","meta":{"footnotes":""},"class_list":["post-103","page","type-page","status-publish","hentry"],"_links":{"self":[{"href":"https:\/\/generales.uprrp.edu\/ciencias-fisicas\/wp-json\/wp\/v2\/pages\/103","targetHints":{"allow":["GET"]}}],"collection":[{"href":"https:\/\/generales.uprrp.edu\/ciencias-fisicas\/wp-json\/wp\/v2\/pages"}],"about":[{"href":"https:\/\/generales.uprrp.edu\/ciencias-fisicas\/wp-json\/wp\/v2\/types\/page"}],"author":[{"embeddable":true,"href":"https:\/\/generales.uprrp.edu\/ciencias-fisicas\/wp-json\/wp\/v2\/users\/11"}],"replies":[{"embeddable":true,"href":"https:\/\/generales.uprrp.edu\/ciencias-fisicas\/wp-json\/wp\/v2\/comments?post=103"}],"version-history":[{"count":21,"href":"https:\/\/generales.uprrp.edu\/ciencias-fisicas\/wp-json\/wp\/v2\/pages\/103\/revisions"}],"predecessor-version":[{"id":970,"href":"https:\/\/generales.uprrp.edu\/ciencias-fisicas\/wp-json\/wp\/v2\/pages\/103\/revisions\/970"}],"wp:attachment":[{"href":"https:\/\/generales.uprrp.edu\/ciencias-fisicas\/wp-json\/wp\/v2\/media?parent=103"}],"curies":[{"name":"wp","href":"https:\/\/api.w.org\/{rel}","templated":true}]}}