{"id":60,"date":"2017-02-16T12:35:11","date_gmt":"2017-02-16T12:35:11","guid":{"rendered":"http:\/\/generalesdv.uprrp.edu\/ciencias-biologicas\/?page_id=60"},"modified":"2023-02-01T15:34:44","modified_gmt":"2023-02-01T15:34:44","slug":"contactos","status":"publish","type":"page","link":"https:\/\/generales.uprrp.edu\/ciencias-biologicas\/contactos\/","title":{"rendered":"Informaci\u00f3n de contacto"},"content":{"rendered":"<p><strong>Personal Administrativo<\/strong><\/p>\n<p>Dr. Gerardo Arroyo Cruzado,<br \/>\nDirector Interino<br \/>\ngerardo.arroyo1@upr.edu<br \/>\nExts. 88687, 88689<\/p>\n<p>Sra. Indira Miranda Mariano,<br \/>\nSecretaria Administrativa IV<br \/>\nindira.miranda@upr.edu<br \/>\nExt. 88650<\/p>\n<p>Julio Calder\u00f3n Iglesias,<br \/>\nT\u00e9cnico de Laboratorio<br \/>\njulio.calderon1@upr.edu<br \/>\nExt. 88653<\/p>\n<p>Jorge Rodr\u00edguez Echegaray,<br \/>\nT\u00e9cnico de Laboratorio<br \/>\njorge.rodriguez49@upr.edu<br \/>\nExt. 88654<\/p>\n<p><strong>Ubicaci\u00f3n<\/strong><\/p>\n<p>Edificio Domingo Marrero Navarro,<br \/>\nCuarto Piso, Oficina 407<br \/>\nFacultad de Estudios Generales<\/p>\n<p><strong>Direcci\u00f3n postal<\/strong><\/p>\n<p>Departamento de Ciencias Biol\u00f3gicas<br \/>\nFacultad de Estudios Generales<br \/>\n12 Ave. Universidad Ste 1201<br \/>\nSan Juan, P.R.\u00a0 00925-2532<\/p>\n<p><strong>Tel\u00e9fonos<\/strong><\/p>\n<p>787-764-0000<br \/>\nExts: 88650, 88689<\/p>\n<p><strong>Correo-e:<\/strong> cibi.generales@upr.edu<\/p>\n<p>&nbsp;<\/p>\n<p>&nbsp;<\/p>\n","protected":false},"excerpt":{"rendered":"<p>Personal Administrativo Dr. Gerardo Arroyo Cruzado, Director Interino gerardo.arroyo1@upr.edu Exts. 88687, 88689 Sra. Indira Miranda Mariano, Secretaria Administrativa IV indira.miranda@upr.edu Ext. 88650 Julio Calder\u00f3n Iglesias, T\u00e9cnico de Laboratorio julio.calderon1@upr.edu Ext. 88653 Jorge Rodr\u00edguez Echegaray, T\u00e9cnico de Laboratorio jorge.rodriguez49@upr.edu Ext. 88654 Ubicaci\u00f3n Edificio Domingo Marrero Navarro, Cuarto Piso, Oficina 407 Facultad de Estudios Generales Direcci\u00f3n postal<\/p>\n","protected":false},"author":11,"featured_media":0,"parent":0,"menu_order":0,"comment_status":"closed","ping_status":"closed","template":"","meta":{"footnotes":""},"class_list":["post-60","page","type-page","status-publish"],"amp_enabled":true,"_links":{"self":[{"href":"https:\/\/generales.uprrp.edu\/ciencias-biologicas\/wp-json\/wp\/v2\/pages\/60","targetHints":{"allow":["GET"]}}],"collection":[{"href":"https:\/\/generales.uprrp.edu\/ciencias-biologicas\/wp-json\/wp\/v2\/pages"}],"about":[{"href":"https:\/\/generales.uprrp.edu\/ciencias-biologicas\/wp-json\/wp\/v2\/types\/page"}],"author":[{"embeddable":true,"href":"https:\/\/generales.uprrp.edu\/ciencias-biologicas\/wp-json\/wp\/v2\/users\/11"}],"replies":[{"embeddable":true,"href":"https:\/\/generales.uprrp.edu\/ciencias-biologicas\/wp-json\/wp\/v2\/comments?post=60"}],"version-history":[{"count":15,"href":"https:\/\/generales.uprrp.edu\/ciencias-biologicas\/wp-json\/wp\/v2\/pages\/60\/revisions"}],"predecessor-version":[{"id":432,"href":"https:\/\/generales.uprrp.edu\/ciencias-biologicas\/wp-json\/wp\/v2\/pages\/60\/revisions\/432"}],"wp:attachment":[{"href":"https:\/\/generales.uprrp.edu\/ciencias-biologicas\/wp-json\/wp\/v2\/media?parent=60"}],"curies":[{"name":"wp","href":"https:\/\/api.w.org\/{rel}","templated":true}]}}