{"id":54,"date":"2017-02-15T18:33:21","date_gmt":"2017-02-15T18:33:21","guid":{"rendered":"http:\/\/generalesdv.uprrp.edu\/ciencias-biologicas\/?page_id=54"},"modified":"2017-03-01T15:24:03","modified_gmt":"2017-03-01T15:24:03","slug":"mision-y-metas","status":"publish","type":"page","link":"https:\/\/generales.uprrp.edu\/ciencias-biologicas\/mision-y-metas\/","title":{"rendered":"Misi\u00f3n y metas"},"content":{"rendered":"<p align=\"justify\"><span style=\"font-family: Trebuchet MS;font-size: medium\"><strong>Misi\u00f3n<\/strong><\/span><\/p>\n<p align=\"justify\"><span style=\"font-family: Trebuchet MS;font-size: normal\">El Departamento de Ciencias Biol\u00f3gicas de la Facultad de Estudios Generales tiene como misi\u00f3n: el desarrollar en el estudiante universitario las destrezas intelectuales, de investigaci\u00f3n y cognoscitivas dentro del \u00e1rea de las Ciencias Biol\u00f3gicas; el promover experiencias educativas que capaciten al estudiante para tomar decisiones informadas en situaciones que inciden sobre su vida y el fomentar una actitud de respeto hacia otros seres vivos y el ambiente. Al privilegiar el m\u00e9todo dial\u00f3gico como estrategia de ense\u00f1anza-aprendizaje en los cursos, se enfatiza el car\u00e1cter interdisciplinario de los temas discutidos.<\/span><\/p>\n<p align=\"justify\"><span style=\"font-family: Trebuchet MS;font-size: medium\"><strong>Meta<\/strong><\/span><\/p>\n<p align=\"justify\"><span style=\"font-family: Trebuchet MS;font-size: normal\">La meta del Departamento es contribuir a la formaci\u00f3n del estudiante como ser humano mediante el estudio de las Ciencias Biol\u00f3gicas como \u00e1rea particular en el campo del saber.<\/span><\/p>\n","protected":false},"excerpt":{"rendered":"<p>Misi\u00f3n El Departamento de Ciencias Biol\u00f3gicas de la Facultad de Estudios Generales tiene como misi\u00f3n: el desarrollar en el estudiante universitario las destrezas intelectuales, de investigaci\u00f3n y cognoscitivas dentro del \u00e1rea de las Ciencias Biol\u00f3gicas; el promover experiencias educativas que capaciten al estudiante para tomar decisiones informadas en situaciones que inciden sobre su vida y<\/p>\n","protected":false},"author":11,"featured_media":0,"parent":0,"menu_order":0,"comment_status":"closed","ping_status":"closed","template":"","meta":{"footnotes":""},"class_list":["post-54","page","type-page","status-publish"],"amp_enabled":true,"_links":{"self":[{"href":"https:\/\/generales.uprrp.edu\/ciencias-biologicas\/wp-json\/wp\/v2\/pages\/54","targetHints":{"allow":["GET"]}}],"collection":[{"href":"https:\/\/generales.uprrp.edu\/ciencias-biologicas\/wp-json\/wp\/v2\/pages"}],"about":[{"href":"https:\/\/generales.uprrp.edu\/ciencias-biologicas\/wp-json\/wp\/v2\/types\/page"}],"author":[{"embeddable":true,"href":"https:\/\/generales.uprrp.edu\/ciencias-biologicas\/wp-json\/wp\/v2\/users\/11"}],"replies":[{"embeddable":true,"href":"https:\/\/generales.uprrp.edu\/ciencias-biologicas\/wp-json\/wp\/v2\/comments?post=54"}],"version-history":[{"count":2,"href":"https:\/\/generales.uprrp.edu\/ciencias-biologicas\/wp-json\/wp\/v2\/pages\/54\/revisions"}],"predecessor-version":[{"id":73,"href":"https:\/\/generales.uprrp.edu\/ciencias-biologicas\/wp-json\/wp\/v2\/pages\/54\/revisions\/73"}],"wp:attachment":[{"href":"https:\/\/generales.uprrp.edu\/ciencias-biologicas\/wp-json\/wp\/v2\/media?parent=54"}],"curies":[{"name":"wp","href":"https:\/\/api.w.org\/{rel}","templated":true}]}}