{"id":41,"date":"2017-02-15T18:22:54","date_gmt":"2017-02-15T18:22:54","guid":{"rendered":"http:\/\/generalesdv.uprrp.edu\/ciencias-biologicas\/?page_id=41"},"modified":"2017-02-16T17:17:50","modified_gmt":"2017-02-16T17:17:50","slug":"objetivos","status":"publish","type":"page","link":"https:\/\/generales.uprrp.edu\/ciencias-biologicas\/objetivos\/","title":{"rendered":"Objetivos"},"content":{"rendered":"<ul>\n<li><span style=\"font-family: Trebuchet MS;font-size: normal\">Ampliar y refinar la cultura cient\u00edfica de los estudiantes desde la perspectiva de la ense\u00f1anza de las Ciencias Biol\u00f3gicas.<\/span><\/li>\n<li>\n<div align=\"justify\"><span style=\"font-family: Trebuchet MS;font-size: normal\"><span style=\"font-family: Trebuchet MS\">Reconocer el campo de la biolog\u00eda en t\u00e9rminos de sus fundamentos conceptuales y elementos cognoscitivos.<\/span><\/span><\/div>\n<\/li>\n<li>\n<div align=\"justify\"><span style=\"font-family: Trebuchet MS;font-size: normal\"><span style=\"font-family: Trebuchet MS\">Contribuir al desarrollo de destrezas intelectuales para aplicarlas en la soluci\u00f3n de problemas.<\/span><\/span><\/div>\n<\/li>\n<li>\n<div align=\"justify\"><span style=\"font-family: Trebuchet MS;font-size: normal\"><span style=\"font-family: Trebuchet MS\">Evaluar las consecuencias de las acciones del ser humano sobre el ambiente interno y externo para formular alternativas deseables dirigidas a mejorar la calidad de vida.<\/span><\/span><\/div>\n<\/li>\n<li>\n<div align=\"justify\"><span style=\"font-family: Trebuchet MS;font-size: normal\"><span style=\"font-family: Trebuchet MS\">Destacar la importancia \u00e9tico moral del ser humano como integrante biol\u00f3gico de un sistema natural.<\/span><\/span><\/div>\n<\/li>\n<li>\n<div align=\"justify\"><span style=\"font-family: Trebuchet MS;font-size: normal\"><span style=\"font-family: Trebuchet MS\">Reconocer que el estudio del conocimiento biol\u00f3gico facilita formar y modificar actitudes hacia la biolog\u00eda, la salud, el quehacer cient\u00edfico y el sistema natural al que pertenecemos.<\/span><\/span><\/div>\n<\/li>\n<li>\n<div align=\"justify\"><span style=\"font-family: Trebuchet MS;font-size: normal\"><span style=\"font-family: Trebuchet MS\">Fomentar estilos de vida y h\u00e1bitos de consumo orientados hacia el desarrollo de una conciencia ambiental que promueva la conservaci\u00f3n de nuestro entorno.<\/span><\/span><\/div>\n<\/li>\n<li>\n<div align=\"justify\"><span style=\"font-family: Trebuchet MS;font-size: normal\"><span style=\"font-family: Trebuchet MS\">Integrar el conocimiento biol\u00f3gico con las dem\u00e1s \u00e1reas del saber que constituyen el programa de estudios de la Facultad de Estudios Generales.<\/span><\/span><\/div>\n<\/li>\n<\/ul>\n","protected":false},"excerpt":{"rendered":"<p>Ampliar y refinar la cultura cient\u00edfica de los estudiantes desde la perspectiva de la ense\u00f1anza de las Ciencias Biol\u00f3gicas. Reconocer el campo de la biolog\u00eda en t\u00e9rminos de sus fundamentos conceptuales y elementos cognoscitivos. Contribuir al desarrollo de destrezas intelectuales para aplicarlas en la soluci\u00f3n de problemas. Evaluar las consecuencias de las acciones del ser<\/p>\n","protected":false},"author":11,"featured_media":0,"parent":0,"menu_order":0,"comment_status":"closed","ping_status":"closed","template":"","meta":{"footnotes":""},"class_list":["post-41","page","type-page","status-publish"],"amp_enabled":true,"_links":{"self":[{"href":"https:\/\/generales.uprrp.edu\/ciencias-biologicas\/wp-json\/wp\/v2\/pages\/41","targetHints":{"allow":["GET"]}}],"collection":[{"href":"https:\/\/generales.uprrp.edu\/ciencias-biologicas\/wp-json\/wp\/v2\/pages"}],"about":[{"href":"https:\/\/generales.uprrp.edu\/ciencias-biologicas\/wp-json\/wp\/v2\/types\/page"}],"author":[{"embeddable":true,"href":"https:\/\/generales.uprrp.edu\/ciencias-biologicas\/wp-json\/wp\/v2\/users\/11"}],"replies":[{"embeddable":true,"href":"https:\/\/generales.uprrp.edu\/ciencias-biologicas\/wp-json\/wp\/v2\/comments?post=41"}],"version-history":[{"count":4,"href":"https:\/\/generales.uprrp.edu\/ciencias-biologicas\/wp-json\/wp\/v2\/pages\/41\/revisions"}],"predecessor-version":[{"id":75,"href":"https:\/\/generales.uprrp.edu\/ciencias-biologicas\/wp-json\/wp\/v2\/pages\/41\/revisions\/75"}],"wp:attachment":[{"href":"https:\/\/generales.uprrp.edu\/ciencias-biologicas\/wp-json\/wp\/v2\/media?parent=41"}],"curies":[{"name":"wp","href":"https:\/\/api.w.org\/{rel}","templated":true}]}}