{"id":271,"date":"2020-02-04T17:39:43","date_gmt":"2020-02-04T17:39:43","guid":{"rendered":"http:\/\/generales.uprrp.edu\/ciencias-biologicas\/?page_id=271"},"modified":"2020-02-04T18:12:43","modified_gmt":"2020-02-04T18:12:43","slug":"ejercicios-medulares","status":"publish","type":"page","link":"https:\/\/generales.uprrp.edu\/ciencias-biologicas\/ejercicios-medulares\/","title":{"rendered":"Ejercicios medulares"},"content":{"rendered":"<p><strong>Ejercicios medulares que se ofrecen en todos los cursos de laboratorio de CIBI (revisados por el Comit\u00e9 de curr\u00edculo)<\/strong><\/p>\n<ol>\n<li><a href=\"https:\/\/generales.uprrp.edu\/ciencias-biologicas\/wp-content\/uploads\/sites\/7\/2020\/02\/Aplicacio\u0301n-del-Me\u0301todo-Cienti\u0301fico-disolucio\u0301n-de-una-pastilla-efervescente-Versio\u0301n-final.pdf\" target=\"_blank\" rel=\"noopener noreferrer\">Aplicaci\u00f3n del m\u00e9todo cient\u00edfico: disoluci\u00f3n de una pastilla efervescente.<\/a><\/li>\n<li><a href=\"https:\/\/generales.uprrp.edu\/ciencias-biologicas\/wp-content\/uploads\/sites\/7\/2020\/02\/Fortaleciendo-las-competencias-de-informacio\u0301n-en-el-curso-de-Ciencias-Biolo\u0301gicas-Versio\u0301n-final.pdf\" target=\"_blank\" rel=\"noopener noreferrer\">Fortalecimiento de las competencias de informaci\u00f3n en el curso de Ciencias Biol\u00f3gicas<\/a><\/li>\n<li><a href=\"https:\/\/generales.uprrp.edu\/ciencias-biologicas\/wp-content\/uploads\/sites\/7\/2020\/02\/Uso-y-manejo-del-microscopio-Versio\u0301n-final.pdf\" target=\"_blank\" rel=\"noopener noreferrer\">Uso y manejo del microscopio.<\/a><\/li>\n<\/ol>\n","protected":false},"excerpt":{"rendered":"<p>Ejercicios medulares que se ofrecen en todos los cursos de laboratorio de CIBI (revisados por el Comit\u00e9 de curr\u00edculo) Aplicaci\u00f3n del m\u00e9todo cient\u00edfico: disoluci\u00f3n de una pastilla efervescente. Fortalecimiento de las competencias de informaci\u00f3n en el curso de Ciencias Biol\u00f3gicas Uso y manejo del microscopio.<\/p>\n","protected":false},"author":11,"featured_media":0,"parent":0,"menu_order":0,"comment_status":"closed","ping_status":"closed","template":"","meta":{"footnotes":""},"class_list":["post-271","page","type-page","status-publish"],"amp_enabled":true,"_links":{"self":[{"href":"https:\/\/generales.uprrp.edu\/ciencias-biologicas\/wp-json\/wp\/v2\/pages\/271","targetHints":{"allow":["GET"]}}],"collection":[{"href":"https:\/\/generales.uprrp.edu\/ciencias-biologicas\/wp-json\/wp\/v2\/pages"}],"about":[{"href":"https:\/\/generales.uprrp.edu\/ciencias-biologicas\/wp-json\/wp\/v2\/types\/page"}],"author":[{"embeddable":true,"href":"https:\/\/generales.uprrp.edu\/ciencias-biologicas\/wp-json\/wp\/v2\/users\/11"}],"replies":[{"embeddable":true,"href":"https:\/\/generales.uprrp.edu\/ciencias-biologicas\/wp-json\/wp\/v2\/comments?post=271"}],"version-history":[{"count":3,"href":"https:\/\/generales.uprrp.edu\/ciencias-biologicas\/wp-json\/wp\/v2\/pages\/271\/revisions"}],"predecessor-version":[{"id":285,"href":"https:\/\/generales.uprrp.edu\/ciencias-biologicas\/wp-json\/wp\/v2\/pages\/271\/revisions\/285"}],"wp:attachment":[{"href":"https:\/\/generales.uprrp.edu\/ciencias-biologicas\/wp-json\/wp\/v2\/media?parent=271"}],"curies":[{"name":"wp","href":"https:\/\/api.w.org\/{rel}","templated":true}]}}