{"id":146,"date":"2018-06-26T12:33:45","date_gmt":"2018-06-26T12:33:45","guid":{"rendered":"http:\/\/generales.uprrp.edu\/ciencias-biologicas\/?page_id=146"},"modified":"2020-02-04T18:30:50","modified_gmt":"2020-02-04T18:30:50","slug":"cibi-3026-2","status":"publish","type":"page","link":"https:\/\/generales.uprrp.edu\/ciencias-biologicas\/cibi-3026-2\/","title":{"rendered":"CIBI 3026"},"content":{"rendered":"<p><strong>Ejercicios recomendados para los cursos de CIBI 3026 y sus equivalentes <\/strong><strong>(revisados por el Comit\u00e9 de Curr\u00edculo)<\/strong><\/p>\n<p><strong>CIBI 3026: Fundamento de Biolog\u00eda:\u00a0 organizaci\u00f3n y homeostasis de los organismos (3 cr\u00e9ditos)<\/strong> Este curso tiene como meta contribuir a la formaci\u00f3n integral del estudiante mediante el estudio de las ciencias biol\u00f3gicas desde una perspectiva multi e interdisciplinaria<b>. <\/b>Se privilegia el m\u00e9todo dial\u00f3gico y se utilizan la tecnolog\u00eda, el an\u00e1lisis de lecturas, la investigaci\u00f3n, las experiencias de laboratorio y la ense\u00f1anza-aprendizaje cooperativo. Se estimula el desarrollo de destrezas que le permitan al estudiante un mejor entendimiento del mundo y de s\u00ed mismo. Se\u00a0 discuten y analizan los temas: naturaleza y metodolog\u00eda de la ciencia, naturaleza de las ciencias biol\u00f3gicas, caracter\u00edsticas qu\u00edmicas de los organismos, base celular de la vida y homeostasis a nivel organismal. \u00a0Incluye experiencia de laboratorio.<\/p>\n<ol>\n<li><a href=\"https:\/\/generales.uprrp.edu\/ciencias-biologicas\/wp-content\/uploads\/sites\/7\/2020\/02\/La-estadi\u0301stica-en-la-investigacio\u0301n-cienti\u0301fica-Versio\u0301n-final.pdf\" target=\"_blank\" rel=\"noopener noreferrer\">La estad\u00edstica en la investigaci\u00f3n cient\u00edfica.<\/a><\/li>\n<li><a href=\"https:\/\/generales.uprrp.edu\/ciencias-biologicas\/wp-content\/uploads\/sites\/7\/2020\/02\/Compuestos-orga\u0301nicos-presentes-en-alimentos-Versio\u0301n-final.pdf\" target=\"_blank\" rel=\"noopener noreferrer\">Compuestos org\u00e1nicos presentes en los alimentos.<\/a><\/li>\n<li><a href=\"https:\/\/generales.uprrp.edu\/ciencias-biologicas\/wp-content\/uploads\/sites\/7\/2020\/02\/Determinacion-de-valores-de-pH-en-sustancias-caseras-Versio\u0301n-final.pdf\" target=\"_blank\" rel=\"noopener noreferrer\">Determinaci\u00f3n de valores de pH en sustancias caseras.<\/a><\/li>\n<li><a href=\"https:\/\/generales.uprrp.edu\/ciencias-biologicas\/wp-content\/uploads\/sites\/7\/2020\/02\/Estudio-de-celulas-eucarioticas-haciendo-uso-del-microcopio-Versio\u0301n-final-.pdf\" target=\"_blank\" rel=\"noopener noreferrer\">Estudio de c\u00e9lulas eucariotas haciendo uso del microscopio.<\/a><\/li>\n<li><a href=\"https:\/\/generales.uprrp.edu\/ciencias-biologicas\/wp-content\/uploads\/sites\/7\/2020\/02\/Difusio\u0301n-o\u0301smosis-y-plasmo\u0301lisis-Versio\u0301n-final.pdf\" target=\"_blank\" rel=\"noopener noreferrer\">Difusi\u00f3n, \u00f3smosis y plasm\u00f3lisis.<\/a><\/li>\n<li><a href=\"https:\/\/generales.uprrp.edu\/ciencias-biologicas\/wp-content\/uploads\/sites\/7\/2020\/02\/Mitosis-en-la-rai\u0301z-de-la-cebolla-Allium-cepa-Versio\u0301n-final.pdf\" target=\"_blank\" rel=\"noopener noreferrer\">Mitosis en la ra\u00edz de la cebolla (<em>Allium cepa<\/em>).<\/a><\/li>\n<li><a href=\"https:\/\/generales.uprrp.edu\/ciencias-biologicas\/wp-content\/uploads\/sites\/7\/2020\/02\/Estudio-de-tejidos-animales-Versio\u0301n-final.pdf\" target=\"_blank\" rel=\"noopener noreferrer\">Estudio de tejidos animales.<\/a><\/li>\n<\/ol>\n","protected":false},"excerpt":{"rendered":"<p>Ejercicios recomendados para los cursos de CIBI 3026 y sus equivalentes (revisados por el Comit\u00e9 de Curr\u00edculo) CIBI 3026: Fundamento de Biolog\u00eda:\u00a0 organizaci\u00f3n y homeostasis de los organismos (3 cr\u00e9ditos) Este curso tiene como meta contribuir a la formaci\u00f3n integral del estudiante mediante el estudio de las ciencias biol\u00f3gicas desde una perspectiva multi e interdisciplinaria.<\/p>\n","protected":false},"author":11,"featured_media":0,"parent":0,"menu_order":0,"comment_status":"closed","ping_status":"closed","template":"","meta":{"footnotes":""},"class_list":["post-146","page","type-page","status-publish"],"amp_enabled":true,"_links":{"self":[{"href":"https:\/\/generales.uprrp.edu\/ciencias-biologicas\/wp-json\/wp\/v2\/pages\/146","targetHints":{"allow":["GET"]}}],"collection":[{"href":"https:\/\/generales.uprrp.edu\/ciencias-biologicas\/wp-json\/wp\/v2\/pages"}],"about":[{"href":"https:\/\/generales.uprrp.edu\/ciencias-biologicas\/wp-json\/wp\/v2\/types\/page"}],"author":[{"embeddable":true,"href":"https:\/\/generales.uprrp.edu\/ciencias-biologicas\/wp-json\/wp\/v2\/users\/11"}],"replies":[{"embeddable":true,"href":"https:\/\/generales.uprrp.edu\/ciencias-biologicas\/wp-json\/wp\/v2\/comments?post=146"}],"version-history":[{"count":8,"href":"https:\/\/generales.uprrp.edu\/ciencias-biologicas\/wp-json\/wp\/v2\/pages\/146\/revisions"}],"predecessor-version":[{"id":291,"href":"https:\/\/generales.uprrp.edu\/ciencias-biologicas\/wp-json\/wp\/v2\/pages\/146\/revisions\/291"}],"wp:attachment":[{"href":"https:\/\/generales.uprrp.edu\/ciencias-biologicas\/wp-json\/wp\/v2\/media?parent=146"}],"curies":[{"name":"wp","href":"https:\/\/api.w.org\/{rel}","templated":true}]}}